{"id":13803,"date":"2021-02-11T14:03:33","date_gmt":"2021-02-11T12:03:33","guid":{"rendered":"https:\/\/aeroportultransilvania.ro\/conditii-de-calatorie-in-contextul-pandemiei-covid-19\/"},"modified":"2021-02-11T14:03:33","modified_gmt":"2021-02-11T12:03:33","slug":"conditii-de-calatorie-in-contextul-pandemiei-covid-19","status":"publish","type":"page","link":"https:\/\/aeroportultransilvania.ro\/en\/conditii-de-calatorie-in-contextul-pandemiei-covid-19\/","title":{"rendered":"Condi\u021bii de c\u0103l\u0103torie \u00een contextul pandemiei COVID-19"},"content":{"rendered":"<p>Pentru informa\u021bii suplimentare pute\u021bi apela call center-ul COVID-19 al Direc\u021biei de S\u0103n\u0103tate Public\u0103 Mure\u0219\u00a0<strong>021.414.44.65\u00a0<\/strong>(program\u00a0luni \u2013duminic\u0103, \u00eentre orele 08:00\u00a0\u2013 20:00).<\/p>\n<p><span style=\"color: #ff0000;\"><strong>Link-uri utile surse oficiale de informare<\/strong><\/span><\/p>\n<p>Ministerul Afacerilor Externe\u00a0\u2013 sec\u021biunea Aten\u021bion\u0103ri de c\u0103l\u0103torie COVID-19\u00a0 <a href=\"http:\/\/www.mae.ro\/node\/51759\">http:\/\/www.mae.ro\/node\/51759 <em>(pentru persoanele care p\u0103r\u0103sesc teritoriul Rom\u00e2niei)<\/em><\/a><\/p>\n<p><a href=\"http:\/\/www.mae.ro\/node\/51759\">Centrul Na\u021bional\u00a0de Supraveghere \u015fi Control al Bolilor Transmisibile \u2013\u00a0<u>https:\/\/www.cnscbt.ro\/<\/u>, respectiv\u00a0<u>https:\/\/www.cnscbt.ro\/index.php\/liste-zone-afectate-covid-19<\/u> <em>(pentru persoanele\u00a0care sosesc pe teritoriul Rom\u00e2niei)<\/em><\/a><\/p>\n<p><span style=\"color: #ff0000;\"><strong>Condi\u021bii de c\u0103l\u0103torie spre Germania pentru cet\u0103\u021benii care vin din Rom\u00e2nia<\/strong><\/span><\/p>\n<p>Pentru cet\u0103\u021benii care\u00a0c\u0103l\u0103toresc din Rom\u00e2nia spre Germania, informa\u021biile actualizate privind condi\u021biile de c\u0103l\u0103torie pot fi\u00a0reg\u0103site la urm\u0103torul link:\u00a0<a href=\"http:\/\/www.mae.ro\/node\/51913\">http:\/\/www.mae.ro\/node\/51913<\/a>.<\/p>\n<p>Pentru mai multe detalii \u0219i informa\u021bii, pute\u021bi contacta Autoritatea local\u0103 de S\u0103n\u0103tate responsabil\u0103 din fiecare regiune din Germania. Datele de contact ale acesteia pot fi identificate \u00een func\u021bie de codul po\u0219tal al localit\u0103\u021bii pe raza c\u0103reia este efectuat\u0103 carantina, acces\u00e2nd urm\u0103torul link:\u00a0<a href=\"https:\/\/tools.rki.de\/PLZTool\/\">https:\/\/tools.rki.de\/PLZTool<\/a><\/p>\n<p><span style=\"color: #ff0000;\"><strong>Condi\u021bii de c\u0103l\u0103torie spre Marea Britanie pentru cet\u0103\u021benii care vin din Rom\u00e2nia<\/strong><\/span><\/p>\n<p>Pentru cet\u0103\u021benii care\u00a0c\u0103l\u0103toresc din Rom\u00e2nia spre Marea Britanie, informa\u021biile actualizate privind condi\u021biile de c\u0103l\u0103torie pot fi\u00a0reg\u0103site la urm\u0103torul link:\u00a0<a href=\"http:\/\/www.mae.ro\/node\/51935\">http:\/\/www.mae.ro\/node\/51935<\/a>.<\/p>\n<p><span style=\"color: #ff0000;\"><strong>Condi\u021bii de c\u0103l\u0103torie spre alte regiuni pentru cet\u0103\u021benii care vin din Rom\u00e2nia<\/strong><\/span><\/p>\n<p>Pentru cet\u0103\u021benii care\u00a0c\u0103l\u0103toresc din Rom\u00e2nia spre alte regiuni, altele dec\u00e2t statele din Europa, informa\u021biile actualizate privind aten\u021bion\u0103rile \u0219i condi\u021biile de c\u0103l\u0103torie \u00een contextul r\u0103sp\u00e2ndirii infec\u021biei cu COVID-19 pot fi\u00a0reg\u0103site la urm\u0103torul link:\u00a0<a href=\"http:\/\/www.mae.ro\/node\/51982\">http:\/\/www.mae.ro\/node\/51982<\/a>.<\/p>\n<p><span style=\"color: #ff0000;\"><strong>\u2757<\/strong><strong>Recomand\u0103m tuturor pasagerilor consultarea periodic\u0103 a\u00a0informa\u021biilor privind condi\u021biile de c\u0103l\u0103torie c\u0103tre \u021bara\/regiunea de interes, acces\u00e2nd sursele men\u021bionate mai sus.\u00a0<\/strong><\/span><\/p>\n","protected":false},"excerpt":{"rendered":"<p>Pentru informa\u021bii suplimentare pute\u021bi apela call center-ul COVID-19 al Direc\u021biei de S\u0103n\u0103tate Public\u0103 Mure\u0219\u00a0021.414.44.65\u00a0(program\u00a0luni \u2013duminic\u0103, \u00eentre orele 08:00\u00a0\u2013 20:00). Link-uri utile surse oficiale de informare Ministerul Afacerilor Externe\u00a0\u2013 sec\u021biunea Aten\u021bion\u0103ri de c\u0103l\u0103torie COVID-19\u00a0 http:\/\/www.mae.ro\/node\/51759 (pentru persoanele care p\u0103r\u0103sesc teritoriul Rom\u00e2niei) Centrul Na\u021bional\u00a0de Supraveghere \u015fi Control al Bolilor Transmisibile \u2013\u00a0https:\/\/www.cnscbt.ro\/, respectiv\u00a0https:\/\/www.cnscbt.ro\/index.php\/liste-zone-afectate-covid-19 (pentru persoanele\u00a0care sosesc pe teritoriul [&hellip;]<\/p>\n","protected":false},"author":3,"featured_media":0,"parent":0,"menu_order":0,"comment_status":"closed","ping_status":"closed","template":"","meta":{"footnotes":""},"class_list":["post-13803","page","type-page","status-publish","hentry"],"_links":{"self":[{"href":"https:\/\/aeroportultransilvania.ro\/en\/wp-json\/wp\/v2\/pages\/13803"}],"collection":[{"href":"https:\/\/aeroportultransilvania.ro\/en\/wp-json\/wp\/v2\/pages"}],"about":[{"href":"https:\/\/aeroportultransilvania.ro\/en\/wp-json\/wp\/v2\/types\/page"}],"author":[{"embeddable":true,"href":"https:\/\/aeroportultransilvania.ro\/en\/wp-json\/wp\/v2\/users\/3"}],"replies":[{"embeddable":true,"href":"https:\/\/aeroportultransilvania.ro\/en\/wp-json\/wp\/v2\/comments?post=13803"}],"version-history":[{"count":0,"href":"https:\/\/aeroportultransilvania.ro\/en\/wp-json\/wp\/v2\/pages\/13803\/revisions"}],"wp:attachment":[{"href":"https:\/\/aeroportultransilvania.ro\/en\/wp-json\/wp\/v2\/media?parent=13803"}],"curies":[{"name":"wp","href":"https:\/\/api.w.org\/{rel}","templated":true}]}}