{"id":13881,"date":"2021-04-16T16:41:34","date_gmt":"2021-04-16T13:41:34","guid":{"rendered":"https:\/\/aeroportultransilvania.ro\/conditii-de-intrare-in-egipt\/"},"modified":"2021-08-23T12:00:27","modified_gmt":"2021-08-23T09:00:27","slug":"conditii-de-intrare-in-egipt","status":"publish","type":"page","link":"https:\/\/aeroportultransilvania.ro\/en\/conditii-de-intrare-in-egipt\/","title":{"rendered":"Terms for traveling to Egypt"},"content":{"rendered":"<p>Pasagerii care sosesc \u00een Egipt din Rom\u00e2nia trebuie s\u0103 de\u021bin\u0103 un certificat RT &#8211; PCR negativ pentru COVID-19 \u00een care data recolt\u0103rii s\u0103 nu fie mai devreme de 72 de ore fa\u0163\u0103 de ora de aterizare \u00een Egipt sau un certificat de vaccinare finalizat cu 14 zile \u00eenainte de sosire.<\/p>\n<p>Copiii sub 6 ani nu trebuie s\u0103 prezinte un certificat RT &#8211; PCR negativ Corvid -19. Certificatul trebuie emis \u00een limba arab\u0103 sau englez\u0103. Certificatul RT &#8211; PCR negativ pentru COVID-19 trebuie prezentat \u00een original pe h\u00e2rtie \u2013 nu este admis\u0103 copia sau alt\u0103 form\u0103 de prezentare a certificatului (aceast\u0103 condi\u021bie este impus\u0103 de autorit\u0103\u0163ile din Egipt).<\/p>\n<p>Pasagerii care au un zbor interna\u021bional de conexiune din Cairo pe acela\u0219i bilet f\u0103r\u0103 s\u0103 schimbe aeroportul, nu necesit\u0103 test Covid-19 pentru Cairo, \u00eens\u0103 pot avea nevoie de test pentru destina\u021bia final\u0103.<\/p>\n<p><strong>V\u0103 mul\u021bumim pentru \u00een\u021belegere \u015fi v\u0103 dorim c\u0103l\u0103torie pl\u0103cut\u0103!<\/strong><\/p>\n","protected":false},"excerpt":{"rendered":"<p>Pasagerii care sosesc \u00een Egipt din Rom\u00e2nia trebuie s\u0103 de\u021bin\u0103 un certificat RT &#8211; PCR negativ pentru COVID-19 \u00een care data recolt\u0103rii s\u0103 nu fie mai devreme de 72 de ore fa\u0163\u0103 de ora de aterizare \u00een Egipt sau un certificat de vaccinare finalizat cu 14 zile \u00eenainte de sosire. Copiii sub 6 ani nu [&hellip;]<\/p>\n","protected":false},"author":3,"featured_media":0,"parent":0,"menu_order":0,"comment_status":"closed","ping_status":"closed","template":"","meta":{"footnotes":""},"class_list":["post-13881","page","type-page","status-publish","hentry"],"_links":{"self":[{"href":"https:\/\/aeroportultransilvania.ro\/en\/wp-json\/wp\/v2\/pages\/13881"}],"collection":[{"href":"https:\/\/aeroportultransilvania.ro\/en\/wp-json\/wp\/v2\/pages"}],"about":[{"href":"https:\/\/aeroportultransilvania.ro\/en\/wp-json\/wp\/v2\/types\/page"}],"author":[{"embeddable":true,"href":"https:\/\/aeroportultransilvania.ro\/en\/wp-json\/wp\/v2\/users\/3"}],"replies":[{"embeddable":true,"href":"https:\/\/aeroportultransilvania.ro\/en\/wp-json\/wp\/v2\/comments?post=13881"}],"version-history":[{"count":2,"href":"https:\/\/aeroportultransilvania.ro\/en\/wp-json\/wp\/v2\/pages\/13881\/revisions"}],"predecessor-version":[{"id":14438,"href":"https:\/\/aeroportultransilvania.ro\/en\/wp-json\/wp\/v2\/pages\/13881\/revisions\/14438"}],"wp:attachment":[{"href":"https:\/\/aeroportultransilvania.ro\/en\/wp-json\/wp\/v2\/media?parent=13881"}],"curies":[{"name":"wp","href":"https:\/\/api.w.org\/{rel}","templated":true}]}}