{"id":32632,"date":"2023-07-05T09:44:54","date_gmt":"2023-07-05T06:44:54","guid":{"rendered":"https:\/\/aeroportultransilvania.ro\/achizitionare-echipamente-de-siguranta-pentru-aeroportul-transilvania-targu-mures\/"},"modified":"2024-01-12T10:13:18","modified_gmt":"2024-01-12T08:13:18","slug":"achizitionare-echipamente-de-siguranta-pentru-aeroportul-transilvania-targu-mures","status":"publish","type":"page","link":"https:\/\/aeroportultransilvania.ro\/en\/achizitionare-echipamente-de-siguranta-pentru-aeroportul-transilvania-targu-mures\/","title":{"rendered":"Achizi\u021bionare echipamente de siguran\u021b\u0103 pentru Aeroportul Transilvania T\u00e2rgu Mure\u0219"},"content":{"rendered":"<div class=\"wpb-content-wrapper\"><p>[vc_row content_placement=&#8221;middle&#8221; css=&#8221;.vc_custom_1646211726765{margin-bottom: 60px !important;}&#8221;][vc_column width=&#8221;1\/3&#8243;][vc_single_image image=&#8221;15336&#8243; img_size=&#8221;full&#8221; alignment=&#8221;center&#8221;][\/vc_column][vc_column width=&#8221;1\/3&#8243;][vc_single_image image=&#8221;15339&#8243; img_size=&#8221;full&#8221; alignment=&#8221;center&#8221;][\/vc_column][vc_column width=&#8221;1\/3&#8243;][vc_single_image image=&#8221;15342&#8243; img_size=&#8221;full&#8221; alignment=&#8221;center&#8221;][\/vc_column][\/vc_row][vc_row css=&#8221;.vc_custom_1646209658262{margin-bottom: 50px !important;}&#8221;][vc_column][vc_column_text]<\/p>\n<h5 style=\"text-align: center;\"><strong>Proiect &#8220;<\/strong><strong>Achizi\u021bionare echipamente de siguran\u021b\u0103 pentru Aeroportul Transilvania T\u00e2rgu Mure\u0219<\/strong><strong>&#8220;<\/strong><\/h5>\n<p style=\"text-align: center;\"><strong>Cod proiect: 156495<\/strong><\/p>\n<p>[\/vc_column_text][\/vc_column][\/vc_row][vc_row css=&#8221;.vc_custom_1646209681459{margin-bottom: 50px !important;}&#8221;][vc_column width=&#8221;1\/2&#8243;][vc_column_text]<strong>ANUN\u021aURI DE PRES\u0102<\/strong>[\/vc_column_text]<div class=\"row\"><\/div>[\/vc_column][vc_column width=&#8221;1\/2&#8243;][vc_column_text]<strong>\u0218TIRI \u0218I NOUT\u0102\u021aI<\/strong>[\/vc_column_text]<div class=\"row\"><\/div>[\/vc_column][\/vc_row][vc_row][vc_column][vc_column_text]<\/p>\n<h5 style=\"text-align: center;\"><strong>Descriere <\/strong><strong>Proiect &#8220;<\/strong><strong>Achizitionare echipamente de siguran\u021b\u0103 pentru Aeroportul Transilvania T\u00e2rgu Mure\u0219&#8221;<\/strong><\/h5>\n<p style=\"text-align: center;\"><strong>Cod proiect: 156495<br \/>\n<\/strong><\/p>\n<p>[\/vc_column_text][\/vc_column][\/vc_row][vc_row][vc_column][vc_column_text]\u00cen data de 09 Iunie 2023 a fost semnat Contractul de finan\u021bare \u00eentre Ministerul Transporturilor \u0219i Aeroportul Interna\u021bional ,,Transilvania\u201d T\u00e2rgu Mure\u0219 pentru Proiectul,, \u201e Achizitionare echipamente de siguran\u021b\u0103 pentru Aeroportul Transilvania T\u00e2rgu Mure\u0219\u201d, din cadrul Programului Opera\u021bional Infrastructur\u0103 Mare POIM 2014-2020, Axa Prioritar\u0103<\/p>\n<p>2- Dezvoltarea unui sistem de transport multimodal, de calitate, durabil \u0219i eficient,<\/p>\n<p>Obiectiv Specific 2.3.-Cre\u0219terea gradului de utilizare sustenabil\u0103 a aeroporturilor.<\/p>\n<p>Proiectul \u201e Achizitionare echipamente de siguran\u021b\u0103 pentru Aeroportul Transilvania T\u00e2rgu Mure\u0219\u201d-cod MySMIS 156495, este cofinan\u021bat din Fondul European pentru Dezvoltare Regional\u0103 prin Programul Opera\u021bional Infrastructur\u0103 Mare 2014\u20132020.<\/p>\n<p>Perioada de implementare a proiectului 14.11.2022-31.12.2023<\/p>\n<p>Valoarea totala a proiectului este de: 29.930.937,85 lei, din care valoarea cofinantarii UE este \u00een valoare de 24.618.195,26 lei.<\/p>\n<p>Obiectivul general al proiectului const\u0103 \u00een &#8211; Asigurarea unui nivel ridicat al siguran\u021bei pe parcursul desf\u0103\u0219ur\u0103rii activit\u0103\u021bilor de avia\u021bie civil\u0103 pe Aeroportul \u201eTransilvania &#8211; T\u00e2rgu Mure\u0219\u201d \u0219i \u00eembun\u0103t\u0103\u021birea permanent\u0103 a acestora \u00een conformitate cu documentul strategic MPGT \u0219i cu Regulamentul (UE) nr. 139\/2014 de stabilire a cerin\u021belor tehnice \u0219i a procedurilor administrative la aerodromuri prin achizi\u021bionarea a 10 echipamente destinate activit\u0103\u021bilor non-economice p\u00e2n\u0103 \u00een decembrie 2023;.<\/p>\n<p>\u00cen vederea realiz\u0103rii obiectivului general au fost stabilite urm\u0103toarele obiective specifice:<\/p>\n<ol>\n<li>Cre\u0219terea capacit\u0103\u021bii de \u00eentre\u021binere \u0219i salubrizare a Aeroportului \u201eTransilvania &#8211; T\u00e2rgu Mure\u0219\u201d \u00een vederea asigur\u0103rii unui nivel ridicat al siguran\u021bei pe timpul desf\u0103\u0219ur\u0103rii activit\u0103\u021bilor de avia\u021bie civil\u0103 prin achizi\u021bionarea unui Echipament autopropulsat cu gabarit redus pentru m\u0103turare, aspirare \u0219i sp\u0103lare suprafe\u021be exterioare.<\/li>\n<li>Cre\u0219terea capacit\u0103\u021bii de \u00eenre\u021binere \u0219i salubrizare a Aeroportului \u201eTransilvania \u2013 T\u00e2rgu Mure\u0219\u201d \u00een vederea asigur\u0103rii unui nivel ridicat al siguran\u021bei pe timpul desf\u0103\u0219ur\u0103rii activit\u0103\u021bilor de avia\u021bie civil\u0103 prin achizi\u021bionarea unui Echipament autopropulsat de mare capacitate pentru m\u0103turare, aspirare FOD \u0219i sp\u0103lare suprafe\u021be exterioare.<\/li>\n<li>Asigurarea unui nivel ridicat al siguran\u021bei pe tot parcursul desf\u0103\u0219ur\u0103rii activit\u0103\u021bilor de avia\u021bie civil\u0103 pe Aeroportul \u201eTransilvania \u2013 T\u00e2rgu Mure\u0219\u201d prin achizi\u021bionarea unui Echipament autopropulsat pentru \u00eendep\u0103rtarea urmelor de cauciuc (tip rubber remove).<\/li>\n<li>Asigurarea unui nivel ridicat al siguran\u021bei pe parcursul desf\u0103\u0219ur\u0103rii activit\u0103\u021bilor de avia\u021bie civil\u0103 pe Aeroportul \u201eTransilvania \u2013 T\u00e2rgu Mure\u0219\u201d prin achizi\u021bionarea unui Set de echipamente pentru \u00eendep\u0103rtare FOD.<\/li>\n<li>Asigurarea unui nivel ridicat al siguran\u021bei pe parcursul desf\u0103\u0219ur\u0103rii activit\u0103\u021bilor de avia\u021bie civil\u0103 pe Aeroportul \u201eTransilvania \u2013 T\u00e2rgu Mure\u0219\u201d prin achizi\u021bionarea unui Utilaj multifunc\u021bional autopropulsat pentru cosire \u0219i tocare vegeta\u021bie (tip tractor cu accesorii).<\/li>\n<li>Asigurarea unui nivel ridicat al siguran\u021bei pe parcursul desf\u0103\u0219ur\u0103rii activit\u0103\u021bilor de avia\u021bie civil\u0103 pe Aeroportul \u201eTransilvania \u2013 T\u00e2rgu Mure\u0219\u201d prin achizi\u021bionarea unui Utilaj multifunc\u021bional autopropulsat pentru cosire \u0219i tocare, cu bra\u021be articulate \u0219i cositoare.<\/li>\n<li>Cre\u0219terea capacit\u0103\u021bii de gestionare a situa\u021biilor de criz\u0103 pe Aeroportul \u201eTransilvania \u2013 T\u00e2rgu Mure\u0219\u201d prin achizi\u021bionarea unei Autoutilitare punct de comand\u0103 mobil.<\/li>\n<li>Cre\u0219terea capacit\u0103\u021bii de reac\u021bie \u00een vederea asigur\u0103rii unui nivel ridicat al siguran\u021bei pe Aeroportul \u201eTransilvania \u2013 T\u00e2rgu Mure\u0219\u201d prin achizi\u021bionarea unei Ma\u0219ini de interven\u021bie rapid\u0103 PSI pentru situa\u021bii de urgen\u021b\u0103.<\/li>\n<li>Cre\u0219terea capacit\u0103\u021bii de reac\u021bie \u00een vederea asigur\u0103rii unui nivel ridicat al siguran\u021bei pe Aeroportul \u201eTransilvania \u2013 T\u00e2rgu Mure\u0219\u201d prin achizi\u021bionarea unei Autospeciale de stins incendii de aeroport.<\/li>\n<li>Cre\u0219terea capacit\u0103\u021bii de reac\u021bie \u00een vederea asigur\u0103rii unui nivel ridicat al siguran\u021bei pe Aeroportul \u201eTransilvania \u2013 T\u00e2rgu Mure\u0219\u201d prin achizi\u021bionarea unui Autovehicul \u0219i echipamente medicale pentru acordarea primului ajutor (tip Ambulan\u021b\u0103).<\/li>\n<\/ol>\n<p>Beneficiarul proiectului este RA Aeroportul ,,Transilvania &#8211; T\u00e2rgu Mure\u0219\u201d.[\/vc_column_text][\/vc_column][\/vc_row][vc_row][vc_column width=&#8221;1\/2&#8243;][vc_column_text]Con\u021binutul acestui material nu reprezint\u0103 \u00een mod obligatoriu pozi\u021bia oficial\u0103 a Uniunii Europene sau a Guvernului Rom\u00e2niei[\/vc_column_text][\/vc_column][vc_column width=&#8221;1\/2&#8243;][vc_column_text]Pentru informa\u021bii detaliate despre celelalte programe cofinan\u021bate de Uniunea European\u0103, va invit\u0103m s\u0103 vizita\u021bi <a href=\"https:\/\/www.fonduri-ue.ro\/\" target=\"_blank\" rel=\"noopener noreferrer\">www.fonduri-ue.ro<\/a>[\/vc_column_text][\/vc_column][\/vc_row][vc_row content_placement=&#8221;middle&#8221;][vc_column width=&#8221;1\/4&#8243;][\/vc_column][vc_column width=&#8221;1\/4&#8243;][vc_single_image image=&#8221;15377&#8243; img_size=&#8221;full&#8221; alignment=&#8221;center&#8221;][\/vc_column][vc_column width=&#8221;1\/4&#8243;][vc_single_image image=&#8221;15496&#8243; img_size=&#8221;full&#8221; alignment=&#8221;center&#8221;][\/vc_column][vc_column width=&#8221;1\/4&#8243;][\/vc_column][\/vc_row][vc_row][vc_column][vc_column_text]<\/p>\n<p style=\"text-align: center;\">Publicat in 16.06.2023<\/p>\n<p>[\/vc_column_text][\/vc_column][\/vc_row]<\/p>\n<\/div>","protected":false},"excerpt":{"rendered":"<p>[vc_row content_placement=&#8221;middle&#8221; css=&#8221;.vc_custom_1646211726765{margin-bottom: 60px !important;}&#8221;][vc_column width=&#8221;1\/3&#8243;][vc_single_image image=&#8221;15336&#8243; img_size=&#8221;full&#8221; alignment=&#8221;center&#8221;][\/vc_column][vc_column width=&#8221;1\/3&#8243;][vc_single_image image=&#8221;15339&#8243; img_size=&#8221;full&#8221; alignment=&#8221;center&#8221;][\/vc_column][vc_column width=&#8221;1\/3&#8243;][vc_single_image image=&#8221;15342&#8243; img_size=&#8221;full&#8221; alignment=&#8221;center&#8221;][\/vc_column][\/vc_row][vc_row css=&#8221;.vc_custom_1646209658262{margin-bottom: 50px !important;}&#8221;][vc_column][vc_column_text] Proiect &#8220;Achizi\u021bionare echipamente de siguran\u021b\u0103 pentru Aeroportul Transilvania T\u00e2rgu Mure\u0219&#8220; Cod proiect: 156495 [\/vc_column_text][\/vc_column][\/vc_row][vc_row css=&#8221;.vc_custom_1646209681459{margin-bottom: 50px !important;}&#8221;][vc_column width=&#8221;1\/2&#8243;][vc_column_text]ANUN\u021aURI DE PRES\u0102[\/vc_column_text][\/vc_column][vc_column width=&#8221;1\/2&#8243;][vc_column_text]\u0218TIRI \u0218I NOUT\u0102\u021aI[\/vc_column_text][\/vc_column][\/vc_row][vc_row][vc_column][vc_column_text] Descriere Proiect &#8220;Achizitionare echipamente de siguran\u021b\u0103 pentru Aeroportul Transilvania T\u00e2rgu Mure\u0219&#8221; Cod [&hellip;]<\/p>\n","protected":false},"author":3,"featured_media":0,"parent":0,"menu_order":0,"comment_status":"closed","ping_status":"closed","template":"page-templates\/default-without-sidebar.php","meta":{"footnotes":""},"class_list":["post-32632","page","type-page","status-publish","hentry"],"_links":{"self":[{"href":"https:\/\/aeroportultransilvania.ro\/en\/wp-json\/wp\/v2\/pages\/32632"}],"collection":[{"href":"https:\/\/aeroportultransilvania.ro\/en\/wp-json\/wp\/v2\/pages"}],"about":[{"href":"https:\/\/aeroportultransilvania.ro\/en\/wp-json\/wp\/v2\/types\/page"}],"author":[{"embeddable":true,"href":"https:\/\/aeroportultransilvania.ro\/en\/wp-json\/wp\/v2\/users\/3"}],"replies":[{"embeddable":true,"href":"https:\/\/aeroportultransilvania.ro\/en\/wp-json\/wp\/v2\/comments?post=32632"}],"version-history":[{"count":6,"href":"https:\/\/aeroportultransilvania.ro\/en\/wp-json\/wp\/v2\/pages\/32632\/revisions"}],"predecessor-version":[{"id":33898,"href":"https:\/\/aeroportultransilvania.ro\/en\/wp-json\/wp\/v2\/pages\/32632\/revisions\/33898"}],"wp:attachment":[{"href":"https:\/\/aeroportultransilvania.ro\/en\/wp-json\/wp\/v2\/media?parent=32632"}],"curies":[{"name":"wp","href":"https:\/\/api.w.org\/{rel}","templated":true}]}}