{"id":9564,"date":"2018-12-21T14:54:15","date_gmt":"2018-12-21T12:54:15","guid":{"rendered":"https:\/\/aeroportultransilvania.ro\/transport-in-comun\/"},"modified":"2026-05-03T11:13:25","modified_gmt":"2026-05-03T08:13:25","slug":"transfer","status":"publish","type":"page","link":"https:\/\/aeroportultransilvania.ro\/en\/transfer\/","title":{"rendered":"Transfer"},"content":{"rendered":"<div class=\"wpb-content-wrapper\"><p>[vc_row][vc_column][vc_column_text]<\/p>\n<h4><strong>Conectarea Aeroportului \u201eTransilvania \u2013 T\u00e2rgu Mure\u0219\u201d cu centrul ora\u0219ului T\u00e2rgu Mure\u0219 <\/strong><\/h4>\n<p>Stima\u021bi pasageri, avem pl\u0103cerea s\u0103 v\u0103 inform\u0103m faptul c\u0103 \u00eencep\u00e2nd cu 01.07.2023, transferul la \u0219i de la Aeroportul \u201eTransilvania &#8211; T\u00e2rgu Mure\u0219\u201d se poate realiza din centrul ora\u0219ului T\u00e2rgu Mure\u0219 cu operatorul de transport Duda Trans.<\/p>\n<p><strong>Cursa regulat\u0103 va urm\u0103ri programul zborurilor de la aeroport, iar pentru o c\u00e2t mai bun\u0103 localizare de c\u0103tre pasageri, \u00a0sta\u021bia de autobuz amenajat\u0103 cu acest scop se afl\u0103 \u00een centru la intersec\u021bia Pia\u021ba Trandafirilor cu strada Horea.<\/strong><\/p>\n<p><strong>Pentru informa\u021bii suplimentare v\u0103 rug\u0103m s\u0103 apela\u021bi: 0265-977, 0732-445577, 0757-022021<\/strong><\/p>\n<p>Pentru informa\u021bii suplimentare pute\u021bi apela la numerele de telefon: 0265-977, 0732-445577, 0757-022021.[\/vc_column_text][\/vc_column][\/vc_row][vc_row][vc_column][vc_column_text css=&#8221;&#8221;]<object data=\"https:\/\/aeroportultransilvania.ro\/wp-content\/uploads\/2026\/02\/Program-curse-TRANSFER-luna-Februarie-modificare.pdf\" type=\"application\/pdf\" width=\"100%\" height=\"500px\"><\/object>[\/vc_column_text][\/vc_column][\/vc_row][vc_row][vc_column][vc_column_text css=&#8221;&#8221;]<object data=\"https:\/\/aeroportultransilvania.ro\/wp-content\/uploads\/2026\/03\/Program-curse-TRANSFER-H24.pdf\" type=\"application\/pdf\" width=\"100%\" height=\"500px\"><\/object>[\/vc_column_text][\/vc_column][\/vc_row][vc_row][vc_column][vc_separator align=&#8221;align_left&#8221;][\/vc_column][\/vc_row][vc_row][vc_column][vc_column_text css=&#8221;&#8221;]Wizz Air transfer la Aeroportul International Transilvania T\u00e2rgu Mure\u0219\u00a0prin Sissy Taxi!<\/p>\n<p><a href=\"http:\/\/www.sissytaxi.ro\">www.sissytaxi.ro<\/a><\/p>\n<p>C\u0102L\u0102TORIE F\u0102R\u0102 STRES<br \/>\nTransfer f\u0103r\u0103 probleme \u00eentre aeroport \u0219i destina\u021bie.<\/p>\n<p>DISPONIBIL \u00ceN T\u00c2RGU MURE\u0218!<\/p>\n<p>DISPONIBILITATE 24\/7<br \/>\nC\u0103l\u0103tori\u021bi oric\u00e2nd, oriunde<\/p>\n<p>PRE\u021aURI ACCESIBILE<\/p>\n<p>Op\u021biuni de transfer fiabile \u0219i la pre\u021buri accesibile (11 euro\/persoana)<br \/>\nDescoperi\u021bi Sissy Taxi Transfer partenerul dvs. de \u00eencredere pentru transferul de la\/c\u0103tre aeroport.<br \/>\nSuntem dedica\u021bi furniz\u0103rii de transferuri de la\/c\u0103tre aeroport f\u0103r\u0103 probleme \u0219i f\u0103r\u0103 stres, asigur\u00e2ndu-v\u0103 c\u0103 ajunge\u021bi la destina\u021bie cu confort \u0219i u\u0219urin\u021b\u0103 de neegalat. C\u0103l\u0103toria dvs. este pasiunea noastr\u0103 \u0219i suntem aici pentru a o face extraordinar\u0103.<\/p>\n<p>Cu peste 5 ani de experien\u021b\u0103 \u00een industrie, am rafinat expertiza \u00een furnizarea de servicii de transfer fiabile \u0219i eficiente. Experien\u021ba noastr\u0103 vast\u0103 va asigura confortul \u0219i punctualitatea c\u0103l\u0103toriei dvs.<\/p>\n<p><strong>Cum s\u0103 achizi\u021biona\u021bi?<\/strong><\/p>\n<p>1. DESCHIDE\u021aI APLICA\u021aIA WIZZAIR SAU INTRA\u021aI PE SITE-UL OFICIAL WIZZAIR, SELECTA\u021aI<br \/>\nDESTINA\u021aIA, DATA \u0218I ZBORUL DVS.<\/p>\n<p>2. AD\u0102UGA\u021aI TRANSFER DE LA\/C\u0102TRE AEROPORT<\/p>\n<p>3. CONFIRMA\u021aI \u0218I PL\u0102TI\u021aI<\/p>\n<p><strong>Confirmare:<\/strong><\/p>\n<p>Dup\u0103 finalizarea procesului de rezervare, ve\u021bi primi un e-mail de confirmare care con\u021bine toate detaliile relevante privind transferul de la\/c\u0103tre aeroport. Cu aproximativ o s\u0103pt\u0103m\u00e2n\u0103 \u00eenainte de data c\u0103l\u0103toriei, ve\u021bi primi un bilet electronic, care va confirma toate informa\u021biile esen\u021biale necesare pentru transferul dvs., asigur\u00e2nd preg\u0103tirea temeinic\u0103 a c\u0103l\u0103toriei. Pe biletul electronic ve\u021bi g\u0103si detalii importante\/cruciale, inclusiv ora de preluare, punctul de \u00eent\u00e2lnire, informa\u021biile de contact ale \u0219oferului \u0219i orice instruc\u021biuni suplimentare necesare pentru o experien\u021b\u0103 f\u0103r\u0103 probleme. Aceste informa\u021bii vor fi prezentate \u00eentr-un format clar \u0219i organizat pentru a fi citite cu u\u0219urin\u021b\u0103.<\/p>\n<p><strong>De ce s\u0103 folosi\u021bi serviciul nostru?<\/strong><\/p>\n<p>Comoditate:<\/p>\n<p>Bucura\u021bi-v\u0103 de o tranzi\u021bie f\u0103r\u0103 probleme de la aeroport la destina\u021bie. Serviciul nostru elimin\u0103 stresul de a c\u0103uta transport la sosire, asigur\u00e2ndu-v\u0103 o c\u0103l\u0103torie f\u0103r\u0103 probleme.<\/p>\n<p>Fiabilitate:<\/p>\n<p>Bucura\u021bi-v\u0103 de o experien\u021b\u0103 de c\u0103l\u0103torie f\u0103r\u0103 stres cu transferurile noastre punctuale \u0219i fiabile. Angajamentul nostru fa\u021b\u0103 de punctualitate este \u00een concordan\u021b\u0103 cu viziunea bazat\u0103 pe punctualitate \u0219i eficien\u021b\u0103 a companiei.<\/p>\n<p>Siguran\u021b\u0103:<\/p>\n<p>Siguran\u021ba dvs. este prioritatea noastr\u0103. Acord\u0103m prioritate bun\u0103st\u0103rii dvs. prin intermediul unor protocoale de siguran\u021b\u0103 stricte \u0219i al unor vehicule bine \u00eentre\u021binute.<\/p>\n<p>Oferte exclusive: Profita\u021bi de reduceri \u0219i avantaje exclusive pentru a asigura confortul \u0219i rentabilitatea c\u0103l\u0103toriei dvs.<\/p>\n<p><a href=\"https:\/\/www.wizzair.com\/ro-ro\/informatii-si-servicii\/servicii-partener\/transfer-aeroport\">https:\/\/www.wizzair.com\/ro-ro\/informatii-si-servicii\/servicii-partener\/transfer-aeroport<\/a><\/p>\n<p>Pentru informatii, rezervari, sugestii sau reclamatii sunati\u00a0la<\/p>\n<p>Nr 0040752967891<\/p>\n<p>Google Play<\/p>\n<p><a href=\"https:\/\/play.google.com\/store\/apps\/details?id=com.xfactorapp.taxi_sissy_client\">https:\/\/play.google.com\/store\/apps\/details?id=com.xfactorapp.taxi_sissy_client<\/a><\/p>\n<p>App Store<\/p>\n<p><a href=\"https:\/\/apps.apple.com\/lk\/app\/taxi-sissy-client\/id1530966381\">https:\/\/apps.apple.com\/lk\/app\/taxi-sissy-client\/id1530966381<\/a>[\/vc_column_text][\/vc_column][\/vc_row]<\/p>\n<\/div>","protected":false},"excerpt":{"rendered":"<p>[vc_row][vc_column][vc_column_text] Conectarea Aeroportului \u201eTransilvania \u2013 T\u00e2rgu Mure\u0219\u201d cu centrul ora\u0219ului T\u00e2rgu Mure\u0219 Stima\u021bi pasageri, avem pl\u0103cerea s\u0103 v\u0103 inform\u0103m faptul c\u0103 \u00eencep\u00e2nd cu 01.07.2023, transferul la \u0219i de la Aeroportul \u201eTransilvania &#8211; T\u00e2rgu Mure\u0219\u201d se poate realiza din centrul ora\u0219ului T\u00e2rgu Mure\u0219 cu operatorul de transport Duda Trans. Cursa regulat\u0103 va urm\u0103ri programul zborurilor de [&hellip;]<\/p>\n","protected":false},"author":3,"featured_media":0,"parent":0,"menu_order":70,"comment_status":"closed","ping_status":"closed","template":"","meta":{"footnotes":""},"class_list":["post-9564","page","type-page","status-publish","hentry"],"_links":{"self":[{"href":"https:\/\/aeroportultransilvania.ro\/en\/wp-json\/wp\/v2\/pages\/9564"}],"collection":[{"href":"https:\/\/aeroportultransilvania.ro\/en\/wp-json\/wp\/v2\/pages"}],"about":[{"href":"https:\/\/aeroportultransilvania.ro\/en\/wp-json\/wp\/v2\/types\/page"}],"author":[{"embeddable":true,"href":"https:\/\/aeroportultransilvania.ro\/en\/wp-json\/wp\/v2\/users\/3"}],"replies":[{"embeddable":true,"href":"https:\/\/aeroportultransilvania.ro\/en\/wp-json\/wp\/v2\/comments?post=9564"}],"version-history":[{"count":43,"href":"https:\/\/aeroportultransilvania.ro\/en\/wp-json\/wp\/v2\/pages\/9564\/revisions"}],"predecessor-version":[{"id":41008,"href":"https:\/\/aeroportultransilvania.ro\/en\/wp-json\/wp\/v2\/pages\/9564\/revisions\/41008"}],"wp:attachment":[{"href":"https:\/\/aeroportultransilvania.ro\/en\/wp-json\/wp\/v2\/media?parent=9564"}],"curies":[{"name":"wp","href":"https:\/\/api.w.org\/{rel}","templated":true}]}}