{"id":9604,"date":"2014-05-08T09:38:32","date_gmt":"2014-05-08T07:38:32","guid":{"rendered":"https:\/\/aeroportultransilvania.ro\/informatii-tehnice\/"},"modified":"2024-11-26T09:51:37","modified_gmt":"2024-11-26T07:51:37","slug":"informatii-tehnice","status":"publish","type":"page","link":"https:\/\/aeroportultransilvania.ro\/en\/informatii-tehnice\/","title":{"rendered":"Technical information"},"content":{"rendered":"<div class=\"wpb-content-wrapper\"><p>[vc_row][vc_column][vc_tta_accordion][vc_tta_section title=&#8221;Date generale&#8221; tab_id=&#8221;1551438943152-e1374e33-810d&#8221;][vc_column_text]Nume: REGIA AUTONOMA AEROPORT TRANSILVANIA T\u00c2RGU-MURES<br \/>\n\u00cenfiin\u0163are: <strong>1969<\/strong><br \/>\nAdresa: VIDRASAU, 547612, MURES, ROM\u00c2NIA<br \/>\nTelefon: <strong>+4-0265-328.259<\/strong><br \/>\nFax: <strong>+4-0265-328.257<\/strong><br \/>\nAdresa AFTN: <strong>LRTMRAYD<\/strong><br \/>\nAdresa SITA: <strong>TGMYDXH<\/strong><br \/>\nTel. fax operativ: <strong>+4-0265-263.050<\/strong><br \/>\nTel. permanent: <strong>+4-0265-232.738; +4-0265-328.253<\/strong><br \/>\nE-mail: <a href=\"mailto:office@transylvaniaairport.ro\"><strong>office@transylvaniaairport.ro<\/strong><\/a><br \/>\nCod ICAO: <strong>LRTM<\/strong><br \/>\nCod IATA: <strong>TGM<\/strong><br \/>\nOrar de functionare: <strong>comform AIP Romania<\/strong>[\/vc_column_text][\/vc_tta_section][vc_tta_section title=&#8221;Asezare geografica&#8221; tab_id=&#8221;1551438943193-d9906b7a-3d49&#8243;][vc_column_text]Altitudine: <strong>294 m;<\/strong><br \/>\nDistan\u0163a de la T\u00e2rgu-Mures: <strong>14,5 Km<\/strong><br \/>\nLatitudine nordica:<strong> 46 28\u201902,46\u2033<\/strong><br \/>\nLongitudine estica: <strong>24 25\u201929.03\u2033<\/strong>[\/vc_column_text][\/vc_tta_section][vc_tta_section title=&#8221;Date tehnice&#8221; tab_id=&#8221;1551439085149-f6c65fc0-49fa&#8221;][vc_column_text]Pozitie: <strong>14 km SW de ora\u015ful T\u00e2rgu-Mures.<\/strong><br \/>\nSuprafa\u0163a: <strong>98 ha.<\/strong><br \/>\nPista de structur\u0103 flexibil\u0103 (asfalt): <strong>2000 m X 45 m (072 \/ 252) PCN 70 F|D|W|T<\/strong><br \/>\nCale de rulare structur\u0103 flexibil\u0103 (asfalt):<\/p>\n<ul>\n<li>Alfa <strong>75 m X 45 m PCN 64 F|D|W|T<\/strong><\/li>\n<li>Bravo <strong>133 m X 30 m PCN 71 F|D|W|T<\/strong><\/li>\n<\/ul>\n<p>Platforma de \u00eembarcare debarcare :<\/p>\n<ul>\n<li>Apron 1: 175 m X 85 m <strong>PCN 79 R|D|W|T<\/strong><\/li>\n<li>Apron 2: 150 m X 90 m\n<ul>\n<li>Pentru locurile de parcare 04 \u0219i 05 <strong>PCN 27 R|D|W|T<\/strong><\/li>\n<li>Pentru locurile de parcare 06 \u0219i 07 <strong>PCN 137 R|D|W|T<\/strong><\/li>\n<\/ul>\n<\/li>\n<\/ul>\n<p>Sistem balizaj ALS cat II PAPI 900m Alb|Galben|Rosu ILS cat II DME<br \/>\nEchipament handling: <strong>vara\/iarna<\/strong><br \/>\nCentrala electrica principala si de rezerva<br \/>\nRadar FAR\/SRE: <strong>tip RSP 7<\/strong><br \/>\nRadiofar NDB<br \/>\nPSI: <strong>Cat VII<\/strong><br \/>\nAerogara <strong>80 pax\\h<\/strong><br \/>\nAerogara externa <strong>400 pax\\h<\/strong>[\/vc_column_text][\/vc_tta_section][vc_tta_section title=&#8221;Sistemul de Management al Calit\u0103\u021bii&#8221; tab_id=&#8221;1551439442618-deb24221-50f5&#8243;][vc_column_text]<a href=\"https:\/\/aeroportultransilvania.ro\/wp-content\/uploads\/2022\/03\/Certificat-SMC-2022.pdf\">Certificat SMC 2022<\/a><br \/>\n<a href=\"https:\/\/aeroportultransilvania.ro\/wp-content\/uploads\/2022\/03\/Declara\u021bia-Politicii-de-Calitate.pdf\">Declara\u021bia Politicii de Calitate<\/a><br \/>\n<a href=\"https:\/\/aeroportultransilvania.ro\/wp-content\/uploads\/2022\/03\/Obiective-SMC-2022.pdf\">Obiective SMC 2022<\/a>[\/vc_column_text][\/vc_tta_section][vc_tta_section title=&#8221;Harta strategica de zgomot 2021&#8243; tab_id=&#8221;1590399883122-08e74fd4-cab9&#8243;][vc_column_text]<a href=\"https:\/\/aeroportultransilvania.ro\/wp-content\/uploads\/2023\/02\/HCJM-11-aprobare-Harta-de-zgomot-color-1.pdf\">HCJM 11 aprobare Harta de zgomot color<\/a><br \/>\n<a href=\"https:\/\/aeroportultransilvania.ro\/wp-content\/uploads\/2023\/02\/LRTM_ETRS89LAEA_HSZ_Ls-Le_2021.pdf\">LRTM_ETRS89LAEA_HSZ_Ls-Le_2021<\/a><br \/>\n<a href=\"https:\/\/aeroportultransilvania.ro\/wp-content\/uploads\/2023\/02\/LRTM_ETRS89LAEA_HSZ_Lz-Ld_2021.pdf\">LRTM_ETRS89LAEA_HSZ_Lz-Ld_2021<\/a><br \/>\n<a href=\"https:\/\/aeroportultransilvania.ro\/wp-content\/uploads\/2023\/02\/LRTM_ETRS89LAEA_HSZ_Lzsn-Lden_2021.pdf\">LRTM_ETRS89LAEA_HSZ_Lzsn-Lden_2021<\/a><br \/>\n<a href=\"https:\/\/aeroportultransilvania.ro\/wp-content\/uploads\/2023\/02\/LRTM_ETRS89LAEA_HSZ_Ln_2021.pdf\">LRTM_ETRS89LAEA_HSZ_Ln_2021<\/a><br \/>\n<a href=\"https:\/\/aeroportultransilvania.ro\/wp-content\/uploads\/2023\/02\/LRTM_Stereo70_HSZ_Ln_2021.pdf\">LRTM_Stereo70_HSZ_Ln_2021<\/a><br \/>\n<a href=\"https:\/\/aeroportultransilvania.ro\/wp-content\/uploads\/2023\/02\/LRTM_Stereo70_HSZ_Ls-Le_2021.pdf\">LRTM_Stereo70_HSZ_Ls-Le_2021<\/a><br \/>\n<a href=\"https:\/\/aeroportultransilvania.ro\/wp-content\/uploads\/2023\/02\/LRTM_Stereo70_HSZ_Lz-Ld_2021.pdf\">LRTM_Stereo70_HSZ_Lz-Ld_2021<\/a><br \/>\n<a href=\"https:\/\/aeroportultransilvania.ro\/wp-content\/uploads\/2023\/02\/LRTM_Stereo70_HSZ_Lzsn-Lden_2021.pdf\">LRTM_Stereo70_HSZ_Lzsn-Lden_2021<\/a><br \/>\n<a href=\"https:\/\/aeroportultransilvania.ro\/wp-content\/uploads\/2023\/02\/Hotararea-nr.-33-Aprobare-Harta-strategica-de-zgomot.pdf\">Hotararea nr. 33 &#8211; Aprobare Harta strategica de zgomot<\/a><br \/>\n<a href=\"https:\/\/aeroportultransilvania.ro\/wp-content\/uploads\/2023\/02\/APM-Mures-adresa-1038-din-26-01-2023.pdf\">APM Mures adresa 1038 din 26 01 2023<\/a>[\/vc_column_text][\/vc_tta_section][vc_tta_section title=&#8221;Plan de ac\u021biune privind gestionarea zgomotului \u2013 an de referin\u021b\u0103 2021&#8243; tab_id=&#8221;1713248843845-a7f5dc01-80f6&#8243;][vc_column_text css=&#8221;&#8221;]<a href=\"https:\/\/aeroportultransilvania.ro\/wp-content\/uploads\/2024\/08\/Plan-de-actiune-privind-gestionarea-zgomotului-Aeroportul-Transilvania-Tg-Mures-2024.pdf\">Plan de actiune privind gestionarea zgomotului Aeroportul Transilvania Tg Mures 2024<\/a><br \/>\n<a href=\"https:\/\/aeroportultransilvania.ro\/wp-content\/uploads\/2024\/11\/PV-sedinta-Plan-de-actiune-zgomot.pdf\">PV sedinta Plan de actiune zgomot<\/a><br \/>\n<a href=\"https:\/\/aeroportultransilvania.ro\/wp-content\/uploads\/2024\/11\/Copie-conform-cu-originalul-Planul-de-actiune-zgomot-CJ-Mures.pdf\">Copie conform cu originalul Planul de actiune zgomot CJ Mures<\/a>[\/vc_column_text][\/vc_tta_section][vc_tta_section title=&#8221;Zonele determinate supuse servitu\u021bilor aeronautice civile aferente Aeroportului Transilvania T\u00eergu Mure\u0219 \u0219i echipamentelor serviciilor civile de naviga\u021bie aerian\u0103 \u0219i meteo&#8221; tab_id=&#8221;1688729709880-5172b087-3d0e&#8221;][vc_column_text]<a href=\"https:\/\/aeroportultransilvania.ro\/wp-content\/uploads\/2023\/07\/MEMORIU-TEHNIC-Aeroportul-Transilvania-Targu_Mure\u0219.pdf\">MEMORIU TEHNIC-Aeroportul Transilvania Targu_Mure\u0219<\/a><br \/>\n<a href=\"https:\/\/aeroportultransilvania.ro\/wp-content\/uploads\/2023\/07\/Harta-ZSAC_Aeroportul-Transilvania-Targu_Mures.pdf\">Harta ZSAC_Aeroportul Transilvania Targu_Mures<\/a>[\/vc_column_text][\/vc_tta_section][\/vc_tta_accordion][\/vc_column][\/vc_row]<\/p>\n<\/div>","protected":false},"excerpt":{"rendered":"<p>[vc_row][vc_column][vc_tta_accordion][vc_tta_section title=&#8221;Date generale&#8221; tab_id=&#8221;1551438943152-e1374e33-810d&#8221;][vc_column_text]Nume: REGIA AUTONOMA AEROPORT TRANSILVANIA T\u00c2RGU-MURES \u00cenfiin\u0163are: 1969 Adresa: VIDRASAU, 547612, MURES, ROM\u00c2NIA Telefon: +4-0265-328.259 Fax: +4-0265-328.257 Adresa AFTN: LRTMRAYD Adresa SITA: TGMYDXH Tel. fax operativ: +4-0265-263.050 Tel. permanent: +4-0265-232.738; +4-0265-328.253 E-mail: office@transylvaniaairport.ro Cod ICAO: LRTM Cod IATA: TGM Orar de functionare: comform AIP Romania[\/vc_column_text][\/vc_tta_section][vc_tta_section title=&#8221;Asezare geografica&#8221; tab_id=&#8221;1551438943193-d9906b7a-3d49&#8243;][vc_column_text]Altitudine: 294 m; Distan\u0163a de [&hellip;]<\/p>\n","protected":false},"author":3,"featured_media":0,"parent":0,"menu_order":0,"comment_status":"closed","ping_status":"closed","template":"","meta":{"footnotes":""},"class_list":["post-9604","page","type-page","status-publish","hentry"],"_links":{"self":[{"href":"https:\/\/aeroportultransilvania.ro\/en\/wp-json\/wp\/v2\/pages\/9604"}],"collection":[{"href":"https:\/\/aeroportultransilvania.ro\/en\/wp-json\/wp\/v2\/pages"}],"about":[{"href":"https:\/\/aeroportultransilvania.ro\/en\/wp-json\/wp\/v2\/types\/page"}],"author":[{"embeddable":true,"href":"https:\/\/aeroportultransilvania.ro\/en\/wp-json\/wp\/v2\/users\/3"}],"replies":[{"embeddable":true,"href":"https:\/\/aeroportultransilvania.ro\/en\/wp-json\/wp\/v2\/comments?post=9604"}],"version-history":[{"count":22,"href":"https:\/\/aeroportultransilvania.ro\/en\/wp-json\/wp\/v2\/pages\/9604\/revisions"}],"predecessor-version":[{"id":37413,"href":"https:\/\/aeroportultransilvania.ro\/en\/wp-json\/wp\/v2\/pages\/9604\/revisions\/37413"}],"wp:attachment":[{"href":"https:\/\/aeroportultransilvania.ro\/en\/wp-json\/wp\/v2\/media?parent=9604"}],"curies":[{"name":"wp","href":"https:\/\/api.w.org\/{rel}","templated":true}]}}