{"id":10442,"date":"2019-03-07T14:37:54","date_gmt":"2019-03-07T12:37:54","guid":{"rendered":"https:\/\/aeroportultransilvania.ro\/orar-si-destinatii\/"},"modified":"2026-04-23T14:16:23","modified_gmt":"2026-04-23T11:16:23","slug":"orar-si-destinatii","status":"publish","type":"page","link":"https:\/\/aeroportultransilvania.ro\/hu\/orar-si-destinatii\/","title":{"rendered":"Menetrend \u00e9s c\u00e9l\u00e1llom\u00e1sok"},"content":{"rendered":"<div class=\"wpb-content-wrapper\"><p>[vc_row][vc_column][vc_column_text css=&#8221;&#8221;]<strong><a href=\"https:\/\/aeroportultransilvania.ro\/wp-content\/uploads\/2026\/03\/airport-map-desktop.jpeg\"><img loading=\"lazy\" decoding=\"async\" class=\"alignnone wp-image-40258 size-full\" src=\"https:\/\/aeroportultransilvania.ro\/wp-content\/uploads\/2026\/03\/airport-map-desktop.jpeg\" alt=\"\" width=\"1514\" height=\"830\" srcset=\"https:\/\/aeroportultransilvania.ro\/wp-content\/uploads\/2026\/03\/airport-map-desktop.jpeg 1514w, https:\/\/aeroportultransilvania.ro\/wp-content\/uploads\/2026\/03\/airport-map-desktop-300x164.jpeg 300w, https:\/\/aeroportultransilvania.ro\/wp-content\/uploads\/2026\/03\/airport-map-desktop-1024x561.jpeg 1024w, https:\/\/aeroportultransilvania.ro\/wp-content\/uploads\/2026\/03\/airport-map-desktop-768x421.jpeg 768w\" sizes=\"(max-width: 1514px) 100vw, 1514px\" \/><\/a><\/strong><\/p>\n<p><strong>Wizz Air<\/strong><br \/>\n<a href=\"http:\/\/www.wizzair.com\" target=\"_blank\" rel=\"noopener noreferrer\">www.wizzair.com<\/a><br \/>\n0903 760 105[\/vc_column_text][\/vc_column][\/vc_row][vc_row][vc_column][vc_column_text css=&#8221;&#8221;]<\/p>\n<h3>Mil\u00e1n\u00f3<\/h3>\n<figure id=\"attachment_40032\" aria-describedby=\"caption-attachment-40032\" style=\"width: 1536px\" class=\"wp-caption alignnone\"><img loading=\"lazy\" decoding=\"async\" class=\"wp-image-40032 size-full\" src=\"https:\/\/aeroportultransilvania.ro\/wp-content\/uploads\/2026\/02\/milano.jpg\" alt=\"\" width=\"1536\" height=\"768\" srcset=\"https:\/\/aeroportultransilvania.ro\/wp-content\/uploads\/2026\/02\/milano.jpg 1536w, https:\/\/aeroportultransilvania.ro\/wp-content\/uploads\/2026\/02\/milano-300x150.jpg 300w, https:\/\/aeroportultransilvania.ro\/wp-content\/uploads\/2026\/02\/milano-1024x512.jpg 1024w, https:\/\/aeroportultransilvania.ro\/wp-content\/uploads\/2026\/02\/milano-768x384.jpg 768w\" sizes=\"(max-width: 1536px) 100vw, 1536px\" \/><figcaption id=\"caption-attachment-40032\" class=\"wp-caption-text\">Photo credit: Nico Trinkhaus<\/figcaption><\/figure>\n<p>Mil\u00e1n\u00f3 Olaszorsz\u00e1g egyik legfontosabb v\u00e1rosa, valamint Eur\u00f3pa egyik vezet\u0151 k\u00f6zpontja a divat, az \u00fczleti \u00e9let \u00e9s a kult\u00fara ter\u00e9n. Eleganci\u00e1j\u00e1r\u00f3l ismert v\u00e1ros, amely harmonikusan \u00f6tv\u00f6zi a t\u00f6rt\u00e9nelmet a modernit\u00e1ssal, \u00e9s teljes k\u00f6r\u0171 v\u00e1rosi \u00e9lm\u00e9nyt k\u00edn\u00e1l a l\u00e1togat\u00f3knak. Olyan ikonikus l\u00e1tnival\u00f3k, mint a Mil\u00e1n\u00f3i D\u00f3m, a Sforza-kast\u00e9ly \u00e9s a vil\u00e1gh\u00edr\u0171 Teatro alla Scala, \u00e9vente turist\u00e1k milli\u00f3it vonzz\u00e1k. Mil\u00e1n\u00f3 emellett jelent\u0151s gazdas\u00e1gi k\u00f6zpont is, sz\u00e1mos nemzetk\u00f6zi v\u00e1llalat sz\u00e9khelye, valamint rangos divat- \u00e9s diz\u00e1jnesem\u00e9nyek h\u00e1zigazd\u00e1ja. Modern infrastrukt\u00far\u00e1j\u00e1val, kiv\u00e1l\u00f3 k\u00f6zleked\u00e9si kapcsolataival, kifinomult gasztron\u00f3mi\u00e1j\u00e1val \u00e9s soksz\u00edn\u0171 v\u00e1s\u00e1rl\u00e1si \u00e9s \u00fczleti lehet\u0151s\u00e9geivel Mil\u00e1n\u00f3 ide\u00e1lis \u00fati c\u00e9l v\u00e1rosl\u00e1togat\u00e1sokhoz, \u00fczleti utakhoz \u00e9s kultur\u00e1lis kikapcsol\u00f3d\u00e1shoz egyar\u00e1nt.<\/p>\n<p><strong>Tov\u00e1bbi inform\u00e1ci\u00f3k itt<\/strong>: <a href=\"https:\/\/www.yesmilano.it\/en\" target=\"_blank\" rel=\"noopener\">https:\/\/www.yesmilano.it\/en<\/a><br \/>\n<strong>L\u00e9git\u00e1rsas\u00e1g<\/strong>: <a href=\"https:\/\/www.wizzair.com\/hu-hu\" target=\"_blank\" rel=\"noopener\">https:\/\/www.wizzair.com\/hu-hu<\/a><br \/>\n<strong>C\u00e9lrep\u00fcl\u0151t\u00e9r<\/strong>: <a href=\"https:\/\/www.milanbergamoairport.it\/en\/\" target=\"_blank\" rel=\"noopener\">https:\/\/www.milanbergamoairport.it\/en\/<\/a>[\/vc_column_text][\/vc_column][\/vc_row][vc_row][vc_column][vc_column_text css=&#8221;&#8221;]<\/p>\n<h3>Dortmund<\/h3>\n<p><a href=\"https:\/\/aeroportultransilvania.ro\/wp-content\/uploads\/2026\/02\/dortmund.jpg\"><img loading=\"lazy\" decoding=\"async\" class=\"alignnone wp-image-40050 size-full\" src=\"https:\/\/aeroportultransilvania.ro\/wp-content\/uploads\/2026\/02\/dortmund.jpg\" alt=\"\" width=\"500\" height=\"274\" srcset=\"https:\/\/aeroportultransilvania.ro\/wp-content\/uploads\/2026\/02\/dortmund.jpg 500w, https:\/\/aeroportultransilvania.ro\/wp-content\/uploads\/2026\/02\/dortmund-300x164.jpg 300w\" sizes=\"(max-width: 500px) 100vw, 500px\" \/><\/a><\/p>\n<p>A Ruhr-vid\u00e9k sz\u00edv\u00e9ben tal\u00e1lhat\u00f3 Dortmund az ipari \u00f6r\u00f6ks\u00e9g, a sport, a term\u00e9szet \u00e9s a kulin\u00e1ris \u00e9lm\u00e9nyek v\u00e1ltozatos kever\u00e9k\u00e9t k\u00edn\u00e1lja a l\u00e1togat\u00f3knak. A Signal Iduna Parkt\u00f3l \u00e9s a N\u00e9met Futballm\u00fazeumt\u00f3l kezdve a kiterjedt Westfalenparkon \u00e1t a Ph\u00f6nix-t\u00f3ig a v\u00e1ros l\u00e1tnival\u00f3k \u00e9s \u00e9lm\u00e9nyek sor\u00e1t ny\u00fajtja a csal\u00e1dok, a kult\u00fara kedvel\u0151i \u00e9s a sportrajong\u00f3k sz\u00e1m\u00e1ra egyar\u00e1nt. A v\u00e1ros gasztron\u00f3mi\u00e1ja is leny\u0171g\u00f6z\u0151: a hagyom\u00e1nyos vesztf\u00e1liai \u00e9telekt\u0151l \u00e9s a klasszikus s\u00f6rkult\u00far\u00e1t\u00f3l kezdve a belv\u00e1ros \u00e9s a vibr\u00e1l\u00f3 Kreuzviertel negyed modern \u00e9ttermeiig minden megtal\u00e1lhat\u00f3. Kiemelked\u0151 esem\u00e9ny a Dortmundi Kar\u00e1csonyi V\u00e1s\u00e1r a vil\u00e1g legnagyobb kar\u00e1csonyf\u00e1j\u00e1val, amely \u00e9vente l\u00e1togat\u00f3k ezreit vonzza.<\/p>\n<p>Mivel a Dortmundi Rep\u00fcl\u0151t\u00e9r mind\u00f6ssze egy r\u00f6vid busz- vagy aut\u00f3\u00fatra van a v\u00e1rosk\u00f6zpontt\u00f3l, Dortmund k\u00f6nnyen el\u00e9rhet\u0151 egy v\u00e1rosi kiruccan\u00e1shoz, \u00e9s t\u00f6k\u00e9letes b\u00e1zis \u00c9szak-Rajna-Vesztf\u00e1lia felfedez\u00e9s\u00e9hez.<\/p>\n<p><strong>Tov\u00e1bbi inform\u00e1ci\u00f3 itt tal\u00e1lhat\u00f3<\/strong>: <a href=\"http:\/\/www.dortmund.de\/dortmund-erleben\/?language=en\" target=\"_blank\" rel=\"noopener\">www.dortmund.de\/dortmund-erleben\/?language=en<\/a><br \/>\n<strong>A l\u00e9git\u00e1rsas\u00e1g<\/strong>: <a href=\"https:\/\/www.wizzair.com\/hu-hu\" target=\"_blank\" rel=\"noopener\">https:\/\/www.wizzair.com\/hu-hu<\/a><br \/>\n<strong>C\u00e9l rep\u00fcl\u0151t\u00e9r<\/strong>: <a href=\"https:\/\/www.dortmund-airport.com\/en\/passengers-and-visitors\" target=\"_blank\" rel=\"noopener\">https:\/\/www.dortmund-airport.com\/en\/passengers-and-visitors<\/a>[\/vc_column_text][\/vc_column][\/vc_row][vc_row][vc_column][vc_column_text css=&#8221;&#8221;]<\/p>\n<h3>Br\u00fcsszel<\/h3>\n<p style=\"text-align: justify;\"><span lang=\"RO\"><a href=\"https:\/\/aeroportultransilvania.ro\/wp-content\/uploads\/2026\/03\/bruxelles-destinatie.jpg\"><img loading=\"lazy\" decoding=\"async\" class=\"alignnone wp-image-40482 size-large\" src=\"https:\/\/aeroportultransilvania.ro\/wp-content\/uploads\/2026\/03\/bruxelles-destinatie-1024x676.jpg\" alt=\"\" width=\"640\" height=\"423\" srcset=\"https:\/\/aeroportultransilvania.ro\/wp-content\/uploads\/2026\/03\/bruxelles-destinatie-1024x676.jpg 1024w, https:\/\/aeroportultransilvania.ro\/wp-content\/uploads\/2026\/03\/bruxelles-destinatie-300x198.jpg 300w, https:\/\/aeroportultransilvania.ro\/wp-content\/uploads\/2026\/03\/bruxelles-destinatie-768x507.jpg 768w, https:\/\/aeroportultransilvania.ro\/wp-content\/uploads\/2026\/03\/bruxelles-destinatie-1536x1014.jpg 1536w, https:\/\/aeroportultransilvania.ro\/wp-content\/uploads\/2026\/03\/bruxelles-destinatie.jpg 1900w\" sizes=\"(max-width: 640px) 100vw, 640px\" \/><\/a><\/span><\/p>\n<p style=\"text-align: justify;\"><span lang=\"RO\">Br\u00fcsszel egy vibr\u00e1l\u00f3 \u00e9s kozmopolita v\u00e1ros, ahol a hagyom\u00e1ny harmonikusan tal\u00e1lkozik az innov\u00e1ci\u00f3val. Belgium f\u0151v\u00e1rosa kultur\u00e1lis soksz\u00edn\u0171s\u00e9g\u00e9r\u0151l ismert: <strong>184 k\u00fcl\u00f6nb\u00f6z\u0151 nemzetis\u00e9g<\/strong> \u00e9l itt, ami nyitott, dinamikus \u00e9s bar\u00e1ts\u00e1gos l\u00e9gk\u00f6rt teremt a vil\u00e1g minden t\u00e1j\u00e1r\u00f3l \u00e9rkez\u0151 l\u00e1togat\u00f3k sz\u00e1m\u00e1ra.<\/span><\/p>\n<p style=\"text-align: justify;\"><span lang=\"RO\">Az \u201eEur\u00f3pa f\u0151v\u00e1rosak\u00e9nt\u201d is emlegetett Br\u00fcsszel sz\u00e1mos nemzetk\u00f6zi int\u00e9zm\u00e9nynek ad otthont, \u00e9s fontos politikai valamint gazdas\u00e1gi k\u00f6zpont. Ugyanakkor a v\u00e1ros laza \u00e9s autentikus hangulat\u00e1r\u00f3l is ismert, ahol nemzetk\u00f6zi vezet\u0151k, m\u0171v\u00e9szek, v\u00e1llalkoz\u00f3k \u00e9s innov\u00e1torok tal\u00e1lkoznak egy energikus, pezsg\u0151 v\u00e1rosi k\u00f6rnyezetben.<\/span><\/p>\n<p style=\"text-align: justify;\"><span lang=\"RO\">Br\u00fcsszel gasztron\u00f3mi\u00e1ja is k\u00fcl\u00f6nleges. A nemzetk\u00f6zi h\u00edr\u0171 \u00e9ttermekt\u0151l a hangulatos, kisebb negyedbeli vend\u00e9gl\u0151kig a l\u00e1togat\u00f3k egy kreat\u00edv \u00e9s soksz\u00edn\u0171 kulin\u00e1ris vil\u00e1got fedezhetnek fel, amely j\u00f3l t\u00fckr\u00f6zi a v\u00e1ros multikultur\u00e1lis jelleg\u00e9t.<\/span><\/p>\n<p style=\"text-align: justify;\"><span lang=\"RO\">A belga f\u0151v\u00e1ros egyik nagy el\u0151nye a sz\u00e1mos park \u00e9s z\u00f6ldter\u00fclet, amelyek lehet\u0151s\u00e9get adnak a kikapcsol\u00f3d\u00e1sra a v\u00e1ros sz\u00edv\u00e9ben. Az \u00e9v folyam\u00e1n t\u00f6bb ezer rendezv\u00e9ny, fesztiv\u00e1l \u00e9s kultur\u00e1lis program v\u00e1rja a l\u00e1togat\u00f3kat, \u00edgy minden utaz\u00e1s k\u00fcl\u00f6nleges \u00e9lm\u00e9nny\u00e9 v\u00e1lik.<\/span><\/p>\n<p style=\"text-align: justify;\"><span lang=\"RO\">A <strong>Marosv\u00e1s\u00e1rhelyi Transilvania Nemzetk\u00f6zi Rep\u00fcl\u0151t\u00e9rr\u0151l<\/strong> indul\u00f3 j\u00e1ratoknak k\u00f6sz\u00f6nhet\u0151en Br\u00fcsszel k\u00f6nnyen el\u00e9rhet\u0151 \u00fati c\u00e9l azok sz\u00e1m\u00e1ra, akik szeretn\u00e9k felfedezni Eur\u00f3pa egyik legizgalmasabb f\u0151v\u00e1ros\u00e1t.<\/span><\/p>\n<p><strong>Tov\u00e1bbi inform\u00e1ci\u00f3 itt tal\u00e1lhat\u00f3<\/strong>: <a href=\"https:\/\/www.visit.brussels\/en\/like-a-local\" target=\"_blank\" rel=\"noopener\">https:\/\/www.visit.brussels\/en\/like-a-local<\/a><br \/>\n<strong>A l\u00e9git\u00e1rsas\u00e1g<\/strong>: <a href=\"https:\/\/www.wizzair.com\/hu-hu\" target=\"_blank\" rel=\"noopener\">https:\/\/www.wizzair.com\/hu-hu<\/a><br \/>\n<strong>C\u00e9l rep\u00fcl\u0151t\u00e9r<\/strong>: <a href=\"https:\/\/www.brussels-charleroi-airport.com\/en\" target=\"_blank\" rel=\"noopener\">https:\/\/www.brussels-charleroi-airport.com\/en<\/a>[\/vc_column_text][\/vc_column][\/vc_row][vc_row][vc_column][vc_column_text css=&#8221;&#8221;]<\/p>\n<h3>London<\/h3>\n<p style=\"text-align: justify;\"><span lang=\"RO\"><img loading=\"lazy\" decoding=\"async\" class=\"alignnone wp-image-40821 size-large\" src=\"https:\/\/aeroportultransilvania.ro\/wp-content\/uploads\/2026\/04\/londra-1024x768.png\" alt=\"londra\" width=\"640\" height=\"480\" srcset=\"https:\/\/aeroportultransilvania.ro\/wp-content\/uploads\/2026\/04\/londra-1024x768.png 1024w, https:\/\/aeroportultransilvania.ro\/wp-content\/uploads\/2026\/04\/londra-300x225.png 300w, https:\/\/aeroportultransilvania.ro\/wp-content\/uploads\/2026\/04\/londra-768x576.png 768w, https:\/\/aeroportultransilvania.ro\/wp-content\/uploads\/2026\/04\/londra.png 1280w\" sizes=\"(max-width: 640px) 100vw, 640px\" \/><\/span><\/p>\n<p><span lang=\"RO\">London a vil\u00e1g egyik legpezsg\u0151bb \u00e9s legkozmopolit\u00e1bb \u00fati c\u00e9lja, ahol a hagyom\u00e1ny \u00e9s a modernit\u00e1s harmonikusan tal\u00e1lkozik. Az Egyes\u00fclt Kir\u00e1lys\u00e1g f\u0151v\u00e1rosa \u00e9vente l\u00e1togat\u00f3k milli\u00f3it vonzza gazdag kultur\u00e1lis \u00f6r\u00f6ks\u00e9g\u00e9vel, vil\u00e1gh\u00edr\u0171 m\u00fazeumaival \u00e9s vibr\u00e1l\u00f3 hangulat\u00e1val. A legismertebb l\u00e1tnival\u00f3k k\u00f6z\u00e9 tartozik a Buckingham-palota, a Tower of London \u00e9s a h\u00edres Big Ben, a brit t\u00f6rt\u00e9nelem ikonikus jelk\u00e9pei.<\/span><\/p>\n<p><span lang=\"RO\">A v\u00e1ros rendk\u00edv\u00fcl v\u00e1ltozatos \u00e9lm\u00e9nyeket k\u00edn\u00e1l: a Temze partj\u00e1n tett kellemes s\u00e9t\u00e1kt\u00f3l kezdve az Oxford Street \u00e9s a Covent Garden ny\u00fczsg\u0151 bev\u00e1s\u00e1rl\u00f3negyedeiig. London emellett jelent\u0151s kultur\u00e1lis k\u00f6zpont is, vil\u00e1gsz\u00ednvonal\u00fa sz\u00ednh\u00e1zakkal a West Enden \u00e9s rangos m\u0171v\u00e9szeti gal\u00e9ri\u00e1kkal, mint a National Gallery vagy a Tate Modern.<\/span><\/p>\n<p><span lang=\"RO\">Gasztron\u00f3mi\u00e1ja t\u00fckr\u00f6zi soksz\u00edn\u0171s\u00e9g\u00e9t, hiszen a vil\u00e1g minden t\u00e1j\u00e1r\u00f3l sz\u00e1rmaz\u00f3 \u00e9teleket k\u00edn\u00e1l. Ak\u00e1r \u00fczleti \u00fatra, ak\u00e1r kikapcsol\u00f3d\u00e1sra \u00e9rkezik, London egy energikus, soksz\u00edn\u0171 \u00e9s felejthetetlen \u00e9lm\u00e9nyeket ny\u00fajt\u00f3 v\u00e1ros.<\/span><\/p>\n<p><strong>Tov\u00e1bbi inform\u00e1ci\u00f3 itt tal\u00e1lhat\u00f3<\/strong>: <a href=\"https:\/\/www.visitlondon.com\/\" target=\"_blank\" rel=\"noopener\">https:\/\/www.visitlondon.com\/<\/a><br \/>\n<strong>A l\u00e9git\u00e1rsas\u00e1g<\/strong>: <a href=\"https:\/\/www.wizzair.com\/hu-hu\" target=\"_blank\" rel=\"noopener\">https:\/\/www.wizzair.com\/hu-hu<\/a><br \/>\n<strong>C\u00e9l rep\u00fcl\u0151t\u00e9r<\/strong>: <a href=\"https:\/\/www.london-luton.co.uk\/\" target=\"_blank\" rel=\"noopener\">https:\/\/www.london-luton.co.uk\/<\/a>[\/vc_column_text][\/vc_column][\/vc_row][vc_row][vc_column][vc_column_text css=&#8221;&#8221;]<\/p>\n<h3>P\u00e1rizs<\/h3>\n<p><span lang=\"RO\"><a href=\"https:\/\/aeroportultransilvania.ro\/wp-content\/uploads\/2026\/04\/paris.jpg\"><img loading=\"lazy\" decoding=\"async\" class=\"alignnone wp-image-40860 size-full\" src=\"https:\/\/aeroportultransilvania.ro\/wp-content\/uploads\/2026\/04\/paris.jpg\" alt=\"paris\" width=\"900\" height=\"628\" srcset=\"https:\/\/aeroportultransilvania.ro\/wp-content\/uploads\/2026\/04\/paris.jpg 900w, https:\/\/aeroportultransilvania.ro\/wp-content\/uploads\/2026\/04\/paris-300x209.jpg 300w, https:\/\/aeroportultransilvania.ro\/wp-content\/uploads\/2026\/04\/paris-768x536.jpg 768w\" sizes=\"(max-width: 900px) 100vw, 900px\" \/><\/a><\/span><\/p>\n<p style=\"text-align: justify;\"><span lang=\"RO\">P\u00e1rizs, a \u201eF\u00e9nyek v\u00e1rosa\u201d, ahol a romantika \u00e9s a kult\u00fara t\u00f6k\u00e9letes harm\u00f3ni\u00e1ban tal\u00e1lkozik! Egy igazi \u00e1lom \u00fati c\u00e9l, tele hangulatos utc\u00e1kkal, eleg\u00e1ns k\u00e1v\u00e9z\u00f3kkal \u00e9s legend\u00e1s l\u00e1tnival\u00f3kkal, amelyek garant\u00e1ltan megdobogtatj\u00e1k a sz\u00edvedet.<\/span><\/p>\n<p style=\"text-align: justify;\"><span lang=\"RO\">Kezdd a kalandot az Eiffel-toronyn\u00e1l, a v\u00e1ros ikonikus jelk\u00e9p\u00e9n\u00e9l, \u00e9s \u00e9lvezd a l\u00e9legzetel\u00e1ll\u00edt\u00f3 kil\u00e1t\u00e1st a francia f\u0151v\u00e1rosra. L\u00e1togass el a Louvre M\u00fazeumba, ahol h\u00edres m\u0171alkot\u00e1sokat fedezhetsz fel, k\u00f6zt\u00fck a Mona Lis\u00e1t is, majd s\u00e9t\u00e1lj egyet a Palais Royal gy\u00f6ny\u00f6r\u0171 kertjeiben.<\/span><\/p>\n<p style=\"text-align: justify;\"><span lang=\"RO\">Az impoz\u00e1ns Notre-Dame-sz\u00e9kesegyh\u00e1zt\u00f3l a boh\u00e9m hangulat\u00fa Montmartre negyedig minden v\u00e1rosr\u00e9sznek megvan a maga k\u00fcl\u00f6nleges var\u00e1zsa. K\u00f3stolj meg egy friss croissant-t egy p\u00e1rizsi k\u00e1v\u00e9z\u00f3ban, vagy fedezd fel a helyi gasztron\u00f3mi\u00e1t a Rue Cler \u00e9ttermeiben.<\/span><\/p>\n<p style=\"text-align: justify;\"><span lang=\"RO\">Este P\u00e1rizs igaz\u00e1n \u00e9letre kel: pezsg\u0151 \u00e9jszakai \u00e9let v\u00e1r r\u00e1d, a Champs-\u00c9lys\u00e9es sz\u00ednh\u00e1zait\u00f3l a hangulatos Le Marais b\u00e1rjaiig. Ak\u00e1r m\u0171v\u00e9szetet, t\u00f6rt\u00e9nelmet keresel, ak\u00e1r csak egy kis kikapcsol\u00f3d\u00e1sra v\u00e1gysz, P\u00e1rizs minden l\u00e9p\u00e9sn\u00e9l leny\u0171g\u00f6z! Fedezd fel ennek a var\u00e1zslatos v\u00e1rosnak a sz\u00e9ps\u00e9g\u00e9t, \u00e9s hagyd, hogy inspir\u00e1ljon!<\/span><\/p>\n<p><strong>Tov\u00e1bbi inform\u00e1ci\u00f3 itt tal\u00e1lhat\u00f3<\/strong>: <a href=\"https:\/\/parisjetaime.com\/eng\/\" target=\"_blank\" rel=\"noopener\">https:\/\/parisjetaime.com\/eng\/<\/a><br \/>\n<strong>A l\u00e9git\u00e1rsas\u00e1g<\/strong>: <a href=\"https:\/\/www.wizzair.com\/hu-hu\" target=\"_blank\" rel=\"noopener\">https:\/\/www.wizzair.com\/hu-hu<\/a><br \/>\n<strong>C\u00e9l rep\u00fcl\u0151t\u00e9r<\/strong>: <a href=\"https:\/\/www.aeroportparisbeauvais.com\/en\/passengers\" target=\"_blank\" rel=\"noopener\">https:\/\/www.aeroportparisbeauvais.com\/en\/passengers<\/a>[\/vc_column_text][\/vc_column][\/vc_row][vc_row][vc_column][vc_column_text css=&#8221;&#8221;]<\/p>\n<h3>Baden-Baden<\/h3>\n<p style=\"text-align: justify;\"><span lang=\"RO\"><img loading=\"lazy\" decoding=\"async\" class=\"alignnone wp-image-40940 size-full\" src=\"https:\/\/aeroportultransilvania.ro\/wp-content\/uploads\/2026\/04\/baden-baden.jpg\" alt=\"baden baden\" width=\"1080\" height=\"1300\" srcset=\"https:\/\/aeroportultransilvania.ro\/wp-content\/uploads\/2026\/04\/baden-baden.jpg 1080w, https:\/\/aeroportultransilvania.ro\/wp-content\/uploads\/2026\/04\/baden-baden-249x300.jpg 249w, https:\/\/aeroportultransilvania.ro\/wp-content\/uploads\/2026\/04\/baden-baden-851x1024.jpg 851w, https:\/\/aeroportultransilvania.ro\/wp-content\/uploads\/2026\/04\/baden-baden-768x924.jpg 768w\" sizes=\"(max-width: 1080px) 100vw, 1080px\" \/><\/span><\/p>\n<p>Baden-Baden N\u00e9metorsz\u00e1g egyik legeleg\u00e1nsabb \u00e9s legkifinomultabb \u00fati c\u00e9lja, a gy\u00f6ny\u00f6r\u0171 Fekete-erd\u0151 (Schwarzwald) l\u00e1b\u00e1n\u00e1l tal\u00e1lhat\u00f3. T\u00f6bb mint 2000 \u00e9ves f\u00fcrd\u0151kult\u00far\u00e1j\u00e1r\u00f3l h\u00edres, a v\u00e1ros t\u00f6k\u00e9letes kombin\u00e1ci\u00f3j\u00e1t ny\u00fajtja a pihen\u00e9snek, a kult\u00far\u00e1nak \u00e9s a term\u00e9szet k\u00f6zels\u00e9g\u00e9nek.<\/p>\n<p>A l\u00e1togat\u00f3kat els\u0151sorban a h\u00edres term\u00e1lf\u00fcrd\u0151k vonzz\u00e1k, mint a Caracalla Spa \u00e9s a Friedrichsbad, ahol modern vagy t\u00f6rt\u00e9nelmi k\u00f6rnyezetben \u00e9lhetik \u00e1t a wellness \u00e9lm\u00e9nyt. Baden-Baden kultur\u00e1lis szempontb\u00f3l is kiemelked\u0151, hiszen olyan rangos int\u00e9zm\u00e9nyeknek ad otthont, mint a Festspielhaus \u2013 Eur\u00f3pa egyik legnagyobb operah\u00e1za \u00e9s koncertterme.<\/p>\n<p>A v\u00e1ros eleg\u00e1ns \u00e9p\u00edt\u00e9szet\u00e9vel, gondozott parkjaival \u00e9s nyugodt hangulat\u00e1val ny\u0171g\u00f6zi le az ide \u00e9rkez\u0151ket, t\u00f6k\u00e9letes hely egy kellemes s\u00e9t\u00e1ra. A Baden-Badeni kaszin\u00f3, amelyet a vil\u00e1g egyik legszebbjek\u00e9nt tartanak sz\u00e1mon, tov\u00e1bb emeli a v\u00e1ros k\u00fcl\u00f6nleges hangulat\u00e1t.<\/p>\n<p>A k\u00f6zeli Fekete-erd\u0151 remek lehet\u0151s\u00e9geket k\u00edn\u00e1l t\u00far\u00e1z\u00e1sra, ker\u00e9kp\u00e1roz\u00e1sra \u00e9s a leny\u0171g\u00f6z\u0151 term\u00e9szeti t\u00e1jak felfedez\u00e9s\u00e9re. Legyen sz\u00f3 kikapcsol\u00f3d\u00e1sr\u00f3l, kult\u00far\u00e1r\u00f3l vagy akt\u00edv pihen\u00e9sr\u0151l, Baden-Baden ide\u00e1lis v\u00e1laszt\u00e1s egy felejthetetlen kiruccan\u00e1shoz.<\/p>\n<p>A Karlsruhe\/Baden-Baden-i rep\u00fcl\u0151t\u00e9r (FKB) strat\u00e9giai helyen van, k\u00f6zel Franciaorsz\u00e1ghoz, Belgiumhoz \u00e9s Sv\u00e1jchoz, \u00edgy egy ide\u00e1lis bel\u00e9p\u00e9si pont a r\u00e9gi\u00f3ba. Strasbourg \u00e9s Colmar v\u00e1rosok k\u00f6nnyen megk\u00f6zel\u00edthet\u0151k, ez\u00e9rt az FKB-re tart\u00f3 j\u00e1ratok kiv\u00e1l\u00f3 v\u00e1laszt\u00e1st jelentenek mind Baden-Badenhez, mind Nyugat-Eur\u00f3pa felfedez\u00e9s\u00e9hez.<\/p>\n<p><strong>Tov\u00e1bbi inform\u00e1ci\u00f3 itt tal\u00e1lhat\u00f3<\/strong>: <a href=\"https:\/\/www.baden-baden.com\/en\" target=\"_blank\" rel=\"noopener\">https:\/\/www.baden-baden.com\/en<\/a><br \/>\n<strong>A l\u00e9git\u00e1rsas\u00e1g<\/strong>: <a href=\"https:\/\/www.wizzair.com\/hu-hu\" target=\"_blank\" rel=\"noopener\">https:\/\/www.wizzair.com\/hu-hu<\/a><br \/>\n<strong>C\u00e9l rep\u00fcl\u0151t\u00e9r<\/strong>: <a href=\"https:\/\/www.baden-airpark.de\/en\/\" target=\"_blank\" rel=\"noopener\">https:\/\/www.baden-airpark.de\/en\/<\/a>[\/vc_column_text][\/vc_column][\/vc_row]<\/p>\n<\/div>","protected":false},"excerpt":{"rendered":"<p>[vc_row][vc_column][vc_column_text css=&#8221;&#8221;] Wizz Air www.wizzair.com 0903 760 105[\/vc_column_text][\/vc_column][\/vc_row][vc_row][vc_column][vc_column_text css=&#8221;&#8221;] Mil\u00e1n\u00f3 Mil\u00e1n\u00f3 Olaszorsz\u00e1g egyik legfontosabb v\u00e1rosa, valamint Eur\u00f3pa egyik vezet\u0151 k\u00f6zpontja a divat, az \u00fczleti \u00e9let \u00e9s a kult\u00fara ter\u00e9n. Eleganci\u00e1j\u00e1r\u00f3l ismert v\u00e1ros, amely harmonikusan \u00f6tv\u00f6zi a t\u00f6rt\u00e9nelmet a modernit\u00e1ssal, \u00e9s teljes k\u00f6r\u0171 v\u00e1rosi \u00e9lm\u00e9nyt k\u00edn\u00e1l a l\u00e1togat\u00f3knak. Olyan ikonikus l\u00e1tnival\u00f3k, mint a Mil\u00e1n\u00f3i D\u00f3m, a [&hellip;]<\/p>\n","protected":false},"author":3,"featured_media":0,"parent":0,"menu_order":30,"comment_status":"closed","ping_status":"closed","template":"","meta":{"footnotes":""},"class_list":["post-10442","page","type-page","status-publish","hentry"],"_links":{"self":[{"href":"https:\/\/aeroportultransilvania.ro\/hu\/wp-json\/wp\/v2\/pages\/10442"}],"collection":[{"href":"https:\/\/aeroportultransilvania.ro\/hu\/wp-json\/wp\/v2\/pages"}],"about":[{"href":"https:\/\/aeroportultransilvania.ro\/hu\/wp-json\/wp\/v2\/types\/page"}],"author":[{"embeddable":true,"href":"https:\/\/aeroportultransilvania.ro\/hu\/wp-json\/wp\/v2\/users\/3"}],"replies":[{"embeddable":true,"href":"https:\/\/aeroportultransilvania.ro\/hu\/wp-json\/wp\/v2\/comments?post=10442"}],"version-history":[{"count":22,"href":"https:\/\/aeroportultransilvania.ro\/hu\/wp-json\/wp\/v2\/pages\/10442\/revisions"}],"predecessor-version":[{"id":40943,"href":"https:\/\/aeroportultransilvania.ro\/hu\/wp-json\/wp\/v2\/pages\/10442\/revisions\/40943"}],"wp:attachment":[{"href":"https:\/\/aeroportultransilvania.ro\/hu\/wp-json\/wp\/v2\/media?parent=10442"}],"curies":[{"name":"wp","href":"https:\/\/api.w.org\/{rel}","templated":true}]}}