{"id":10585,"date":"2019-03-21T12:31:59","date_gmt":"2019-03-21T10:31:59","guid":{"rendered":"https:\/\/aeroportultransilvania.ro\/cabinet-medical\/"},"modified":"2019-03-21T13:04:07","modified_gmt":"2019-03-21T11:04:07","slug":"cabinet-medical","status":"publish","type":"page","link":"https:\/\/aeroportultransilvania.ro\/hu\/cabinet-medical\/","title":{"rendered":"Orvosi rendel\u0151"},"content":{"rendered":"<p>Az orvosi rendel\u0151 eg\u00e9szs\u00e9g\u00fcgyi ell\u00e1t\u00e1st \u00e9s els\u0151seg\u00e9lyt ny\u00fajt az utasok, a k\u00eds\u00e9r\u0151ik, illetve a rep\u00fcl\u0151t\u00e9ren m\u0171k\u00f6d\u0151 \u00fczemeltet\u0151k sz\u00e1m\u00e1ra a szem\u00e9lyzet kompetenci\u00e1j\u00e1nak \u00e9s a felszerelts\u00e9g\u00e9nek megfelel\u0151en.<\/p>\n<p><strong>Az orvosi rendel\u0151 riaszt\u00e1sa:<\/strong> egy orvosi probl\u00e9ma bejelent\u00e9se, k\u00f6zvetlen\u00fcl a rendel\u0151ben t\u00f6rt\u00e9nik, avagy telefonon, illetve az <strong>\u2019\u2019orvosi rendel\u0151\u2019\u2019<\/strong> r\u00e1di\u00f3h\u00edv\u00f3jel haszn\u00e1lat\u00e1val, a f\u00f6ldi diszp\u00e9cser\/handling munkat\u00e1rs\/ir\u00e1ny\u00edt\u00f3torony\/rep\u00fcl\u0151g\u00e9p pil\u00f3ta valamint m\u00e1s rep\u00fcl\u0151t\u00e9ri munkat\u00e1rs utas\u00edt\u00e1s\u00e1ra.<br \/>\n<strong>Telefonsz\u00e1m:<\/strong> <strong>+40-265-328.738 bels\u0151 h\u00edv\u00f3sz\u00e1m 212<\/strong><\/p>\n<p><img loading=\"lazy\" decoding=\"async\" class=\"size-full wp-image-10537 alignleft\" src=\"https:\/\/aeroportultransilvania.ro\/wp-content\/uploads\/2019\/03\/2.png\" alt=\"\" width=\"819\" height=\"461\" srcset=\"https:\/\/aeroportultransilvania.ro\/wp-content\/uploads\/2019\/03\/2.png 819w, https:\/\/aeroportultransilvania.ro\/wp-content\/uploads\/2019\/03\/2-300x169.png 300w, https:\/\/aeroportultransilvania.ro\/wp-content\/uploads\/2019\/03\/2-768x432.png 768w\" sizes=\"(max-width: 819px) 100vw, 819px\" \/><\/p>\n","protected":false},"excerpt":{"rendered":"<p>Az orvosi rendel\u0151 eg\u00e9szs\u00e9g\u00fcgyi ell\u00e1t\u00e1st \u00e9s els\u0151seg\u00e9lyt ny\u00fajt az utasok, a k\u00eds\u00e9r\u0151ik, illetve a rep\u00fcl\u0151t\u00e9ren m\u0171k\u00f6d\u0151 \u00fczemeltet\u0151k sz\u00e1m\u00e1ra a szem\u00e9lyzet kompetenci\u00e1j\u00e1nak \u00e9s a felszerelts\u00e9g\u00e9nek megfelel\u0151en. Az orvosi rendel\u0151 riaszt\u00e1sa: egy orvosi probl\u00e9ma bejelent\u00e9se, k\u00f6zvetlen\u00fcl a rendel\u0151ben t\u00f6rt\u00e9nik, avagy telefonon, illetve az \u2019\u2019orvosi rendel\u0151\u2019\u2019 r\u00e1di\u00f3h\u00edv\u00f3jel haszn\u00e1lat\u00e1val, a f\u00f6ldi diszp\u00e9cser\/handling munkat\u00e1rs\/ir\u00e1ny\u00edt\u00f3torony\/rep\u00fcl\u0151g\u00e9p pil\u00f3ta valamint m\u00e1s rep\u00fcl\u0151t\u00e9ri munkat\u00e1rs utas\u00edt\u00e1s\u00e1ra. [&hellip;]<\/p>\n","protected":false},"author":3,"featured_media":0,"parent":0,"menu_order":90,"comment_status":"closed","ping_status":"closed","template":"","meta":{"footnotes":""},"class_list":["post-10585","page","type-page","status-publish","hentry"],"_links":{"self":[{"href":"https:\/\/aeroportultransilvania.ro\/hu\/wp-json\/wp\/v2\/pages\/10585"}],"collection":[{"href":"https:\/\/aeroportultransilvania.ro\/hu\/wp-json\/wp\/v2\/pages"}],"about":[{"href":"https:\/\/aeroportultransilvania.ro\/hu\/wp-json\/wp\/v2\/types\/page"}],"author":[{"embeddable":true,"href":"https:\/\/aeroportultransilvania.ro\/hu\/wp-json\/wp\/v2\/users\/3"}],"replies":[{"embeddable":true,"href":"https:\/\/aeroportultransilvania.ro\/hu\/wp-json\/wp\/v2\/comments?post=10585"}],"version-history":[{"count":1,"href":"https:\/\/aeroportultransilvania.ro\/hu\/wp-json\/wp\/v2\/pages\/10585\/revisions"}],"predecessor-version":[{"id":10587,"href":"https:\/\/aeroportultransilvania.ro\/hu\/wp-json\/wp\/v2\/pages\/10585\/revisions\/10587"}],"wp:attachment":[{"href":"https:\/\/aeroportultransilvania.ro\/hu\/wp-json\/wp\/v2\/media?parent=10585"}],"curies":[{"name":"wp","href":"https:\/\/api.w.org\/{rel}","templated":true}]}}