{"id":14016,"date":"2021-05-19T13:09:05","date_gmt":"2021-05-19T10:09:05","guid":{"rendered":"https:\/\/aeroportultransilvania.ro\/conditii-de-calatorie-in-germania\/"},"modified":"2021-10-04T17:05:24","modified_gmt":"2021-10-04T14:05:24","slug":"conditii-de-calatorie-in-anglia","status":"publish","type":"page","link":"https:\/\/aeroportultransilvania.ro\/hu\/conditii-de-calatorie-in-anglia\/","title":{"rendered":"Conditii de calatorie in Anglia"},"content":{"rendered":"\r\n<p><a href=\"https:\/\/www.gov.uk\/government\/publications\/coronavirus-covid-19-travellers-exempt-from-uk-border-rules\/coronavirus-covid-19-travellers-exempt-from-uk-border-rules\" target=\"_blank\" rel=\"noopener noreferrer\">https:\/\/www.gov.uk\/government\/publications\/coronavirus-covid-19-travellers-exempt-from-uk-border-rules\/coronavirus-covid-19-travellers-exempt-from-uk-border-rules<\/a><\/p>\r\n<p><a href=\"https:\/\/www.gov.uk\/guidance\/red-amber-and-green-list-rules-for-entering-england\" target=\"_blank\" rel=\"noopener noreferrer\">https:\/\/www.gov.uk\/guidance\/red-amber-and-green-list-rules-for-entering-england<\/a><\/p>\r\n<p>&nbsp;<\/p>\r\n<p>!!! Aten\u021bie Stima\u021bi Pasageri<\/p>\r\n<p>RO: V\u0103 inform\u0103m c\u0103, \u00eencep\u00e2nd cu 4 octombrie, noi restric\u021bii de c\u0103l\u0103torie intr\u0103 \u00een vigoare \u00een Marea Britanie.<\/p>\r\n<p>Modific\u0103ri ale regulilor interna\u021bionale de c\u0103l\u0103torie &#8211; plec\u0103ri \u00een Marea Britanie<\/p>\r\n<p>Luni, 4 octombrie 2021, de la ora 04:00, regulile pentru c\u0103l\u0103toriile interna\u021bionale \u00een Anglia se vor schimba de la sistemul red, amber, green la o list\u0103 ro\u0219ie unic\u0103 de \u021b\u0103ri \u0219i m\u0103surile vor fi simplificate de c\u0103l\u0103torie pentru sosirile din restul lumii. Regulile pentru c\u0103l\u0103toriile din \u021b\u0103ri \u0219i teritorii care nu se afl\u0103 pe lista ro\u0219ie vor depinde de situa\u021bia pasagerului privind vaccinarea.<\/p>\r\n<p>C\u0103l\u0103toria pentru pasageri complet vaccina\u021bi dintr-o \u021bar\u0103 care nu figureaz\u0103 pe lista ro\u0219ie:<\/p>\r\n<p>Luni, 4 octombrie 2021, de la ora 04:00, pasagerii se calific\u0103 drept complet vaccina\u021bi dac\u0103 sunt vaccina\u021bi fie:<\/p>\r\n<ul>\r\n<li>\u00een cadrul unui program de vaccinare aprobat \u00een Marea Britanie, Europa, SUA sau programul de vaccinare din Marea Britanie \u00een str\u0103in\u0103tate;<\/li>\r\n<li>cu un curs complet de vaccinuri Oxford \/ AstraZeneca, Pfizer BioNTech, Moderna sau Janssen de la un organism relevant de s\u0103n\u0103tate public\u0103 din Australia, Antigua \u0219i Barbuda, Barbados, Bahrain, Brunei, Canada, Dominica, Israel, Japonia, Kuweit, Malaezia, Nou Zeeland\u0103, Qatar, Arabia Saudit\u0103, Singapore, Coreea de Sud, Taiwan sau Emiratele Arabe Unite (EAU).<\/li>\r\n<\/ul>\r\n<p>Pasagerii trebuie s\u0103 fi avut un curs complet de vaccin aprobat cu cel pu\u021bin 14 zile \u00eenainte de sosirea \u00een Marea Britanie.<\/p>\r\n<p>Regulile pentru persoanele complet vaccinate se vor aplica \u0219i urm\u0103toarelor categorii de pasageri:<\/p>\r\n<ul>\r\n<li>sub 18 ani \u0219i rezident \u00een Marea Britanie, \u00een \u021b\u0103rile sau teritoriile listate cu programe de vaccinare aprobate<\/li>\r\n<li>participarea la un studiu de vaccin COVID-19 aprobat \u00een Marea Britanie sau SUA<\/li>\r\n<\/ul>\r\n<p>Dac\u0103 pasagerul este complet vaccinat, trebuie s\u0103:<\/p>\r\n<ul>\r\n<li>rezerve \u0219i s\u0103 pl\u0103teasc\u0103 un test COVID-19 la ziua 2<\/li>\r\n<li>completeze \u0219i s\u0103 prezinte pe aeroportul de plecare un formular de localizare a pasagerilor (\u0219i s\u0103 \u00eenregistreze num\u0103rul de referin\u021b\u0103 al testului COVID-19 din ziua 2 pe PLF).<\/li>\r\n<\/ul>\r\n<p>Pentru a se califica pentru aceste reguli, pasagerii trebuie s\u0103 poat\u0103 dovedi companiei aeriene \/ agen\u021bilor de pe aeroportul de plecare c\u0103 au fost complet vaccina\u021bi (plus 14 zile) cu un document (digital sau pe h\u00e2rtie) de la o autoritate de s\u0103n\u0103tate public\u0103 sau o institu\u021bie specializat\u0103. \u00cen cazul \u00een care pasagerii au fost vaccina\u021bi complet \u00een Europa, vor trebui s\u0103 prezinte un certificat COVID digital al UE (EU DCC) la check-in sau la \u00eembarcare pentru zborul lor.<\/p>\r\n<p>Condi\u021bii pentru pasagerii care NU sunt complet vaccina\u021bi \u0219i care nu c\u0103l\u0103toresc dintr-o \u021bar\u0103 care figureaz\u0103 pe lista ro\u0219ie:<\/p>\r\n<p>Pasagerii care nu sunt complet vaccina\u021bi trebuie:<\/p>\r\n<ul>\r\n<li>s\u0103 prezinte la aeroportul de plecare un test COVID-19 \u00eenainte de plecare &#8211; care va fi efectuat \u00een cele 3 zile \u00eenainte de c\u0103l\u0103torie;<\/li>\r\n<li>s\u0103 rezerve \u0219i s\u0103 pl\u0103teasc\u0103 pentru testele COVID-19 din ziua 2 \u0219i 8;<\/li>\r\n<li>s\u0103 completeze \u0219i s\u0103 prezinte la aeroportul de plecare un formular de localizare a pasagerilor (\u0219i s\u0103 \u00eenregistreze num\u0103rul de referin\u021b\u0103 al testului COVID-19 din ziua 2 \u0219i ziua .<\/li>\r\n<\/ul>\r\n<p>C\u0103l\u0103toria din una din \u021b\u0103rile care se afl\u0103 pe lista ro\u0219ie:<\/p>\r\n<p>Pasagerilor care au fost \u00eentr-o \u021bar\u0103 sau teritoriu de pe lista ro\u0219ie \u00een ultimele 10 zile li se va permite s\u0103 intre \u00een Marea Britanie numai dac\u0103 sunt cet\u0103\u021beni britanici sau irlandezi sau au drepturi de \u0219edere \u00een Marea Britanie.<\/p>\r\n<p>Pasagerii care sosesc dintr-o \u021bar\u0103 din lista ro\u0219ie, indiferent de statutul lor de vaccinare, trebuie:<\/p>\r\n<ul>\r\n<li>s\u0103 prezinte la aeroportul de plecare un test COVID-19 \u00eenainte de plecare &#8211; care va fi luat \u00een cele 3 zile \u00eenainte de c\u0103l\u0103torie;<\/li>\r\n<li>s\u0103 efectueze o rezervare la hotel unde va sta \u00een carantin\u0103, inclusiv 2 teste COVID-19;<\/li>\r\n<li>s\u0103 completeze \u0219i s\u0103 prezinte pe aeroportul de plecare un formular de localizare a pasagerilor (\u0219i s\u0103 \u00eenregistreze num\u0103rul de referin\u021b\u0103 al rezerv\u0103rii hotelului unde va sta \u00een carantin\u0103 pe PLF).<\/li>\r\n<\/ul>\r\n<p>Lista \u021b\u0103rilor din zona ro\u0219ie (RED LIST):<\/p>\r\n<p><a href=\"https:\/\/www.gov.uk\/guidance\/red-amber-and-green-list-rules-for-entering-england?fbclid=IwAR1zVgq-4FLU-mM-U2_mscEt_YdnPcvQRPruLAAEGYcjsWvGkmcksGToEbc#red-list-rules\" target=\"_blank\" rel=\"noopener noreferrer\">https:\/\/www.gov.uk\/&#8230;\/red-amber-and-green-list-rules-for&#8230;<\/a><\/p>\r\n<p>Mul\u021bumim pentru \u00een\u021belegere.<\/p>\r\n","protected":false},"excerpt":{"rendered":"<p>https:\/\/www.gov.uk\/government\/publications\/coronavirus-covid-19-travellers-exempt-from-uk-border-rules\/coronavirus-covid-19-travellers-exempt-from-uk-border-rules https:\/\/www.gov.uk\/guidance\/red-amber-and-green-list-rules-for-entering-england &nbsp; !!! Aten\u021bie Stima\u021bi Pasageri RO: V\u0103 inform\u0103m c\u0103, \u00eencep\u00e2nd cu 4 octombrie, noi restric\u021bii de c\u0103l\u0103torie intr\u0103 \u00een vigoare \u00een Marea Britanie. Modific\u0103ri ale regulilor interna\u021bionale de c\u0103l\u0103torie &#8211; plec\u0103ri \u00een Marea Britanie Luni, 4 octombrie 2021, de la ora 04:00, regulile pentru c\u0103l\u0103toriile interna\u021bionale \u00een Anglia se vor schimba de la [&hellip;]<\/p>\n","protected":false},"author":3,"featured_media":0,"parent":0,"menu_order":0,"comment_status":"closed","ping_status":"closed","template":"","meta":{"footnotes":""},"class_list":["post-14016","page","type-page","status-publish","hentry"],"_links":{"self":[{"href":"https:\/\/aeroportultransilvania.ro\/hu\/wp-json\/wp\/v2\/pages\/14016"}],"collection":[{"href":"https:\/\/aeroportultransilvania.ro\/hu\/wp-json\/wp\/v2\/pages"}],"about":[{"href":"https:\/\/aeroportultransilvania.ro\/hu\/wp-json\/wp\/v2\/types\/page"}],"author":[{"embeddable":true,"href":"https:\/\/aeroportultransilvania.ro\/hu\/wp-json\/wp\/v2\/users\/3"}],"replies":[{"embeddable":true,"href":"https:\/\/aeroportultransilvania.ro\/hu\/wp-json\/wp\/v2\/comments?post=14016"}],"version-history":[{"count":3,"href":"https:\/\/aeroportultransilvania.ro\/hu\/wp-json\/wp\/v2\/pages\/14016\/revisions"}],"predecessor-version":[{"id":14693,"href":"https:\/\/aeroportultransilvania.ro\/hu\/wp-json\/wp\/v2\/pages\/14016\/revisions\/14693"}],"wp:attachment":[{"href":"https:\/\/aeroportultransilvania.ro\/hu\/wp-json\/wp\/v2\/media?parent=14016"}],"curies":[{"name":"wp","href":"https:\/\/api.w.org\/{rel}","templated":true}]}}