{"id":15363,"date":"2022-03-02T10:08:52","date_gmt":"2022-03-02T08:08:52","guid":{"rendered":"https:\/\/aeroportultransilvania.ro\/modernizarea-aeroportului-transilvania-tirgu-mures-cu-includerea-obiectivelor-din-master-planul-general-de-transport\/"},"modified":"2022-05-26T17:15:38","modified_gmt":"2022-05-26T14:15:38","slug":"modernizarea-aeroportului-transilvania-tirgu-mures-cu-includerea-obiectivelor-din-master-planul-general-de-transport","status":"publish","type":"page","link":"https:\/\/aeroportultransilvania.ro\/hu\/modernizarea-aeroportului-transilvania-tirgu-mures-cu-includerea-obiectivelor-din-master-planul-general-de-transport\/","title":{"rendered":"Modernizarea Aeroportului &#8222;Transilvania&#8221; T\u00eergu Mure\u0219 cu includerea obiectivelor din Master Planul General de Transport"},"content":{"rendered":"<div class=\"wpb-content-wrapper\"><p>[vc_row content_placement=&#8221;middle&#8221; css=&#8221;.vc_custom_1646211716677{margin-bottom: 60px !important;}&#8221;][vc_column width=&#8221;1\/3&#8243;][vc_single_image image=&#8221;15336&#8243; img_size=&#8221;full&#8221; alignment=&#8221;center&#8221;][\/vc_column][vc_column width=&#8221;1\/3&#8243;][vc_single_image image=&#8221;15339&#8243; img_size=&#8221;full&#8221; alignment=&#8221;center&#8221;][\/vc_column][vc_column width=&#8221;1\/3&#8243;][vc_single_image image=&#8221;15342&#8243; img_size=&#8221;full&#8221; alignment=&#8221;center&#8221;][\/vc_column][\/vc_row][vc_row css=&#8221;.vc_custom_1646209658262{margin-bottom: 50px !important;}&#8221;][vc_column][vc_column_text]<\/p>\n<h5 style=\"text-align: center;\"><strong>Proiect &#8222;Modernizarea Aeroportului &#8222;Transilvania&#8221; T\u00eergu Mure\u0219 cu includerea obiectivelor din Master Planul General de Transport&#8221;<\/strong><\/h5>\n<p style=\"text-align: center;\"><strong>Cod proiect: 148339<\/strong><\/p>\n<p>[\/vc_column_text][\/vc_column][\/vc_row][vc_row css=&#8221;.vc_custom_1646209681459{margin-bottom: 50px !important;}&#8221;][vc_column width=&#8221;1\/2&#8243;][vc_column_text]<strong>ANUN\u021aURI DE PRES\u0102<\/strong>[\/vc_column_text]<div class=\"row\"><p>\n\t\t\t\t\t\t<a rel=\"bookmark\" href=\"https:\/\/aeroportultransilvania.ro\/hu\/anunt-de-presa-privind-finalizarea-proiectului-modernizarea-aeroportului-transilvania-targu-mures-cu-includerea-obiectivelor-din-master-planul-general-de-transport\/\">Anun\u021b de pres\u0103 Privind finalizarea proiectului \u201eModernizarea Aeroportului \u201eTransilvania\u201c T\u00e2rgu Mure\u0219 cu includerea obiectivelor din Master Planul General de Transport\u201d, Cod SMIS 148339<\/a>\n\t\t\t\t\t<\/p>\n\t\t\t\t\t<p>\n\t\t\t\t\t\t<span class=\"posted-on\">22.01.2026<\/span>\n\t\t\t\t\t<\/p><hr\/><p>\n\t\t\t\t\t\t<a rel=\"bookmark\" href=\"https:\/\/aeroportultransilvania.ro\/hu\/anunt-de-presa-2\/\">Anunt de presa<\/a>\n\t\t\t\t\t<\/p>\n\t\t\t\t\t<p>\n\t\t\t\t\t\t<span class=\"posted-on\">27.05.2022<\/span>\n\t\t\t\t\t<\/p><hr\/><\/div>[\/vc_column][vc_column width=&#8221;1\/2&#8243;][vc_column_text]<strong>\u0218TIRI \u0218I NOUT\u0102\u021aI<\/strong>[\/vc_column_text]<div class=\"row\"><p>\n\t\t\t\t\t\t<a rel=\"bookmark\" href=\"https:\/\/aeroportultransilvania.ro\/hu\/anunt-licitatie-pentru-atribuirea-contractului-sectorial-avand-ca-obiect-achizitionarea-instalarea-si-punerea-in-functiune-a-unor-echipamente-scanare-securitate-pasageri-si-bagaje\/\">ANUN\u021a LICITA\u021aIE pentru atribuirea contractului sectorial av\u00e2nd ca obiect achizi\u021bionarea, instalarea \u0219i punerea \u00een func\u021biune a unor \u201eEchipamente Scanare Securitate Pasageri \u0218i Bagaje\u201d<\/a>\n\t\t\t\t\t<\/p>\n\t\t\t\t\t<p>\n\t\t\t\t\t\t<span class=\"posted-on\">18.07.2022<\/span>\n\t\t\t\t\t<\/p><hr\/><\/div>[\/vc_column][\/vc_row][vc_row][vc_column][vc_column_text]<\/p>\n<h5 style=\"text-align: center;\"><strong>Decriere Proiect &#8222;Modernizarea Aeroportului &#8222;Transilvania&#8221; T\u00eergu Mure\u0219 cu includerea obiectivelor din Master Planul General de Transport&#8221;<\/strong><\/h5>\n<p style=\"text-align: center;\"><strong>Cod proiect: 148339<\/strong><\/p>\n<p>[\/vc_column_text][\/vc_column][\/vc_row][vc_row][vc_column][vc_column_text]\u00cen data de 18 Ianuarie 2022 a fost semnat Contractul de finan\u021bare \u00eentre Ministerul Transporturilor \u0219i Aeroportul Interna\u021bional ,,Transilvania\u201d T\u00e2rgu Mure\u0219 pentru Proiectul,,Modernizarea Aeroportului \u201eTransilvania\u201d T\u00e2rgu Mure\u0219 cu includerea obiectivelor din Master Planul General de Transport din cadrul Programului Opera\u021bional Infrastructur\u0103 Mare POIM 2014-2020, Axa Prioritar\u0103 2- Dezvoltarea unui sistem de transport multimodal, de calitate, durabil \u0219i eficient, Obiectiv Specific 2.3.-Cre\u0219terea gradului de utilizare sustenabil\u0103 a aeroporturilor.<\/p>\n<p>Proiectul ,,Modernizarea Aeroportului \u201eTransilvania\u201d T\u00e2rgu Mure\u0219 cu includerea obiectivelor din Master Planul General de Transport\u201d\u2013 cod SMIS 148339, este cofinan\u021bat din Fondul European pentru Dezvoltare Regional\u0103 prin Programul Opera\u021bional Infrastructur\u0103 Mare 2014\u20132020.<\/p>\n<p>Perioada de implementare a Proiectului este de 74 luni, respectiv \u00eentre data 01.11.2017 \u0219i 31.12.2023.<\/p>\n<p>Valoarea totala a proiectului este de: 128.772.911,56 lei, din care valoarea cofinantarii UE este \u00een valoare de 91.688.219,30 lei.<\/p>\n<p>Obiectivul general al proiectului consta \u00een majorarea capacitatii si \u00eembunatatirii conditiilor de desfasurare a traficului de pasageri \u00een conditii de maxima siguranta si a unui grad de securitate adecvat, la nivelul Aeroportului Transilvania T\u00e2rgu Mures, conform reglementarilor europene si nationale \u00een domeniul transportului aerian. Proiectul prevede extinderea platformei de parcare aeronave si extinderea terminalului de pasageri.<\/p>\n<p>In vederea realizarii obiectivului general au fost stabilite urmatoarele obiective specifice:<\/p>\n<ol>\n<li>Extinderea platformei de parcare aeronave cu suprafata de 8300 mp (8000 mp suprafata portanta si 300 mp suprafata acostamente)<\/li>\n<li>Extinderea terminalului de pasageri p\u00e2na la suprafata de 9.397 mp<\/li>\n<li>Majorarea capacitatii de procesarea unui numar mare de pasageri la plecari\/sosiri interne si internationale<\/li>\n<\/ol>\n<p>Beneficiarul proiectului este RA Aeroportul ,,Transilvania\u201d T\u00e2rgu Mure\u0219.[\/vc_column_text][\/vc_column][\/vc_row][vc_row css=&#8221;.vc_custom_1646209860201{margin-bottom: 50px !important;}&#8221;][vc_column width=&#8221;1\/2&#8243;][vc_single_image image=&#8221;15421&#8243; img_size=&#8221;full&#8221; alignment=&#8221;center&#8221; onclick=&#8221;link_image&#8221;][\/vc_column][vc_column width=&#8221;1\/2&#8243;][vc_single_image image=&#8221;15424&#8243; img_size=&#8221;full&#8221; alignment=&#8221;center&#8221; onclick=&#8221;link_image&#8221;][\/vc_column][\/vc_row][vc_row][vc_column width=&#8221;1\/2&#8243;][vc_column_text]Con\u021binutul acestui material nu reprezint\u0103 \u00een mod obligatoriu pozi\u021bia oficial\u0103 a Uniunii Europene sau a Guvernului Rom\u00e2niei[\/vc_column_text][\/vc_column][vc_column width=&#8221;1\/2&#8243;][vc_column_text]Pentru informa\u021bii detaliate despre celelalte programe cofinan\u021bate de Uniunea European\u0103, va invit\u0103m s\u0103 vizita\u021bi <a href=\"https:\/\/www.fonduri-ue.ro\/\" target=\"_blank\" rel=\"noopener noreferrer\">www.fonduri-ue.ro<\/a>[\/vc_column_text][\/vc_column][\/vc_row][vc_row content_placement=&#8221;middle&#8221;][vc_column width=&#8221;1\/4&#8243;][\/vc_column][vc_column width=&#8221;1\/4&#8243;][vc_single_image image=&#8221;15377&#8243; img_size=&#8221;full&#8221; alignment=&#8221;center&#8221;][\/vc_column][vc_column width=&#8221;1\/4&#8243;][vc_single_image image=&#8221;15496&#8243; img_size=&#8221;full&#8221; alignment=&#8221;center&#8221;][\/vc_column][vc_column width=&#8221;1\/4&#8243;][\/vc_column][\/vc_row][vc_row][vc_column][vc_column_text]<\/p>\n<p style=\"text-align: center;\">Publicat in 01.02.2022<\/p>\n<p>[\/vc_column_text][\/vc_column][\/vc_row]<\/p>\n<\/div>","protected":false},"excerpt":{"rendered":"<p>[vc_row content_placement=&#8221;middle&#8221; css=&#8221;.vc_custom_1646211716677{margin-bottom: 60px !important;}&#8221;][vc_column width=&#8221;1\/3&#8243;][vc_single_image image=&#8221;15336&#8243; img_size=&#8221;full&#8221; alignment=&#8221;center&#8221;][\/vc_column][vc_column width=&#8221;1\/3&#8243;][vc_single_image image=&#8221;15339&#8243; img_size=&#8221;full&#8221; alignment=&#8221;center&#8221;][\/vc_column][vc_column width=&#8221;1\/3&#8243;][vc_single_image image=&#8221;15342&#8243; img_size=&#8221;full&#8221; alignment=&#8221;center&#8221;][\/vc_column][\/vc_row][vc_row css=&#8221;.vc_custom_1646209658262{margin-bottom: 50px !important;}&#8221;][vc_column][vc_column_text] Proiect &#8222;Modernizarea Aeroportului &#8222;Transilvania&#8221; T\u00eergu Mure\u0219 cu includerea obiectivelor din Master Planul General de Transport&#8221; Cod proiect: 148339 [\/vc_column_text][\/vc_column][\/vc_row][vc_row css=&#8221;.vc_custom_1646209681459{margin-bottom: 50px !important;}&#8221;][vc_column width=&#8221;1\/2&#8243;][vc_column_text]ANUN\u021aURI DE PRES\u0102[\/vc_column_text][\/vc_column][vc_column width=&#8221;1\/2&#8243;][vc_column_text]\u0218TIRI \u0218I NOUT\u0102\u021aI[\/vc_column_text][\/vc_column][\/vc_row][vc_row][vc_column][vc_column_text] Decriere Proiect &#8222;Modernizarea Aeroportului &#8222;Transilvania&#8221; T\u00eergu Mure\u0219 [&hellip;]<\/p>\n","protected":false},"author":3,"featured_media":0,"parent":0,"menu_order":0,"comment_status":"closed","ping_status":"closed","template":"page-templates\/default-without-sidebar.php","meta":{"footnotes":""},"class_list":["post-15363","page","type-page","status-publish","hentry"],"_links":{"self":[{"href":"https:\/\/aeroportultransilvania.ro\/hu\/wp-json\/wp\/v2\/pages\/15363"}],"collection":[{"href":"https:\/\/aeroportultransilvania.ro\/hu\/wp-json\/wp\/v2\/pages"}],"about":[{"href":"https:\/\/aeroportultransilvania.ro\/hu\/wp-json\/wp\/v2\/types\/page"}],"author":[{"embeddable":true,"href":"https:\/\/aeroportultransilvania.ro\/hu\/wp-json\/wp\/v2\/users\/3"}],"replies":[{"embeddable":true,"href":"https:\/\/aeroportultransilvania.ro\/hu\/wp-json\/wp\/v2\/comments?post=15363"}],"version-history":[{"count":25,"href":"https:\/\/aeroportultransilvania.ro\/hu\/wp-json\/wp\/v2\/pages\/15363\/revisions"}],"predecessor-version":[{"id":15917,"href":"https:\/\/aeroportultransilvania.ro\/hu\/wp-json\/wp\/v2\/pages\/15363\/revisions\/15917"}],"wp:attachment":[{"href":"https:\/\/aeroportultransilvania.ro\/hu\/wp-json\/wp\/v2\/media?parent=15363"}],"curies":[{"name":"wp","href":"https:\/\/api.w.org\/{rel}","templated":true}]}}