{"id":15373,"date":"2022-03-02T10:11:21","date_gmt":"2022-03-02T08:11:21","guid":{"rendered":"https:\/\/aeroportultransilvania.ro\/achizitionare-sistem-echipamente-securitate-aeroportuara-si-realizare-remiza-psi\/"},"modified":"2022-05-26T17:17:05","modified_gmt":"2022-05-26T14:17:05","slug":"achizitionare-sistem-echipamente-securitate-aeroportuara-si-realizare-remiza-psi","status":"publish","type":"page","link":"https:\/\/aeroportultransilvania.ro\/hu\/achizitionare-sistem-echipamente-securitate-aeroportuara-si-realizare-remiza-psi\/","title":{"rendered":"Achizi\u021bionare Sistem Echipamente Securitate Aeroportuar\u0103 si realizare Remiz\u0103 PSI"},"content":{"rendered":"<div class=\"wpb-content-wrapper\"><p>[vc_row content_placement=&#8221;middle&#8221; css=&#8221;.vc_custom_1646211726765{margin-bottom: 60px !important;}&#8221;][vc_column width=&#8221;1\/3&#8243;][vc_single_image image=&#8221;15336&#8243; img_size=&#8221;full&#8221; alignment=&#8221;center&#8221;][\/vc_column][vc_column width=&#8221;1\/3&#8243;][vc_single_image image=&#8221;15339&#8243; img_size=&#8221;full&#8221; alignment=&#8221;center&#8221;][\/vc_column][vc_column width=&#8221;1\/3&#8243;][vc_single_image image=&#8221;15342&#8243; img_size=&#8221;full&#8221; alignment=&#8221;center&#8221;][\/vc_column][\/vc_row][vc_row css=&#8221;.vc_custom_1646209658262{margin-bottom: 50px !important;}&#8221;][vc_column][vc_column_text]<\/p>\n<h5 style=\"text-align: center;\"><strong>Proiect &#8222;<\/strong><strong>Achizi\u021bionare Sistem Echipamente Securitate Aeroportuar\u0103 si realizare Remiz\u0103 PSI<\/strong><strong>&#8222;<\/strong><\/h5>\n<p style=\"text-align: center;\"><strong>Cod proiect: 147225<\/strong><\/p>\n<p>[\/vc_column_text][\/vc_column][\/vc_row][vc_row css=&#8221;.vc_custom_1646209681459{margin-bottom: 50px !important;}&#8221;][vc_column width=&#8221;1\/2&#8243;][vc_column_text]<strong>ANUN\u021aURI DE PRES\u0102<\/strong>[\/vc_column_text]<div class=\"row\"><p>\n\t\t\t\t\t\t<a rel=\"bookmark\" href=\"https:\/\/aeroportultransilvania.ro\/hu\/anunt-de-presa-privind-achizitionare-sistem-echipamente-securitate-aeroportuara-si-realizare-remiza-psi\/\">Anunt de presa privind achizi\u021bionare Sistem Echipamente Securitate Aeroportuar\u0103 si realizare Remiz\u0103 PSI<\/a>\n\t\t\t\t\t<\/p>\n\t\t\t\t\t<p>\n\t\t\t\t\t\t<span class=\"posted-on\">05.08.2025<\/span>\n\t\t\t\t\t<\/p><hr\/><p>\n\t\t\t\t\t\t<a rel=\"bookmark\" href=\"https:\/\/aeroportultransilvania.ro\/hu\/anunt-de-presa\/\">Anunt de presa<\/a>\n\t\t\t\t\t<\/p>\n\t\t\t\t\t<p>\n\t\t\t\t\t\t<span class=\"posted-on\">26.05.2022<\/span>\n\t\t\t\t\t<\/p><hr\/><\/div>[\/vc_column][vc_column width=&#8221;1\/2&#8243;][vc_column_text]<strong>\u0218TIRI \u0218I NOUT\u0102\u021aI<\/strong>[\/vc_column_text]<div class=\"row\"><p>\n\t\t\t\t\t\t<a rel=\"bookmark\" href=\"https:\/\/aeroportultransilvania.ro\/hu\/anunt-licitatie-pentru-atribuirea-contractului-sectorial-avand-ca-obiect-proiectarea-si-executia-lucrarilor-pentru-obiectivul-construire-remiza-psi\/\">ANUN\u021a LICITA\u021aIE pentru atribuirea contractului sectorial av\u00e2nd ca obiect proiectarea \u0219i execu\u021bia lucr\u0103rilor pentru obiectivul \u201eConstruire Remiz\u0103 PSI\u201d<\/a>\n\t\t\t\t\t<\/p>\n\t\t\t\t\t<p>\n\t\t\t\t\t\t<span class=\"posted-on\">18.07.2022<\/span>\n\t\t\t\t\t<\/p><hr\/><\/div>[\/vc_column][\/vc_row][vc_row][vc_column][vc_column_text]<\/p>\n<h5 style=\"text-align: center;\"><strong>Decriere <\/strong><strong>Proiect &#8222;<\/strong><strong>Achizi\u021bionare Sistem Echipamente Securitate Aeroportuar\u0103 si realizare Remiz\u0103 PSI<\/strong><strong>&#8222;<\/strong><\/h5>\n<p style=\"text-align: center;\"><strong>Cod proiect: 147225<\/strong><\/p>\n<p>[\/vc_column_text][\/vc_column][\/vc_row][vc_row][vc_column][vc_column_text]\u00cen data de 18 Ianuarie 2022 a fost semnat Contractul de finan\u021bare \u00eentre Ministerul Transporturilor \u0219i Aeroportul Interna\u021bional ,,Transilvania\u201d T\u00e2rgu Mure\u0219 pentru Proiectul,, \u201eAchizitionare Sistem Echipamente Securitate Aeroportuar\u0103 \u0219i realizare Remiz\u0103 PSI&#8221;, din cadrul Programului Opera\u021bional Infrastructur\u0103 Mare POIM 2014-2020, Axa Prioritar\u0103 2- Dezvoltarea unui sistem de transport multimodal, de calitate, durabil \u0219i eficient, Obiectiv Specific 2.3.-Cre\u0219terea gradului de utilizare sustenabil\u0103 a aeroporturilor.<\/p>\n<p>Proiectul \u201eAchizitionare Sistem Echipamente Securitate Aeroportuar\u0103 \u0219i realizare Remiz\u0103 PSI&#8221;-cod SMIS 147225, este cofinan\u021bat din Fondul European pentru Dezvoltare Regional\u0103 prin Programul Opera\u021bional Infrastructur\u0103 Mare 2014\u20132020.<\/p>\n<p>Perioada de implementare a proiectului 01.05.2019-31.05.2023<\/p>\n<p>Valoarea totala a proiectului este de: 20.175.711,71 lei, din care valoarea cofinantarii UE este \u00een valoare de 14.382.783,17 lei.<\/p>\n<p>Obiectivul general al proiectului consta \u00een dezvoltarea infrastructurii de transport aerian a Aeroportului Transilvania T\u00e2rgu Mures \u00een vederea maximizarii gradului de siguranta si securitate, conform reglementarilor europene si nationale specifice acestui domeniu.<\/p>\n<p>In vederea realizarii obiectivului general au fost stabilite urmatoarele obiective specifice:<\/p>\n<ol>\n<li>Achizitionarea unui Echipament Securitate Aeroportuara (SESA) modern si performant<\/li>\n<li>Construirea unei Remize PSI si dotarea corespunzatoare a acesteia<\/li>\n<li>Maximizarea gradului de confort al pasagerilor \u00een contextul sigurantei si securitatii aeroportuare<\/li>\n<\/ol>\n<p>Beneficiarul proiectului este RA Aeroportul ,,Transilvania\u201d T\u00e2rgu Mure\u0219.[\/vc_column_text][\/vc_column][\/vc_row][vc_row css=&#8221;.vc_custom_1646209860201{margin-bottom: 50px !important;}&#8221;][vc_column width=&#8221;1\/2&#8243;][vc_single_image image=&#8221;15473&#8243; img_size=&#8221;full&#8221; alignment=&#8221;center&#8221; onclick=&#8221;link_image&#8221;][\/vc_column][vc_column width=&#8221;1\/2&#8243;][\/vc_column][\/vc_row][vc_row][vc_column width=&#8221;1\/2&#8243;][vc_column_text]Con\u021binutul acestui material nu reprezint\u0103 \u00een mod obligatoriu pozi\u021bia oficial\u0103 a Uniunii Europene sau a Guvernului Rom\u00e2niei[\/vc_column_text][\/vc_column][vc_column width=&#8221;1\/2&#8243;][vc_column_text]Pentru informa\u021bii detaliate despre celelalte programe cofinan\u021bate de Uniunea European\u0103, va invit\u0103m s\u0103 vizita\u021bi <a href=\"https:\/\/www.fonduri-ue.ro\/\" target=\"_blank\" rel=\"noopener noreferrer\">www.fonduri-ue.ro<\/a>[\/vc_column_text][\/vc_column][\/vc_row][vc_row content_placement=&#8221;middle&#8221;][vc_column width=&#8221;1\/4&#8243;][\/vc_column][vc_column width=&#8221;1\/4&#8243;][vc_single_image image=&#8221;15377&#8243; img_size=&#8221;full&#8221; alignment=&#8221;center&#8221;][\/vc_column][vc_column width=&#8221;1\/4&#8243;][vc_single_image image=&#8221;15496&#8243; img_size=&#8221;full&#8221; alignment=&#8221;center&#8221;][\/vc_column][vc_column width=&#8221;1\/4&#8243;][\/vc_column][\/vc_row][vc_row][vc_column][vc_column_text]<\/p>\n<p style=\"text-align: center;\">Publicat in 01.02.2022<\/p>\n<p>[\/vc_column_text][\/vc_column][\/vc_row]<\/p>\n<\/div>","protected":false},"excerpt":{"rendered":"<p>[vc_row content_placement=&#8221;middle&#8221; css=&#8221;.vc_custom_1646211726765{margin-bottom: 60px !important;}&#8221;][vc_column width=&#8221;1\/3&#8243;][vc_single_image image=&#8221;15336&#8243; img_size=&#8221;full&#8221; alignment=&#8221;center&#8221;][\/vc_column][vc_column width=&#8221;1\/3&#8243;][vc_single_image image=&#8221;15339&#8243; img_size=&#8221;full&#8221; alignment=&#8221;center&#8221;][\/vc_column][vc_column width=&#8221;1\/3&#8243;][vc_single_image image=&#8221;15342&#8243; img_size=&#8221;full&#8221; alignment=&#8221;center&#8221;][\/vc_column][\/vc_row][vc_row css=&#8221;.vc_custom_1646209658262{margin-bottom: 50px !important;}&#8221;][vc_column][vc_column_text] Proiect &#8222;Achizi\u021bionare Sistem Echipamente Securitate Aeroportuar\u0103 si realizare Remiz\u0103 PSI&#8222; Cod proiect: 147225 [\/vc_column_text][\/vc_column][\/vc_row][vc_row css=&#8221;.vc_custom_1646209681459{margin-bottom: 50px !important;}&#8221;][vc_column width=&#8221;1\/2&#8243;][vc_column_text]ANUN\u021aURI DE PRES\u0102[\/vc_column_text][\/vc_column][vc_column width=&#8221;1\/2&#8243;][vc_column_text]\u0218TIRI \u0218I NOUT\u0102\u021aI[\/vc_column_text][\/vc_column][\/vc_row][vc_row][vc_column][vc_column_text] Decriere Proiect &#8222;Achizi\u021bionare Sistem Echipamente Securitate Aeroportuar\u0103 si realizare Remiz\u0103 PSI&#8222; Cod [&hellip;]<\/p>\n","protected":false},"author":3,"featured_media":0,"parent":0,"menu_order":0,"comment_status":"closed","ping_status":"closed","template":"page-templates\/default-without-sidebar.php","meta":{"footnotes":""},"class_list":["post-15373","page","type-page","status-publish","hentry"],"_links":{"self":[{"href":"https:\/\/aeroportultransilvania.ro\/hu\/wp-json\/wp\/v2\/pages\/15373"}],"collection":[{"href":"https:\/\/aeroportultransilvania.ro\/hu\/wp-json\/wp\/v2\/pages"}],"about":[{"href":"https:\/\/aeroportultransilvania.ro\/hu\/wp-json\/wp\/v2\/types\/page"}],"author":[{"embeddable":true,"href":"https:\/\/aeroportultransilvania.ro\/hu\/wp-json\/wp\/v2\/users\/3"}],"replies":[{"embeddable":true,"href":"https:\/\/aeroportultransilvania.ro\/hu\/wp-json\/wp\/v2\/comments?post=15373"}],"version-history":[{"count":6,"href":"https:\/\/aeroportultransilvania.ro\/hu\/wp-json\/wp\/v2\/pages\/15373\/revisions"}],"predecessor-version":[{"id":15920,"href":"https:\/\/aeroportultransilvania.ro\/hu\/wp-json\/wp\/v2\/pages\/15373\/revisions\/15920"}],"wp:attachment":[{"href":"https:\/\/aeroportultransilvania.ro\/hu\/wp-json\/wp\/v2\/media?parent=15373"}],"curies":[{"name":"wp","href":"https:\/\/api.w.org\/{rel}","templated":true}]}}