{"id":35001,"date":"2024-05-20T16:13:42","date_gmt":"2024-05-20T13:13:42","guid":{"rendered":"https:\/\/aeroportultransilvania.ro\/autoritatea-nationala-de-supraveghere-a-prelucrarii-datelor-cu-caracter-personal\/"},"modified":"2024-05-20T16:13:42","modified_gmt":"2024-05-20T13:13:42","slug":"autoritatea-nationala-de-supraveghere-a-prelucrarii-datelor-cu-caracter-personal","status":"publish","type":"page","link":"https:\/\/aeroportultransilvania.ro\/hu\/autoritatea-nationala-de-supraveghere-a-prelucrarii-datelor-cu-caracter-personal\/","title":{"rendered":"AUTORITATEA NA\u0162IONAL\u0102 de SUPRAVEGHERE a PRELUCR\u0102RII DATELOR cu CARACTER PERSONAL"},"content":{"rendered":"<p>Pl\u00e2ngerea poate fi depus\u0103 pe site \u2013 ul:<\/p>\n<p><a href=\"https:\/\/www.dataprotection.ro\/?page=Plangeri_pagina_principala\">https:\/\/www.dataprotection.ro\/?page=Plangeri_pagina_principala<\/a><\/p>\n","protected":false},"excerpt":{"rendered":"<p>Pl\u00e2ngerea poate fi depus\u0103 pe site \u2013 ul: https:\/\/www.dataprotection.ro\/?page=Plangeri_pagina_principala<\/p>\n","protected":false},"author":3,"featured_media":0,"parent":0,"menu_order":0,"comment_status":"closed","ping_status":"closed","template":"","meta":{"footnotes":""},"class_list":["post-35001","page","type-page","status-publish","hentry"],"_links":{"self":[{"href":"https:\/\/aeroportultransilvania.ro\/hu\/wp-json\/wp\/v2\/pages\/35001"}],"collection":[{"href":"https:\/\/aeroportultransilvania.ro\/hu\/wp-json\/wp\/v2\/pages"}],"about":[{"href":"https:\/\/aeroportultransilvania.ro\/hu\/wp-json\/wp\/v2\/types\/page"}],"author":[{"embeddable":true,"href":"https:\/\/aeroportultransilvania.ro\/hu\/wp-json\/wp\/v2\/users\/3"}],"replies":[{"embeddable":true,"href":"https:\/\/aeroportultransilvania.ro\/hu\/wp-json\/wp\/v2\/comments?post=35001"}],"version-history":[{"count":0,"href":"https:\/\/aeroportultransilvania.ro\/hu\/wp-json\/wp\/v2\/pages\/35001\/revisions"}],"wp:attachment":[{"href":"https:\/\/aeroportultransilvania.ro\/hu\/wp-json\/wp\/v2\/media?parent=35001"}],"curies":[{"name":"wp","href":"https:\/\/api.w.org\/{rel}","templated":true}]}}