{"id":9087,"date":"2019-02-16T10:05:48","date_gmt":"2019-02-16T08:05:48","guid":{"rendered":"https:\/\/aeroportultransilvania.ro\/organizarea-si-functionarea-aeroportului\/"},"modified":"2024-06-03T11:19:47","modified_gmt":"2024-06-03T08:19:47","slug":"organizarea-si-functionarea-aeroportului","status":"publish","type":"page","link":"https:\/\/aeroportultransilvania.ro\/hu\/organizarea-si-functionarea-aeroportului\/","title":{"rendered":"A rep\u00fcl\u0151t\u00e9r szervez\u00e9se \u00e9s m\u0171k\u00f6d\u00e9se"},"content":{"rendered":"<p><a href=\"https:\/\/aeroportultransilvania.ro\/wp-content\/uploads\/2023\/06\/PLANUL-DE-INTEGRIATATE-AL-AEROPORTULUI-2023-SNA.pdf\">PLANUL DE INTEGRIATATE AL AEROPORTULUI 2023 SNA<\/a><\/p>\n<p><a href=\"https:\/\/aeroportultransilvania.ro\/wp-content\/uploads\/2024\/06\/Declaratia-de-asumare-a-unei-agende-de-integriatate.pdf\">Declaratia de asumare a unei agende de integriatate<\/a><\/p>\n<p>HG 398\/1997<br \/>\n<a href=\"http:\/\/legislatie.just.ro\/Public\/DetaliiDocument\/12622\">http:\/\/legislatie.just.ro\/Public\/DetaliiDocument\/12622<\/a><\/p>\n<p>HCJM 25\/2012<br \/>\n<a href=\"http:\/\/www.cjmures.ro\/Hotariri\/Hot2012\/hot025_2012.htm\">http:\/\/www.cjmures.ro\/Hotariri\/Hot2012\/hot025_2012.htm<\/a><\/p>\n<p>HCJM 117\/2012<br \/>\n<a href=\"http:\/\/www.cjmures.ro\/Hotariri\/Hot2012\/hot117_2012.htm\">http:\/\/www.cjmures.ro\/Hotariri\/Hot2012\/hot117_2012.htm<\/a><\/p>\n<p>HCJM 161\/2012<br \/>\n<a href=\"http:\/\/www.cjmures.ro\/Hotariri\/Hot2012\/hot161_2012.htm\">http:\/\/www.cjmures.ro\/Hotariri\/Hot2012\/hot161_2012.htm<\/a><\/p>\n<p>HCJM 106\/2015<br \/>\n<a href=\"http:\/\/www.cjmures.ro\/Hotariri\/Hot2015\/hot106_2015.pdf\">http:\/\/www.cjmures.ro\/Hotariri\/Hot2015\/hot106_2015.pdf<\/a><\/p>\n<p>HCJM 169\/2016<br \/>\n<a href=\"http:\/\/www.cjmures.ro\/Hotariri\/Hot2016\/hot169_2016.pdf\">http:\/\/www.cjmures.ro\/Hotariri\/Hot2016\/hot169_2016.pdf<\/a><\/p>\n<p>HCJM 95\/2017<br \/>\n<a href=\"http:\/\/www.cjmures.ro\/Hotariri\/Hot2017\/hot095_2017.pdf\">http:\/\/www.cjmures.ro\/Hotariri\/Hot2017\/hot095_2017.pdf<\/a><\/p>\n","protected":false},"excerpt":{"rendered":"<p>PLANUL DE INTEGRIATATE AL AEROPORTULUI 2023 SNA Declaratia de asumare a unei agende de integriatate HG 398\/1997 http:\/\/legislatie.just.ro\/Public\/DetaliiDocument\/12622 HCJM 25\/2012 http:\/\/www.cjmures.ro\/Hotariri\/Hot2012\/hot025_2012.htm HCJM 117\/2012 http:\/\/www.cjmures.ro\/Hotariri\/Hot2012\/hot117_2012.htm HCJM 161\/2012 http:\/\/www.cjmures.ro\/Hotariri\/Hot2012\/hot161_2012.htm HCJM 106\/2015 http:\/\/www.cjmures.ro\/Hotariri\/Hot2015\/hot106_2015.pdf HCJM 169\/2016 http:\/\/www.cjmures.ro\/Hotariri\/Hot2016\/hot169_2016.pdf HCJM 95\/2017 http:\/\/www.cjmures.ro\/Hotariri\/Hot2017\/hot095_2017.pdf<\/p>\n","protected":false},"author":5,"featured_media":0,"parent":0,"menu_order":220,"comment_status":"closed","ping_status":"closed","template":"","meta":{"footnotes":""},"class_list":["post-9087","page","type-page","status-publish","hentry"],"_links":{"self":[{"href":"https:\/\/aeroportultransilvania.ro\/hu\/wp-json\/wp\/v2\/pages\/9087"}],"collection":[{"href":"https:\/\/aeroportultransilvania.ro\/hu\/wp-json\/wp\/v2\/pages"}],"about":[{"href":"https:\/\/aeroportultransilvania.ro\/hu\/wp-json\/wp\/v2\/types\/page"}],"author":[{"embeddable":true,"href":"https:\/\/aeroportultransilvania.ro\/hu\/wp-json\/wp\/v2\/users\/5"}],"replies":[{"embeddable":true,"href":"https:\/\/aeroportultransilvania.ro\/hu\/wp-json\/wp\/v2\/comments?post=9087"}],"version-history":[{"count":4,"href":"https:\/\/aeroportultransilvania.ro\/hu\/wp-json\/wp\/v2\/pages\/9087\/revisions"}],"predecessor-version":[{"id":35077,"href":"https:\/\/aeroportultransilvania.ro\/hu\/wp-json\/wp\/v2\/pages\/9087\/revisions\/35077"}],"wp:attachment":[{"href":"https:\/\/aeroportultransilvania.ro\/hu\/wp-json\/wp\/v2\/media?parent=9087"}],"curies":[{"name":"wp","href":"https:\/\/api.w.org\/{rel}","templated":true}]}}