{"id":9111,"date":"2019-02-16T10:17:20","date_gmt":"2019-02-16T08:17:20","guid":{"rendered":"https:\/\/aeroportultransilvania.ro\/organigrama\/"},"modified":"2026-04-14T09:27:26","modified_gmt":"2026-04-14T06:27:26","slug":"organigrama","status":"publish","type":"page","link":"https:\/\/aeroportultransilvania.ro\/hu\/organigrama\/","title":{"rendered":"Szervezeti Fel\u00e9p\u00edt\u00e9s"},"content":{"rendered":"<p><a href=\"https:\/\/aeroportultransilvania.ro\/wp-content\/uploads\/2026\/04\/Organigrama.pdf\">Organigrama<\/a><\/p>\n","protected":false},"excerpt":{"rendered":"<p>Organigrama<\/p>\n","protected":false},"author":5,"featured_media":0,"parent":0,"menu_order":250,"comment_status":"closed","ping_status":"closed","template":"","meta":{"footnotes":""},"class_list":["post-9111","page","type-page","status-publish","hentry"],"_links":{"self":[{"href":"https:\/\/aeroportultransilvania.ro\/hu\/wp-json\/wp\/v2\/pages\/9111"}],"collection":[{"href":"https:\/\/aeroportultransilvania.ro\/hu\/wp-json\/wp\/v2\/pages"}],"about":[{"href":"https:\/\/aeroportultransilvania.ro\/hu\/wp-json\/wp\/v2\/types\/page"}],"author":[{"embeddable":true,"href":"https:\/\/aeroportultransilvania.ro\/hu\/wp-json\/wp\/v2\/users\/5"}],"replies":[{"embeddable":true,"href":"https:\/\/aeroportultransilvania.ro\/hu\/wp-json\/wp\/v2\/comments?post=9111"}],"version-history":[{"count":4,"href":"https:\/\/aeroportultransilvania.ro\/hu\/wp-json\/wp\/v2\/pages\/9111\/revisions"}],"predecessor-version":[{"id":40782,"href":"https:\/\/aeroportultransilvania.ro\/hu\/wp-json\/wp\/v2\/pages\/9111\/revisions\/40782"}],"wp:attachment":[{"href":"https:\/\/aeroportultransilvania.ro\/hu\/wp-json\/wp\/v2\/media?parent=9111"}],"curies":[{"name":"wp","href":"https:\/\/api.w.org\/{rel}","templated":true}]}}