{"id":9113,"date":"2019-02-16T10:36:11","date_gmt":"2019-02-16T08:36:11","guid":{"rendered":"https:\/\/aeroportultransilvania.ro\/programe-si-strategii\/"},"modified":"2019-03-01T12:48:32","modified_gmt":"2019-03-01T10:48:32","slug":"programe-si-strategii","status":"publish","type":"page","link":"https:\/\/aeroportultransilvania.ro\/hu\/programe-si-strategii\/","title":{"rendered":"Programok \u00e9s strat\u00e9gi\u00e1k"},"content":{"rendered":"<p><a href=\"https:\/\/aeroportultransilvania.ro\/wp-content\/uploads\/2019\/02\/cater-project-door-to-door-in-4-hours-2014-09-08.pdf\" target=\"_blank\" rel=\"noopener noreferrer\">CATER PROJECT \u2013 Door to door in 4 Hours<\/a><\/p>\n<p><a href=\"https:\/\/aeroportultransilvania.ro\/wp-content\/uploads\/2019\/02\/Studiul-de-prefezabilitate-pentru-modernizarea-aeroportului.pdf\">A rep\u00fcl\u0151t\u00e9r moderniz\u00e1l\u00e1s\u00e1nak el\u0151zetes megval\u00f3s\u00edthat\u00f3s\u00e1gi tanulm\u00e1nya<\/a><\/p>\n<p><a href=\"https:\/\/aeroportultransilvania.ro\/wp-content\/uploads\/2019\/02\/SAAP-2019.pdf\" target=\"_blank\" rel=\"noopener noreferrer\">SAAP 2019<\/a><\/p>\n<p><a href=\"https:\/\/aeroportultransilvania.ro\/wp-content\/uploads\/2019\/03\/Proiectul-Spice.pdf\" target=\"_blank\" rel=\"noopener noreferrer\">Spice Project<\/a><\/p>\n","protected":false},"excerpt":{"rendered":"<p>CATER PROJECT \u2013 Door to door in 4 Hours A rep\u00fcl\u0151t\u00e9r moderniz\u00e1l\u00e1s\u00e1nak el\u0151zetes megval\u00f3s\u00edthat\u00f3s\u00e1gi tanulm\u00e1nya SAAP 2019 Spice Project<\/p>\n","protected":false},"author":5,"featured_media":0,"parent":0,"menu_order":340,"comment_status":"closed","ping_status":"closed","template":"","meta":{"footnotes":""},"class_list":["post-9113","page","type-page","status-publish","hentry"],"_links":{"self":[{"href":"https:\/\/aeroportultransilvania.ro\/hu\/wp-json\/wp\/v2\/pages\/9113"}],"collection":[{"href":"https:\/\/aeroportultransilvania.ro\/hu\/wp-json\/wp\/v2\/pages"}],"about":[{"href":"https:\/\/aeroportultransilvania.ro\/hu\/wp-json\/wp\/v2\/types\/page"}],"author":[{"embeddable":true,"href":"https:\/\/aeroportultransilvania.ro\/hu\/wp-json\/wp\/v2\/users\/5"}],"replies":[{"embeddable":true,"href":"https:\/\/aeroportultransilvania.ro\/hu\/wp-json\/wp\/v2\/comments?post=9113"}],"version-history":[{"count":4,"href":"https:\/\/aeroportultransilvania.ro\/hu\/wp-json\/wp\/v2\/pages\/9113\/revisions"}],"predecessor-version":[{"id":10347,"href":"https:\/\/aeroportultransilvania.ro\/hu\/wp-json\/wp\/v2\/pages\/9113\/revisions\/10347"}],"wp:attachment":[{"href":"https:\/\/aeroportultransilvania.ro\/hu\/wp-json\/wp\/v2\/media?parent=9113"}],"curies":[{"name":"wp","href":"https:\/\/api.w.org\/{rel}","templated":true}]}}