{"id":9212,"date":"2019-02-16T12:00:57","date_gmt":"2019-02-16T10:00:57","guid":{"rendered":"https:\/\/aeroportultransilvania.ro\/achizitii-publice\/"},"modified":"2026-01-15T12:18:32","modified_gmt":"2026-01-15T10:18:32","slug":"achizitii-publice","status":"publish","type":"page","link":"https:\/\/aeroportultransilvania.ro\/hu\/achizitii-publice\/","title":{"rendered":"K\u00f6zbeszerz\u00e9s"},"content":{"rendered":"<div class=\"wpb-content-wrapper\"><p>[vc_row][vc_column][vc_tta_accordion][vc_tta_section title=&#8221;\u00c9ves k\u00f6zbeszerz\u00e9si program&#8221; tab_id=&#8221;1550311189290-89eeaf05-cccf&#8221;][vc_column_text]<a href=\"https:\/\/aeroportultransilvania.ro\/wp-content\/uploads\/2022\/01\/Plan-Achizitii-Publice-Contract-finantare-133.pdf\">Plan Achizitii Publice Contract finantare 133<\/a><br \/>\n<a href=\"https:\/\/aeroportultransilvania.ro\/wp-content\/uploads\/2022\/01\/Plan-Achizitii-Publice-Contract-finantare-134.pdf\">Plan Achizitii Publice Contract finantare 134<\/a><br \/>\n<a href=\"https:\/\/aeroportultransilvania.ro\/wp-content\/uploads\/2021\/11\/PAAP-finantare-Proiect-economic.pdf\" target=\"_blank\" rel=\"noopener noreferrer\">PAAP finantare Proiect economic<\/a><br \/>\n<a href=\"https:\/\/aeroportultransilvania.ro\/wp-content\/uploads\/2021\/11\/PAAP-finantare-Proiect-non-economic.pdf\" target=\"_blank\" rel=\"noopener noreferrer\">PAAP finantare Proiect non economic<\/a><br \/>\n<a href=\"https:\/\/aeroportultransilvania.ro\/wp-content\/uploads\/2021\/10\/PAAP-actualizat-versiunea-IX-2021.pdf\" target=\"_blank\" rel=\"noopener noreferrer\">PAAP actualizat versiunea IX 2021<\/a><br \/>\n<a href=\"https:\/\/aeroportultransilvania.ro\/wp-content\/uploads\/2021\/03\/PAAP-2021.pdf\" target=\"_blank\" rel=\"noopener noreferrer\">PAAP 2021<\/a><br \/>\n<a href=\"https:\/\/aeroportultransilvania.ro\/wp-content\/uploads\/2021\/02\/PAAP-08.07.pdf\" target=\"_blank\" rel=\"noopener noreferrer\">PAAP 2020<\/a><br \/>\n<a href=\"https:\/\/aeroportultransilvania.ro\/wp-content\/uploads\/2019\/06\/PAAP-2019-001.pdf\" target=\"_blank\" rel=\"noopener noreferrer\">PAAP 2019<\/a>[\/vc_column_text][\/vc_tta_section][vc_tta_section title=&#8221;A k\u00f6zbeszerz\u00e9sek k\u00f6zpontos\u00edt\u00e1sa \u00e9s a t\u00f6bb mint 5000 eur\u00f3 \u00e9rt\u00e9k\u0171 szerz\u0151d\u00e9sek&#8221; tab_id=&#8221;1550311189318-1a3ffdbe-8c4a&#8221;][vc_column_text css=&#8221;&#8221;]<a href=\"https:\/\/aeroportultransilvania.ro\/wp-content\/uploads\/2019\/02\/Contracte-2017.xlsx\">Contracte 2017<\/a><br \/>\n<a href=\"https:\/\/aeroportultransilvania.ro\/wp-content\/uploads\/2025\/02\/Contracte-5000-EUR-2024.pdf\">Contracte 2024<\/a><br \/>\n<a href=\"https:\/\/aeroportultransilvania.ro\/wp-content\/uploads\/2026\/01\/Contracte-2025.pdf\">Contracte 2025<\/a>[\/vc_column_text][\/vc_tta_section][vc_tta_section title=&#8221;Szerz\u0151d\u00e9sek (2015-t\u0151l kezd\u0151d\u0151en)&#8221; tab_id=&#8221;1550311271212-79f2976d-cd08&#8243;][vc_column_text]<a href=\"https:\/\/aeroportultransilvania.ro\/wp-content\/uploads\/2019\/02\/Centralizator-contracte-2015.xlsx\">Centralizator contracte 2015<\/a><br \/>\n<a href=\"https:\/\/aeroportultransilvania.ro\/wp-content\/uploads\/2019\/02\/Centralizator-contracte-2016.xlsx\">Centralizator contracte 2016<\/a><br \/>\n<a href=\"https:\/\/aeroportultransilvania.ro\/wp-content\/uploads\/2019\/02\/Centralizator-contracte-2017.xlsx\">Centralizator contracte 2017<\/a><br \/>\n<a href=\"https:\/\/aeroportultransilvania.ro\/wp-content\/uploads\/2019\/02\/Centralizator-contracte-2018.xlsx\">Centralizator contracte 2018<\/a>[\/vc_column_text][\/vc_tta_section][\/vc_tta_accordion][\/vc_column][\/vc_row]<\/p>\n<\/div>","protected":false},"excerpt":{"rendered":"<p>[vc_row][vc_column][vc_tta_accordion][vc_tta_section title=&#8221;\u00c9ves k\u00f6zbeszerz\u00e9si program&#8221; tab_id=&#8221;1550311189290-89eeaf05-cccf&#8221;][vc_column_text]Plan Achizitii Publice Contract finantare 133 Plan Achizitii Publice Contract finantare 134 PAAP finantare Proiect economic PAAP finantare Proiect non economic PAAP actualizat versiunea IX 2021 PAAP 2021 PAAP 2020 PAAP 2019[\/vc_column_text][\/vc_tta_section][vc_tta_section title=&#8221;A k\u00f6zbeszerz\u00e9sek k\u00f6zpontos\u00edt\u00e1sa \u00e9s a t\u00f6bb mint 5000 eur\u00f3 \u00e9rt\u00e9k\u0171 szerz\u0151d\u00e9sek&#8221; tab_id=&#8221;1550311189318-1a3ffdbe-8c4a&#8221;][vc_column_text css=&#8221;&#8221;]Contracte 2017 Contracte 2024 Contracte 2025[\/vc_column_text][\/vc_tta_section][vc_tta_section title=&#8221;Szerz\u0151d\u00e9sek [&hellip;]<\/p>\n","protected":false},"author":5,"featured_media":0,"parent":0,"menu_order":300,"comment_status":"closed","ping_status":"closed","template":"","meta":{"footnotes":""},"class_list":["post-9212","page","type-page","status-publish","hentry"],"_links":{"self":[{"href":"https:\/\/aeroportultransilvania.ro\/hu\/wp-json\/wp\/v2\/pages\/9212"}],"collection":[{"href":"https:\/\/aeroportultransilvania.ro\/hu\/wp-json\/wp\/v2\/pages"}],"about":[{"href":"https:\/\/aeroportultransilvania.ro\/hu\/wp-json\/wp\/v2\/types\/page"}],"author":[{"embeddable":true,"href":"https:\/\/aeroportultransilvania.ro\/hu\/wp-json\/wp\/v2\/users\/5"}],"replies":[{"embeddable":true,"href":"https:\/\/aeroportultransilvania.ro\/hu\/wp-json\/wp\/v2\/comments?post=9212"}],"version-history":[{"count":8,"href":"https:\/\/aeroportultransilvania.ro\/hu\/wp-json\/wp\/v2\/pages\/9212\/revisions"}],"predecessor-version":[{"id":39846,"href":"https:\/\/aeroportultransilvania.ro\/hu\/wp-json\/wp\/v2\/pages\/9212\/revisions\/39846"}],"wp:attachment":[{"href":"https:\/\/aeroportultransilvania.ro\/hu\/wp-json\/wp\/v2\/media?parent=9212"}],"curies":[{"name":"wp","href":"https:\/\/api.w.org\/{rel}","templated":true}]}}