{"id":9220,"date":"2019-02-16T11:14:47","date_gmt":"2019-02-16T09:14:47","guid":{"rendered":"https:\/\/aeroportultransilvania.ro\/buletin-informativ\/"},"modified":"2019-02-25T11:40:43","modified_gmt":"2019-02-25T09:40:43","slug":"buletin-informativ","status":"publish","type":"page","link":"https:\/\/aeroportultransilvania.ro\/hu\/buletin-informativ\/","title":{"rendered":"Inform\u00e1ci\u00f3s k\u00f6zlem\u00e9ny"},"content":{"rendered":"<p>A 2001, 544-es t\u00f6rv\u00e9ny 5. cikkely\u00e9nek (2) bekezd\u00e9se szerint az \u00e1llami szervek \u00e9s az int\u00e9zm\u00e9nyek k\u00f6telesek \u00e9vente k\u00f6zz\u00e9tenni \u00e9s aktualiz\u00e1lni a k\u00f6z\u00e9rdek\u0171 inform\u00e1ci\u00f3kat tartalmaz\u00f3 t\u00e1j\u00e9koztat\u00f3t. Azt akarjuk, hogy ez a h\u00edrlev\u00e9l val\u00f3s\u00e1gos inform\u00e1ci\u00f3forr\u00e1s legyen minden \u00e9rdekl\u0151d\u0151 sz\u00e1m\u00e1ra.<\/p>\n<p>5. Cikkely<\/p>\n<p>(1) Minden hat\u00f3s\u00e1g vagy k\u00f6zint\u00e9zm\u00e9ny k\u00f6teles hivatalb\u00f3l k\u00f6z\u00f6lni a k\u00f6vetkez\u0151 k\u00f6z\u00e9rdek\u0171 inform\u00e1ci\u00f3kat:<\/p>\n<p>a) <a href=\"https:\/\/aeroportultransilvania.ro\/hu\/organizarea-si-functionarea-aeroportului\/\"><u>normat\u00edv dokumentumokat<\/u><\/a> amelyek szab\u00e1lyozz\u00e1k a hat\u00f3s\u00e1g vagy int\u00e9zm\u00e9ny szervezet\u00e9t \u00e9s m\u0171k\u00f6d\u00e9s\u00e9t;<br \/>\nb)<a href=\"https:\/\/aeroportultransilvania.ro\/hu\/organigrama\/\"> <u>szervezeti fel\u00e9p\u00edt\u00e9se <\/u><\/a>, <a href=\"https:\/\/aeroportultransilvania.ro\/hu\/organigrama\/\"><u>oszt\u00e1lyok attrib\u00fatumai <\/u><\/a>, <u><a href=\"https:\/\/aeroportultransilvania.ro\/hu\/programul-de-functionare\/\">nyitvatart\u00e1si ideje<\/a> <\/u>, <a href=\"https:\/\/aeroportultransilvania.ro\/hu\/program-de-audiente\/\"><u>k\u00f6z\u00f6ns\u00e9g programja\u00a0<\/u><\/a> a hat\u00f3s\u00e1gnak vagy int\u00e9zm\u00e9nynek;<br \/>\nc)<a href=\"https:\/\/aeroportultransilvania.ro\/hu\/conducere\/\"> <u>a vezet\u0151s\u00e9g nevei \u00e9s vezet\u00e9knevei<\/u> <\/a>hat\u00f3s\u00e1goknak vagy k\u00f6z- \u00e9s \u00e1llami int\u00e9zm\u00e9nyeknek \u00e9s a <a href=\"https:\/\/aeroportultransilvania.ro\/hu\/solicitare-informatii\/\"><u>nyilv\u00e1noss\u00e1g t\u00e1j\u00e9koztat\u00e1s\u00e1\u00e9rt felel\u0151s tisztvisel\u0151<\/u><\/a>;<br \/>\nd) <a href=\"https:\/\/aeroportultransilvania.ro\/hu\/datele-de-contact\/\"><u>a hat\u00f3s\u00e1g vagy int\u00e9zm\u00e9ny kapcsolattart\u00e1si adatai<\/u><\/a> nevezetesen: n\u00e9v, sz\u00e9khely, telefonsz\u00e1mok, fax, e-mail c\u00edm \u00e9s webc\u00edm;<br \/>\ne)<a href=\"https:\/\/aeroportultransilvania.ro\/hu\/buget-din-toate-sursele-de-venituri\/\"> <u>p\u00e9nz\u00fcgyi forr\u00e1sok, k\u00f6lts\u00e9gvet\u00e9s;<\/u><\/a>;<br \/>\nf) <a href=\"https:\/\/aeroportultransilvania.ro\/hu\/programe-si-strategii\/\"><u>saj\u00e1t programok \u00e9s strat\u00e9gi\u00e1k;<\/u><\/a>;<br \/>\ng)a k\u00f6z\u00e9rdek\u0171 dokumentumok <a href=\"https:\/\/aeroportultransilvania.ro\/hu\/solicitare-informatii\/\"> <u>list\u00e1j\u00e1t<\/u><\/a>;<br \/>\nh) a jogszab\u00e1lyok szerint el\u0151\u00e1ll\u00edtott \u00e9s\/vagy kezelt dokumentumok kateg\u00f3ri\u00e1inak list\u00e1j\u00e1t;<br \/>\ni) a hat\u00f3s\u00e1g vagy int\u00e9zm\u00e9ny<a href=\"https:\/\/aeroportultransilvania.ro\/hu\/solicitare-informatii\/\"><u>hat\u00e1rozat\u00e1nak megt\u00e1mad\u00e1s\u00e1nak m\u00f3dja <\/u><\/a>abban az esetben, ha a szem\u00e9lynek megs\u00e9rtett\u00e9k a k\u00e9rt k\u00f6z\u00e9rdek\u0171 inform\u00e1ci\u00f3khoz val\u00f3 hozz\u00e1f\u00e9r\u00e9s jog\u00e1t;<\/p>\n","protected":false},"excerpt":{"rendered":"<p>A 2001, 544-es t\u00f6rv\u00e9ny 5. cikkely\u00e9nek (2) bekezd\u00e9se szerint az \u00e1llami szervek \u00e9s az int\u00e9zm\u00e9nyek k\u00f6telesek \u00e9vente k\u00f6zz\u00e9tenni \u00e9s aktualiz\u00e1lni a k\u00f6z\u00e9rdek\u0171 inform\u00e1ci\u00f3kat tartalmaz\u00f3 t\u00e1j\u00e9koztat\u00f3t. Azt akarjuk, hogy ez a h\u00edrlev\u00e9l val\u00f3s\u00e1gos inform\u00e1ci\u00f3forr\u00e1s legyen minden \u00e9rdekl\u0151d\u0151 sz\u00e1m\u00e1ra. 5. Cikkely (1) Minden hat\u00f3s\u00e1g vagy k\u00f6zint\u00e9zm\u00e9ny k\u00f6teles hivatalb\u00f3l k\u00f6z\u00f6lni a k\u00f6vetkez\u0151 k\u00f6z\u00e9rdek\u0171 inform\u00e1ci\u00f3kat: a) normat\u00edv dokumentumokat amelyek [&hellip;]<\/p>\n","protected":false},"author":5,"featured_media":0,"parent":0,"menu_order":270,"comment_status":"closed","ping_status":"closed","template":"","meta":{"footnotes":""},"class_list":["post-9220","page","type-page","status-publish","hentry"],"_links":{"self":[{"href":"https:\/\/aeroportultransilvania.ro\/hu\/wp-json\/wp\/v2\/pages\/9220"}],"collection":[{"href":"https:\/\/aeroportultransilvania.ro\/hu\/wp-json\/wp\/v2\/pages"}],"about":[{"href":"https:\/\/aeroportultransilvania.ro\/hu\/wp-json\/wp\/v2\/types\/page"}],"author":[{"embeddable":true,"href":"https:\/\/aeroportultransilvania.ro\/hu\/wp-json\/wp\/v2\/users\/5"}],"replies":[{"embeddable":true,"href":"https:\/\/aeroportultransilvania.ro\/hu\/wp-json\/wp\/v2\/comments?post=9220"}],"version-history":[{"count":2,"href":"https:\/\/aeroportultransilvania.ro\/hu\/wp-json\/wp\/v2\/pages\/9220\/revisions"}],"predecessor-version":[{"id":9999,"href":"https:\/\/aeroportultransilvania.ro\/hu\/wp-json\/wp\/v2\/pages\/9220\/revisions\/9999"}],"wp:attachment":[{"href":"https:\/\/aeroportultransilvania.ro\/hu\/wp-json\/wp\/v2\/media?parent=9220"}],"curies":[{"name":"wp","href":"https:\/\/api.w.org\/{rel}","templated":true}]}}