{"id":9223,"date":"2019-02-16T10:50:25","date_gmt":"2019-02-16T08:50:25","guid":{"rendered":"https:\/\/aeroportultransilvania.ro\/solicitare-informatii\/"},"modified":"2021-02-23T16:23:24","modified_gmt":"2021-02-23T14:23:24","slug":"solicitare-informatii","status":"publish","type":"page","link":"https:\/\/aeroportultransilvania.ro\/hu\/solicitare-informatii\/","title":{"rendered":"Inform\u00e1ci\u00f3k k\u00e9r\u00e9se"},"content":{"rendered":"<div class=\"wpb-content-wrapper\"><p>[vc_row][vc_column][vc_tta_accordion shape=&#8221;square&#8221; active_section=&#8221;1&#8243;][vc_tta_section title=&#8221;Az 544-2001 t\u00f6rv\u00e9ny\u00e9rt felel\u0151s szem\u00e9ly neve \u00e9s vezet\u00e9kneve&#8221; tab_id=&#8221;1550307064145-16018fcb-6339&#8243;][vc_column_text]K\u00f6z\u00f6ns\u00e9gkapcsolati \u00e9s Marketing Oszt\u00e1ly<\/p>\n<p><strong>Tel:<\/strong> +40-0265-328.888<br \/>\n<strong>E-mail:<\/strong> <a href=\"mailto:office@transylvaniaairport.ro\">office@transylvaniaairport.ro<\/a>[\/vc_column_text][\/vc_tta_section][vc_tta_section title=&#8221;Jelentkez\u00e9si lap az 544-2001 t\u00f6rv\u00e9ny alapj\u00e1n&#8221; tab_id=&#8221;1550307064168-ec747713-7e64&#8243;][vc_column_text]<a href=\"https:\/\/aeroportultransilvania.ro\/wp-content\/uploads\/2019\/02\/Formular-pentru-solicitare-downloadable.docx\">Formular pentru solicitare<\/a>[\/vc_column_text][\/vc_tta_section][vc_tta_section title=&#8221;A d\u00f6nt\u00e9s megt\u00e1mad\u00e1s\u00e1nak m\u00f3dja \u00e9s kapcsol\u00f3d\u00f3 panaszok&#8221; tab_id=&#8221;1550442856741-e9dd7b38-1807&#8243;][vc_column_text]<a href=\"https:\/\/aeroportultransilvania.ro\/wp-content\/uploads\/2019\/02\/Modalitatea-de-contestare-a-deciziei.docx\">Modalitatea de contestare a deciziei<\/a><br \/>\n<a href=\"https:\/\/aeroportultransilvania.ro\/wp-content\/uploads\/2019\/02\/Reclama\u021bie-administrativ\u0103-1.docx\">Reclama\u021bie administrativ\u0103 1<\/a><br \/>\n<a href=\"https:\/\/aeroportultransilvania.ro\/wp-content\/uploads\/2019\/02\/Reclama\u021bie-administrativ\u0103-2.docx\">Reclama\u021bie administrativ\u0103 2<\/a>[\/vc_column_text][\/vc_tta_section][vc_tta_section title=&#8221;A k\u00f6z\u00e9rdek\u0171 dokumentumok list\u00e1ja \u00e9s az int\u00e9zm\u00e9ny \u00e1ltal k\u00e9sz\u00edtett dokumentumok jegyz\u00e9ke&#8221; tab_id=&#8221;1550442861162-44788a07-ba75&#8243;][vc_column_text]<a href=\"https:\/\/aeroportultransilvania.ro\/wp-content\/uploads\/2019\/02\/Art-5.-Legea-544-2001-downloadable.docx\">Art 5. Legea 544-2001<\/a>[\/vc_column_text][\/vc_tta_section][vc_tta_section title=&#8221;Jelent\u00e9sek a 544-2001 t\u00f6rv\u00e9ny alkalmaz\u00e1s\u00e1r\u00f3l&#8221; tab_id=&#8221;1550307166984-49e4dcc2-52b1&#8243;][\/vc_tta_section][\/vc_tta_accordion][\/vc_column][\/vc_row]<\/p>\n<\/div>","protected":false},"excerpt":{"rendered":"<p>[vc_row][vc_column][vc_tta_accordion shape=&#8221;square&#8221; active_section=&#8221;1&#8243;][vc_tta_section title=&#8221;Az 544-2001 t\u00f6rv\u00e9ny\u00e9rt felel\u0151s szem\u00e9ly neve \u00e9s vezet\u00e9kneve&#8221; tab_id=&#8221;1550307064145-16018fcb-6339&#8243;][vc_column_text]K\u00f6z\u00f6ns\u00e9gkapcsolati \u00e9s Marketing Oszt\u00e1ly Tel: +40-0265-328.888 E-mail: office@transylvaniaairport.ro[\/vc_column_text][\/vc_tta_section][vc_tta_section title=&#8221;Jelentkez\u00e9si lap az 544-2001 t\u00f6rv\u00e9ny alapj\u00e1n&#8221; tab_id=&#8221;1550307064168-ec747713-7e64&#8243;][vc_column_text]Formular pentru solicitare[\/vc_column_text][\/vc_tta_section][vc_tta_section title=&#8221;A d\u00f6nt\u00e9s megt\u00e1mad\u00e1s\u00e1nak m\u00f3dja \u00e9s kapcsol\u00f3d\u00f3 panaszok&#8221; tab_id=&#8221;1550442856741-e9dd7b38-1807&#8243;][vc_column_text]Modalitatea de contestare a deciziei Reclama\u021bie administrativ\u0103 1 Reclama\u021bie administrativ\u0103 2[\/vc_column_text][\/vc_tta_section][vc_tta_section title=&#8221;A k\u00f6z\u00e9rdek\u0171 dokumentumok list\u00e1ja \u00e9s az int\u00e9zm\u00e9ny \u00e1ltal k\u00e9sz\u00edtett [&hellip;]<\/p>\n","protected":false},"author":5,"featured_media":0,"parent":0,"menu_order":260,"comment_status":"closed","ping_status":"closed","template":"","meta":{"footnotes":""},"class_list":["post-9223","page","type-page","status-publish","hentry"],"_links":{"self":[{"href":"https:\/\/aeroportultransilvania.ro\/hu\/wp-json\/wp\/v2\/pages\/9223"}],"collection":[{"href":"https:\/\/aeroportultransilvania.ro\/hu\/wp-json\/wp\/v2\/pages"}],"about":[{"href":"https:\/\/aeroportultransilvania.ro\/hu\/wp-json\/wp\/v2\/types\/page"}],"author":[{"embeddable":true,"href":"https:\/\/aeroportultransilvania.ro\/hu\/wp-json\/wp\/v2\/users\/5"}],"replies":[{"embeddable":true,"href":"https:\/\/aeroportultransilvania.ro\/hu\/wp-json\/wp\/v2\/comments?post=9223"}],"version-history":[{"count":5,"href":"https:\/\/aeroportultransilvania.ro\/hu\/wp-json\/wp\/v2\/pages\/9223\/revisions"}],"predecessor-version":[{"id":13686,"href":"https:\/\/aeroportultransilvania.ro\/hu\/wp-json\/wp\/v2\/pages\/9223\/revisions\/13686"}],"wp:attachment":[{"href":"https:\/\/aeroportultransilvania.ro\/hu\/wp-json\/wp\/v2\/media?parent=9223"}],"curies":[{"name":"wp","href":"https:\/\/api.w.org\/{rel}","templated":true}]}}