{"id":9226,"date":"2019-02-15T17:24:41","date_gmt":"2019-02-15T15:24:41","guid":{"rendered":"https:\/\/aeroportultransilvania.ro\/contactati-ne\/"},"modified":"2020-07-17T13:07:33","modified_gmt":"2020-07-17T10:07:33","slug":"contactati-ne","status":"publish","type":"page","link":"https:\/\/aeroportultransilvania.ro\/hu\/contactati-ne\/","title":{"rendered":"L\u00e9pjen kapcsolatba vel\u00fcnk"},"content":{"rendered":"<p><strong>TOV\u00c1BBI \u00dcZLETI LEHET\u0150S\u00c9GEK \u00c9RDEK\u00c9BEN, K\u00c9RJ\u00dcK L\u00c9PJEN KAPCSOLATBA VEL\u00dcNK:<\/strong><\/p>\n<p><strong>TRANSYLVANIA REP\u00dcL\u0150T\u00c9R<\/strong><br \/>\nVidr\u00e1tszeg, Marosv\u00e1s\u00e1rhely \u2013 Ludas \u00fat, 14,5 km<br \/>\nMaros megye, 547612, Rom\u00e1nia<br \/>\nTelefon\u00a0 +40-265-328.259 \/ +40-265-328.258 \/ +40-0265-328.888<br \/>\nFax +40-265-328.257<br \/>\nEmail <a href=\"mailto:office@transylvaniaairport.ro\">office@transylvaniaairport.ro<\/a><\/p>\n","protected":false},"excerpt":{"rendered":"<p>TOV\u00c1BBI \u00dcZLETI LEHET\u0150S\u00c9GEK \u00c9RDEK\u00c9BEN, K\u00c9RJ\u00dcK L\u00c9PJEN KAPCSOLATBA VEL\u00dcNK: TRANSYLVANIA REP\u00dcL\u0150T\u00c9R Vidr\u00e1tszeg, Marosv\u00e1s\u00e1rhely \u2013 Ludas \u00fat, 14,5 km Maros megye, 547612, Rom\u00e1nia Telefon\u00a0 +40-265-328.259 \/ +40-265-328.258 \/ +40-0265-328.888 Fax +40-265-328.257 Email office@transylvaniaairport.ro<\/p>\n","protected":false},"author":5,"featured_media":0,"parent":0,"menu_order":190,"comment_status":"closed","ping_status":"closed","template":"","meta":{"footnotes":""},"class_list":["post-9226","page","type-page","status-publish","hentry"],"_links":{"self":[{"href":"https:\/\/aeroportultransilvania.ro\/hu\/wp-json\/wp\/v2\/pages\/9226"}],"collection":[{"href":"https:\/\/aeroportultransilvania.ro\/hu\/wp-json\/wp\/v2\/pages"}],"about":[{"href":"https:\/\/aeroportultransilvania.ro\/hu\/wp-json\/wp\/v2\/types\/page"}],"author":[{"embeddable":true,"href":"https:\/\/aeroportultransilvania.ro\/hu\/wp-json\/wp\/v2\/users\/5"}],"replies":[{"embeddable":true,"href":"https:\/\/aeroportultransilvania.ro\/hu\/wp-json\/wp\/v2\/comments?post=9226"}],"version-history":[{"count":3,"href":"https:\/\/aeroportultransilvania.ro\/hu\/wp-json\/wp\/v2\/pages\/9226\/revisions"}],"predecessor-version":[{"id":13022,"href":"https:\/\/aeroportultransilvania.ro\/hu\/wp-json\/wp\/v2\/pages\/9226\/revisions\/13022"}],"wp:attachment":[{"href":"https:\/\/aeroportultransilvania.ro\/hu\/wp-json\/wp\/v2\/media?parent=9226"}],"curies":[{"name":"wp","href":"https:\/\/api.w.org\/{rel}","templated":true}]}}