{"id":9229,"date":"2019-02-15T17:18:42","date_gmt":"2019-02-15T15:18:42","guid":{"rendered":"https:\/\/aeroportultransilvania.ro\/publicitate\/"},"modified":"2021-03-25T11:55:43","modified_gmt":"2021-03-25T09:55:43","slug":"publicitate","status":"publish","type":"page","link":"https:\/\/aeroportultransilvania.ro\/hu\/publicitate\/","title":{"rendered":"Rekl\u00e1m"},"content":{"rendered":"<p><strong>Dogaru Bogdan<\/strong><br \/>\n<strong>K\u00f6z\u00f6ns\u00e9gkapcsolati \u00e9s Marketing Oszt\u00e1ly<\/strong><\/p>\n<p>Tel: +40-0265-328.888<br \/>\nFax: +40-265-328.257<br \/>\nE-mail: <a href=\"mailto:bogdan.dogaru@transylvaniaairport.ro\">bogdan.dogaru@transylvaniaairport.ro<\/a><\/p>\n","protected":false},"excerpt":{"rendered":"<p>Dogaru Bogdan K\u00f6z\u00f6ns\u00e9gkapcsolati \u00e9s Marketing Oszt\u00e1ly Tel: +40-0265-328.888 Fax: +40-265-328.257 E-mail: bogdan.dogaru@transylvaniaairport.ro<\/p>\n","protected":false},"author":5,"featured_media":0,"parent":0,"menu_order":180,"comment_status":"closed","ping_status":"closed","template":"","meta":{"footnotes":""},"class_list":["post-9229","page","type-page","status-publish","hentry"],"_links":{"self":[{"href":"https:\/\/aeroportultransilvania.ro\/hu\/wp-json\/wp\/v2\/pages\/9229"}],"collection":[{"href":"https:\/\/aeroportultransilvania.ro\/hu\/wp-json\/wp\/v2\/pages"}],"about":[{"href":"https:\/\/aeroportultransilvania.ro\/hu\/wp-json\/wp\/v2\/types\/page"}],"author":[{"embeddable":true,"href":"https:\/\/aeroportultransilvania.ro\/hu\/wp-json\/wp\/v2\/users\/5"}],"replies":[{"embeddable":true,"href":"https:\/\/aeroportultransilvania.ro\/hu\/wp-json\/wp\/v2\/comments?post=9229"}],"version-history":[{"count":2,"href":"https:\/\/aeroportultransilvania.ro\/hu\/wp-json\/wp\/v2\/pages\/9229\/revisions"}],"predecessor-version":[{"id":13777,"href":"https:\/\/aeroportultransilvania.ro\/hu\/wp-json\/wp\/v2\/pages\/9229\/revisions\/13777"}],"wp:attachment":[{"href":"https:\/\/aeroportultransilvania.ro\/hu\/wp-json\/wp\/v2\/media?parent=9229"}],"curies":[{"name":"wp","href":"https:\/\/api.w.org\/{rel}","templated":true}]}}