{"id":9257,"date":"2014-05-08T09:38:44","date_gmt":"2014-05-08T07:38:44","guid":{"rendered":"https:\/\/aeroportultransilvania.ro\/servicii-oferite\/"},"modified":"2019-02-18T01:24:30","modified_gmt":"2019-02-17T23:24:30","slug":"servicii-oferite","status":"publish","type":"page","link":"https:\/\/aeroportultransilvania.ro\/hu\/servicii-oferite\/","title":{"rendered":"Szolg\u00e1ltat\u00e1sok"},"content":{"rendered":"<p>Ig\u00e9nybe veheti a szakk\u00e9pzett szem\u00e9lyzet \u00e1ltal k\u00edn\u00e1lt \u00e1tfog\u00f3, nemzetk\u00f6zi norm\u00e1knak megfelel\u0151, rep\u00fcl\u0151t\u00e9ri szolg\u00e1ltat\u00e1sokat mind a hazai, mind a nemzetk\u00f6zi j\u00e1ratok haszn\u00e1latakor:<\/p>\n<p><strong>\u00c1ltal\u00e1nos inform\u00e1ci\u00f3 \u00e9s helyfoglal\u00e1s<\/strong> \u2013 Tel: 0265 328259; Fax: 0265 328257<\/p>\n<p><strong>Rep\u00fcl\u0151t\u00e9ri kiszolg\u00e1l\u00e1si szolg\u00e1ltat\u00e1sok <\/strong>\u2013 Tel \/ Fax: 0265-328 258<\/p>\n<p><strong>V\u00e1mszolg\u00e1ltat\u00e1sok<\/strong> &#8211; Tel: 0265-328 276; Fax: 0265 225830<\/p>\n<p><strong>Hat\u00e1rrend\u00e9szeti szolg\u00e1latok<\/strong> \u2013 Tel \/ Fax: 0265 328255<\/p>\n<p><strong>L\u00e9giforgalmi szolg\u00e1ltat\u00e1sok<\/strong> <strong>(DSNA)<\/strong> \u2013 Tel: 0265 328261<\/p>\n<p><strong>Konferencia \u00e9s VIP szoba<\/strong> \u2013 Tel: 0265 232738, Fax: 0265 263050<\/p>\n<p><strong>Ell\u00e1t\u00e1s\/Catering<\/strong>: Tel \u2013 0265 328 259, Fax: 0265 328257<\/p>\n<p><strong>\u00dczemanyag-felt\u00f6lt\u00e9s<\/strong>: SC EUROSPEED S.R.L. \u2013 Tel: 0747 127651<\/p>\n","protected":false},"excerpt":{"rendered":"<p>Ig\u00e9nybe veheti a szakk\u00e9pzett szem\u00e9lyzet \u00e1ltal k\u00edn\u00e1lt \u00e1tfog\u00f3, nemzetk\u00f6zi norm\u00e1knak megfelel\u0151, rep\u00fcl\u0151t\u00e9ri szolg\u00e1ltat\u00e1sokat mind a hazai, mind a nemzetk\u00f6zi j\u00e1ratok haszn\u00e1latakor: \u00c1ltal\u00e1nos inform\u00e1ci\u00f3 \u00e9s helyfoglal\u00e1s \u2013 Tel: 0265 328259; Fax: 0265 328257 Rep\u00fcl\u0151t\u00e9ri kiszolg\u00e1l\u00e1si szolg\u00e1ltat\u00e1sok \u2013 Tel \/ Fax: 0265-328 258 V\u00e1mszolg\u00e1ltat\u00e1sok &#8211; Tel: 0265-328 276; Fax: 0265 225830 Hat\u00e1rrend\u00e9szeti szolg\u00e1latok \u2013 Tel \/ Fax: [&hellip;]<\/p>\n","protected":false},"author":3,"featured_media":0,"parent":0,"menu_order":0,"comment_status":"closed","ping_status":"closed","template":"","meta":{"footnotes":""},"class_list":["post-9257","page","type-page","status-publish","hentry"],"_links":{"self":[{"href":"https:\/\/aeroportultransilvania.ro\/hu\/wp-json\/wp\/v2\/pages\/9257"}],"collection":[{"href":"https:\/\/aeroportultransilvania.ro\/hu\/wp-json\/wp\/v2\/pages"}],"about":[{"href":"https:\/\/aeroportultransilvania.ro\/hu\/wp-json\/wp\/v2\/types\/page"}],"author":[{"embeddable":true,"href":"https:\/\/aeroportultransilvania.ro\/hu\/wp-json\/wp\/v2\/users\/3"}],"replies":[{"embeddable":true,"href":"https:\/\/aeroportultransilvania.ro\/hu\/wp-json\/wp\/v2\/comments?post=9257"}],"version-history":[{"count":1,"href":"https:\/\/aeroportultransilvania.ro\/hu\/wp-json\/wp\/v2\/pages\/9257\/revisions"}],"predecessor-version":[{"id":9259,"href":"https:\/\/aeroportultransilvania.ro\/hu\/wp-json\/wp\/v2\/pages\/9257\/revisions\/9259"}],"wp:attachment":[{"href":"https:\/\/aeroportultransilvania.ro\/hu\/wp-json\/wp\/v2\/media?parent=9257"}],"curies":[{"name":"wp","href":"https:\/\/api.w.org\/{rel}","templated":true}]}}