{"id":9260,"date":"2014-05-08T09:32:24","date_gmt":"2014-05-08T07:32:24","guid":{"rendered":"https:\/\/aeroportultransilvania.ro\/potential-economic\/"},"modified":"2019-02-18T01:27:15","modified_gmt":"2019-02-17T23:27:15","slug":"potential-economic","status":"publish","type":"page","link":"https:\/\/aeroportultransilvania.ro\/hu\/potential-economic\/","title":{"rendered":"Gazdas\u00e1gi potenci\u00e1l"},"content":{"rendered":"<p style=\"text-align: center;\"><strong>Ez az oldal jelenleg karbantart\u00e1s alatt \u00e1ll, hogy relev\u00e1ns \u00e9s megb\u00edzhat\u00f3 inform\u00e1ci\u00f3kkal tudjunk szolg\u00e1lni a Transylvania Rep\u00fcl\u0151t\u00e9r \u00e9s a r\u00e9gi\u00f3 gazdas\u00e1gi lehet\u0151s\u00e9geir\u0151l.<\/strong><\/p>\n<p><a href=\"https:\/\/aeroportultransilvania.ro\/wp-content\/uploads\/2019\/02\/logo1024-1024.png\"><img loading=\"lazy\" decoding=\"async\" class=\"aligncenter wp-image-8794 size-medium\" src=\"https:\/\/aeroportultransilvania.ro\/wp-content\/uploads\/2019\/02\/logo1024-1024-300x300.png\" alt=\"\" width=\"300\" height=\"300\" srcset=\"https:\/\/aeroportultransilvania.ro\/wp-content\/uploads\/2019\/02\/logo1024-1024-300x300.png 300w, https:\/\/aeroportultransilvania.ro\/wp-content\/uploads\/2019\/02\/logo1024-1024-150x150.png 150w, https:\/\/aeroportultransilvania.ro\/wp-content\/uploads\/2019\/02\/logo1024-1024-768x768.png 768w, https:\/\/aeroportultransilvania.ro\/wp-content\/uploads\/2019\/02\/logo1024-1024.png 1024w\" sizes=\"(max-width: 300px) 100vw, 300px\" \/><\/a><\/p>\n","protected":false},"excerpt":{"rendered":"<p>Ez az oldal jelenleg karbantart\u00e1s alatt \u00e1ll, hogy relev\u00e1ns \u00e9s megb\u00edzhat\u00f3 inform\u00e1ci\u00f3kkal tudjunk szolg\u00e1lni a Transylvania Rep\u00fcl\u0151t\u00e9r \u00e9s a r\u00e9gi\u00f3 gazdas\u00e1gi lehet\u0151s\u00e9geir\u0151l.<\/p>\n","protected":false},"author":3,"featured_media":0,"parent":0,"menu_order":0,"comment_status":"closed","ping_status":"closed","template":"","meta":{"footnotes":""},"class_list":["post-9260","page","type-page","status-publish","hentry"],"_links":{"self":[{"href":"https:\/\/aeroportultransilvania.ro\/hu\/wp-json\/wp\/v2\/pages\/9260"}],"collection":[{"href":"https:\/\/aeroportultransilvania.ro\/hu\/wp-json\/wp\/v2\/pages"}],"about":[{"href":"https:\/\/aeroportultransilvania.ro\/hu\/wp-json\/wp\/v2\/types\/page"}],"author":[{"embeddable":true,"href":"https:\/\/aeroportultransilvania.ro\/hu\/wp-json\/wp\/v2\/users\/3"}],"replies":[{"embeddable":true,"href":"https:\/\/aeroportultransilvania.ro\/hu\/wp-json\/wp\/v2\/comments?post=9260"}],"version-history":[{"count":1,"href":"https:\/\/aeroportultransilvania.ro\/hu\/wp-json\/wp\/v2\/pages\/9260\/revisions"}],"predecessor-version":[{"id":9262,"href":"https:\/\/aeroportultransilvania.ro\/hu\/wp-json\/wp\/v2\/pages\/9260\/revisions\/9262"}],"wp:attachment":[{"href":"https:\/\/aeroportultransilvania.ro\/hu\/wp-json\/wp\/v2\/media?parent=9260"}],"curies":[{"name":"wp","href":"https:\/\/api.w.org\/{rel}","templated":true}]}}