{"id":9270,"date":"2018-12-21T14:54:15","date_gmt":"2018-12-21T12:54:15","guid":{"rendered":"https:\/\/aeroportultransilvania.ro\/transport-in-comun\/"},"modified":"2026-03-18T16:06:55","modified_gmt":"2026-03-18T14:06:55","slug":"transfer","status":"publish","type":"page","link":"https:\/\/aeroportultransilvania.ro\/hu\/transfer\/","title":{"rendered":"Transzfer"},"content":{"rendered":"<div class=\"wpb-content-wrapper\"><p>[vc_row][vc_column][vc_column_text]<\/p>\n<h4><strong>Conectarea Aeroportului \u201eTransilvania \u2013 T\u00e2rgu Mure\u0219\u201d cu centrul ora\u0219ului T\u00e2rgu Mure\u0219 <\/strong><\/h4>\n<p>Stima\u021bi pasageri, avem pl\u0103cerea s\u0103 v\u0103 inform\u0103m faptul c\u0103 \u00eencep\u00e2nd cu 01.07.2023, transferul la \u0219i de la Aeroportul \u201eTransilvania &#8211; T\u00e2rgu Mure\u0219\u201d se poate realiza din centrul ora\u0219ului T\u00e2rgu Mure\u0219 cu operatorul de transport Duda Trans.<\/p>\n<p><strong>Cursa regulat\u0103 va urm\u0103ri programul zborurilor de la aeroport, iar pentru o c\u00e2t mai bun\u0103 localizare de c\u0103tre pasageri, \u00a0sta\u021bia de autobuz amenajat\u0103 cu acest scop se afl\u0103 \u00een centru la intersec\u021bia Pia\u021ba Trandafirilor cu strada Horea.<\/strong><\/p>\n<p><strong>Pentru informa\u021bii suplimentare v\u0103 rug\u0103m s\u0103 apela\u021bi: 0265-977, 0732-445577, 0757-022021<\/strong><\/p>\n<p>Pentru informa\u021bii suplimentare pute\u021bi apela la numerele de telefon: 0265-977, 0732-445577, 0757-022021.[\/vc_column_text][\/vc_column][\/vc_row][vc_row][vc_column][vc_column_text css=&#8221;&#8221;]<object data=\"https:\/\/aeroportultransilvania.ro\/wp-content\/uploads\/2026\/02\/Program-curse-TRANSFER-luna-Februarie-modificare.pdf\" type=\"application\/pdf\" width=\"100%\" height=\"500px\"><\/object>[\/vc_column_text][\/vc_column][\/vc_row][vc_row][vc_column][vc_column_text css=&#8221;&#8221;]<object data=\"https:\/\/aeroportultransilvania.ro\/wp-content\/uploads\/2026\/03\/Program-curse-TRANSFER-H24.pdf\" type=\"application\/pdf\" width=\"100%\" height=\"500px\"><\/object>[\/vc_column_text][\/vc_column][\/vc_row][vc_row][vc_column][vc_separator align=&#8221;align_left&#8221;][\/vc_column][\/vc_row][vc_row][vc_column][vc_column_text]<strong>HARGITA AIRPORT TRANSFER SRL<\/strong><br \/>\nTel: <a href=\"+40755612373\">0755-612.373<\/a>[\/vc_column_text][\/vc_column][\/vc_row]<\/p>\n<\/div>","protected":false},"excerpt":{"rendered":"<p>[vc_row][vc_column][vc_column_text] Conectarea Aeroportului \u201eTransilvania \u2013 T\u00e2rgu Mure\u0219\u201d cu centrul ora\u0219ului T\u00e2rgu Mure\u0219 Stima\u021bi pasageri, avem pl\u0103cerea s\u0103 v\u0103 inform\u0103m faptul c\u0103 \u00eencep\u00e2nd cu 01.07.2023, transferul la \u0219i de la Aeroportul \u201eTransilvania &#8211; T\u00e2rgu Mure\u0219\u201d se poate realiza din centrul ora\u0219ului T\u00e2rgu Mure\u0219 cu operatorul de transport Duda Trans. Cursa regulat\u0103 va urm\u0103ri programul zborurilor de [&hellip;]<\/p>\n","protected":false},"author":3,"featured_media":0,"parent":0,"menu_order":70,"comment_status":"closed","ping_status":"closed","template":"","meta":{"footnotes":""},"class_list":["post-9270","page","type-page","status-publish","hentry"],"_links":{"self":[{"href":"https:\/\/aeroportultransilvania.ro\/hu\/wp-json\/wp\/v2\/pages\/9270"}],"collection":[{"href":"https:\/\/aeroportultransilvania.ro\/hu\/wp-json\/wp\/v2\/pages"}],"about":[{"href":"https:\/\/aeroportultransilvania.ro\/hu\/wp-json\/wp\/v2\/types\/page"}],"author":[{"embeddable":true,"href":"https:\/\/aeroportultransilvania.ro\/hu\/wp-json\/wp\/v2\/users\/3"}],"replies":[{"embeddable":true,"href":"https:\/\/aeroportultransilvania.ro\/hu\/wp-json\/wp\/v2\/comments?post=9270"}],"version-history":[{"count":38,"href":"https:\/\/aeroportultransilvania.ro\/hu\/wp-json\/wp\/v2\/pages\/9270\/revisions"}],"predecessor-version":[{"id":40527,"href":"https:\/\/aeroportultransilvania.ro\/hu\/wp-json\/wp\/v2\/pages\/9270\/revisions\/40527"}],"wp:attachment":[{"href":"https:\/\/aeroportultransilvania.ro\/hu\/wp-json\/wp\/v2\/media?parent=9270"}],"curies":[{"name":"wp","href":"https:\/\/api.w.org\/{rel}","templated":true}]}}