{"id":9296,"date":"2014-05-08T09:42:17","date_gmt":"2014-05-08T07:42:17","guid":{"rendered":"https:\/\/aeroportultransilvania.ro\/asistenta-nevoi-speciale\/"},"modified":"2019-03-21T12:55:59","modified_gmt":"2019-03-21T10:55:59","slug":"asistenta-nevoi-speciale","status":"publish","type":"page","link":"https:\/\/aeroportultransilvania.ro\/hu\/asistenta-nevoi-speciale\/","title":{"rendered":"Speci\u00e1lis ig\u00e9nyek"},"content":{"rendered":"<h4>Speci\u00e1lis ig\u00e9nyekkel val\u00f3 k\u00f6zleked\u00e9s az utaz\u00e1s el\u0151tt<\/h4>\n<p>A kellemes utaz\u00e1s \u00e9rdek\u00e9ben, k\u00e9rj\u00fck k\u00e9rjen seg\u00edts\u00e9get a jegy fogal\u00e1sakor. \u00a0A besz\u00e1ll\u00e1s\u00e9rt felel\u0151s \u00fcgyint\u00e9z\u0151t id\u0151ben t\u00e1j\u00e9koztatni fogj\u00e1k a sz\u00fcks\u00e9ges seg\u00edts\u00e9g t\u00edpus\u00e1r\u00f3l, \u00e9s szakk\u00e9pzett szem\u00e9ly fogja \u00d6nt seg\u00edteni.<\/p>\n<h4>Parkol\u00e1s<\/h4>\n<p>A rep\u00fcl\u0151t\u00e9ri nyilv\u00e1nos parkol\u00f3, cs\u00f6kkent mozg\u00e1sk\u00e9pess\u00e9g\u0171 emberek sz\u00e1m\u00e1ra tervezett helyekkel \u00e1ll rendelkez\u00e9sre.<\/p>\n<h4>A termin\u00e1l<\/h4>\n<p>A termin\u00e1l ajt\u00f3i automatikusak.<\/p>\n<p>A kerekes sz\u00e9kekben val\u00f3 haszn\u00e1latra tervezett WC-k a nemzetk\u00f6zi indul\u00e1si termin\u00e1lon, a nyilv\u00e1nos z\u00f3n\u00e1ban \u00e9s a nemzetk\u00f6zi \u00e9rkez\u00e9si termin\u00e1lon tal\u00e1lhat\u00f3k.<\/p>\n<h4>Szolg\u00e1ltat\u00e1sok<\/h4>\n<ul>\n<li>K\u00eds\u00e9ret a cs\u00f6kkent mozg\u00e1sk\u00e9pess\u00e9g\u0171 utasok sz\u00e1m\u00e1ra a rep\u00fcl\u0151t\u00e9rre val\u00f3 meg\u00e9rkez\u00e9s pillant\u00e1t\u00f3l, az inform\u00e1ci\u00f3s pultig, a check-in pultig \u00e9s m\u00e1s helyekre<\/li>\n<li>Sz\u00fcks\u00e9g eset\u00e9n \u00e1thelyezni a cs\u00f6kkent mozg\u00e1sk\u00e9pess\u00e9g\u0171 utast a saj\u00e1t kerekes sz\u00e9k\u00e9b\u0151l a rep\u00fcl\u0151t\u00e9r sz\u00e9k\u00e9be \u00e9s elvinni a saj\u00e1tj\u00e1t a poggy\u00e1sztart\u00f3hoz<\/li>\n<li>A csomagok regisztr\u00e1l\u00e1sa \u00e9s \u00e1tad\u00e1sa<\/li>\n<li>A check-in pultt\u00f3l eg\u00e9szen a rep\u00fcl\u0151ig val\u00f3 eljut\u00e1s, \u00e9s a v\u00e1m- \u00e9s biztons\u00e1gi ellen\u0151rz\u00e9s, illetve a hat\u00e1r\u00e1tl\u00e9p\u00e9s\u00e9re vonatkoz\u00f3 jogi elj\u00e1r\u00e1sok lebonyol\u00edt\u00e1sa<\/li>\n<li>Seg\u00edts\u00e9g a besz\u00e1ll\u00e1s sor\u00e1n<\/li>\n<li>K\u00eds\u00e9ret a rep\u00fcl\u0151g\u00e9p ajtaj\u00e1t\u00f3l a kijel\u00f6lt helyekig<\/li>\n<li>A poggy\u00e1sz t\u00e1rol\u00e1sa \u00e9s megkeres\u00e9se a rep\u00fcl\u0151n<\/li>\n<li>A rep\u00fcl\u0151g\u00e9p ajtaj\u00e1hoz val\u00f3 eljut\u00e1s<\/li>\n<li>A rep\u00fcl\u0151g\u00e9p fed\u00e9lzet\u00e9nek elhagy\u00e1sa<\/li>\n<li>K\u00eds\u00e9ret a rep\u00fcl\u0151t\u0151l a poggy\u00e1szfelv\u00e9teli helyig<\/li>\n<li>A hat\u00e1r\u00e1tkel\u00e9sekre \u00e9s v\u00e1m\u00fcgyekre vonatkoz\u00f3 jogi elj\u00e1r\u00e1sok teljes\u00edt\u00e9se<\/li>\n<li>K\u00eds\u00e9ret a poggy\u00e1sz\u00e1tv\u00e9teli helyt\u0151l a kijel\u00f6lt helyekig<\/li>\n<li>Seg\u00edts\u00e9g az \u00f6sszek\u00f6t\u0151 j\u00e1ratokhoz val\u00f3 hozz\u00e1f\u00e9r\u00e9sben<\/li>\n<li>A WC-hez val\u00f3 hozz\u00e1f\u00e9r\u00e9s biztos\u00edt\u00e1sa<\/li>\n<li>A cs\u00f6kkent mozg\u00e1sk\u00e9pess\u00e9g\u0171 szem\u00e9lyeket k\u00eds\u00e9r\u0151 egy\u00e9n k\u00e9r\u00e9sre t\u00f6rt\u00e9n\u0151 seg\u00edts\u00e9g a besz\u00e1ll\u00e1sban a kisz\u00e1ll\u00e1sban, a hat\u00e1lyos rep\u00fcl\u0151t\u00e9ri biztons\u00e1gi el\u0151\u00edr\u00e1soknak megfelel\u0151en.<\/li>\n<\/ul>\n<h4>Min\u0151s\u00e9gbiztos\u00edt\u00e1si szolg\u00e1ltat\u00e1sok a cs\u00f6kkent mozg\u00e1sk\u00e9pess\u00e9g\u0171 utasok sz\u00e1m\u00e1ra<\/h4>\n<h4>V\u00c1RAKOZ\u00c1SI ID\u0150SZAK A CS\u00d6KKENT MOZG\u00c1SK\u00c9PESS\u00c9G\u0170 UTASOK SEG\u00cdTS\u00c9GNY\u00daJT\u00c1S\u00c1RA<\/h4>\n<p>Az 1107\/2006 \/ EK rendelet 9. cikk\u00e9vel \u00f6sszhangban &#8211; az eg\u00e9szs\u00e9ggel kapcsolatos szabv\u00e1nyok \u00e9s az ECAC DOC 30 J mell\u00e9klet &#8211; A helyes magatart\u00e1si k\u00f3dex<\/p>\n<p>A cs\u00f6kkent mozg\u00e1sk\u00e9pess\u00e9g\u0171 szem\u00e9lyek kezel\u00e9se sor\u00e1n az SAPMR a k\u00f6vetkez\u0151 szolg\u00e1ltat\u00e1smin\u0151s\u00e9gi szabv\u00e1nyokat \u00e1llap\u00edtotta meg:<\/p>\n<h4>A SZOLG\u00c1LTAT\u00c1S EL\u00c9RHET\u0150S\u00c9GE AZ INDUL\u00c1SN\u00c1L &#8211; 48 \u00d3R\u00c1VAL EL\u0150RE BEJELENTETT SITA \u00dcZENETEK VAGY M\u00c1S KOMMUNIK\u00c1CI\u00d3S FORM\u00c1K R\u00c9V\u00c9N.<\/h4>\n<ul>\n<li>El\u00e9rhet\u0151s\u00e9g 80% &lt;5 perc v\u00e1rakoz\u00e1s<\/li>\n<li>El\u00e9rhet\u0151s\u00e9g 90% &lt;10 perc v\u00e1rakoz\u00e1s<\/li>\n<li>El\u00e9rhet\u0151s\u00e9g 100% &lt;15 perc v\u00e1rakoz\u00e1s<\/li>\n<\/ul>\n<h4>A SZOLG\u00c1LTAT\u00c1S EL\u00c9RHET\u0150S\u00c9GE AZ INDUL\u00c1SN\u00c1L &#8211; \u00a0EL\u0150RE BE NEM JELENTETT (A CS\u00d6KKENTET MOZG\u00c1SK\u00c9PESS\u00c9G\u0170 UTAS K\u00d6ZVETLEN JELENTKEZ\u00c9SE A DEDIK\u00c1LT PULTN\u00c1L VAGY A PARKOL\u00d3 INTERCOMJ\u00c1N)<\/h4>\n<ul>\n<li>El\u00e9rhet\u0151s\u00e9g 80% &lt;10 perc v\u00e1rakoz\u00e1s<\/li>\n<li>El\u00e9rhet\u0151s\u00e9g 90% &lt;15 perc v\u00e1rakoz\u00e1s<\/li>\n<li>El\u00e9rhet\u0151s\u00e9g 100% &lt;20 perc v\u00e1rakoz\u00e1s<\/li>\n<\/ul>\n<h4>A SZOLG\u00c1LTAT\u00c1S EL\u00c9RHET\u0150S\u00c9GE AZ \u00c9RKEZ\u00c9SN\u00c9L \u2013 SITA-N VAGY EGY\u00c9B KOMMUNIK\u00c1CI\u00d3S ESZK\u00d6Z\u00d6N KERESZT\u00dcL BEJELENTETT A REP\u00dcL\u0150G\u00c9P LESZ\u00c1LL\u00c1SA EL\u0150TT<\/h4>\n<ul>\n<li>El\u00e9rhet\u0151s\u00e9g 80% &lt;5 perc v\u00e1rakoz\u00e1s a rep\u00fcl\u0151g\u00e9p parkol\u00e1si helyzet\u00e9be ker\u00fcl\u00e9se ut\u00e1n<\/li>\n<li>El\u00e9rhet\u0151s\u00e9g 90% &lt;10 perc v\u00e1rakoz\u00e1s a rep\u00fcl\u0151g\u00e9p parkol\u00e1si helyzet\u00e9be ker\u00fcl\u00e9se ut\u00e1n<\/li>\n<li>El\u00e9rhet\u0151s\u00e9g 100% &lt;15 perc v\u00e1rakoz\u00e1s a rep\u00fcl\u0151g\u00e9p parkol\u00e1si helyzet\u00e9be ker\u00fcl\u00e9se ut\u00e1n<\/li>\n<\/ul>\n<h4>A SZOLG\u00c1LTAT\u00c1S EL\u00c9RHET\u0150S\u00c9GE AZ INDUL\u00c1SN\u00c1L \u2013 BE NEM JELENTETT A REP\u00dcL\u0150G\u00c9P LESZ\u00c1LL\u00c1SA EL\u0150TT<\/h4>\n<ul>\n<li>El\u00e9rhet\u0151s\u00e9g 80% 10 perc v\u00e1rakoz\u00e1s a rep\u00fcl\u0151g\u00e9p parkol\u00e1si helyzet\u00e9be ker\u00fcl\u00e9se ut\u00e1n<\/li>\n<li>El\u00e9rhet\u0151s\u00e9g 90% &lt;15 perc v\u00e1rakoz\u00e1s a rep\u00fcl\u0151g\u00e9p parkol\u00e1si helyzet\u00e9be ker\u00fcl\u00e9se ut\u00e1n<\/li>\n<li>El\u00e9rhet\u0151s\u00e9g 100% &lt;20 perc v\u00e1rakoz\u00e1s a rep\u00fcl\u0151g\u00e9p parkol\u00e1si helyzet\u00e9be ker\u00fcl\u00e9se ut\u00e1n<\/li>\n<\/ul>\n","protected":false},"excerpt":{"rendered":"<p>Speci\u00e1lis ig\u00e9nyekkel val\u00f3 k\u00f6zleked\u00e9s az utaz\u00e1s el\u0151tt A kellemes utaz\u00e1s \u00e9rdek\u00e9ben, k\u00e9rj\u00fck k\u00e9rjen seg\u00edts\u00e9get a jegy fogal\u00e1sakor. \u00a0A besz\u00e1ll\u00e1s\u00e9rt felel\u0151s \u00fcgyint\u00e9z\u0151t id\u0151ben t\u00e1j\u00e9koztatni fogj\u00e1k a sz\u00fcks\u00e9ges seg\u00edts\u00e9g t\u00edpus\u00e1r\u00f3l, \u00e9s szakk\u00e9pzett szem\u00e9ly fogja \u00d6nt seg\u00edteni. Parkol\u00e1s A rep\u00fcl\u0151t\u00e9ri nyilv\u00e1nos parkol\u00f3, cs\u00f6kkent mozg\u00e1sk\u00e9pess\u00e9g\u0171 emberek sz\u00e1m\u00e1ra tervezett helyekkel \u00e1ll rendelkez\u00e9sre. A termin\u00e1l A termin\u00e1l ajt\u00f3i automatikusak. A kerekes [&hellip;]<\/p>\n","protected":false},"author":3,"featured_media":0,"parent":0,"menu_order":80,"comment_status":"closed","ping_status":"closed","template":"","meta":{"footnotes":""},"class_list":["post-9296","page","type-page","status-publish","hentry"],"_links":{"self":[{"href":"https:\/\/aeroportultransilvania.ro\/hu\/wp-json\/wp\/v2\/pages\/9296"}],"collection":[{"href":"https:\/\/aeroportultransilvania.ro\/hu\/wp-json\/wp\/v2\/pages"}],"about":[{"href":"https:\/\/aeroportultransilvania.ro\/hu\/wp-json\/wp\/v2\/types\/page"}],"author":[{"embeddable":true,"href":"https:\/\/aeroportultransilvania.ro\/hu\/wp-json\/wp\/v2\/users\/3"}],"replies":[{"embeddable":true,"href":"https:\/\/aeroportultransilvania.ro\/hu\/wp-json\/wp\/v2\/comments?post=9296"}],"version-history":[{"count":8,"href":"https:\/\/aeroportultransilvania.ro\/hu\/wp-json\/wp\/v2\/pages\/9296\/revisions"}],"predecessor-version":[{"id":10580,"href":"https:\/\/aeroportultransilvania.ro\/hu\/wp-json\/wp\/v2\/pages\/9296\/revisions\/10580"}],"wp:attachment":[{"href":"https:\/\/aeroportultransilvania.ro\/hu\/wp-json\/wp\/v2\/media?parent=9296"}],"curies":[{"name":"wp","href":"https:\/\/api.w.org\/{rel}","templated":true}]}}