{"id":9303,"date":"2014-05-08T09:31:51","date_gmt":"2014-05-08T07:31:51","guid":{"rendered":"https:\/\/aeroportultransilvania.ro\/informatii-pasageri\/"},"modified":"2021-04-28T10:58:40","modified_gmt":"2021-04-28T07:58:40","slug":"informatii-pasageri","status":"publish","type":"page","link":"https:\/\/aeroportultransilvania.ro\/hu\/informatii-pasageri\/","title":{"rendered":"Hasznos inform\u00e1ci\u00f3k"},"content":{"rendered":"<p><strong>\u00c1llatok sz\u00e1ll\u00edt\u00e1sa<\/strong><\/p>\n<p>A jegy foglal\u00e1sakor k\u00e9rj\u00fck, jelezze, hogy utazni szeretne a h\u00e1zi kedvenc\u00e9vel. A l\u00e9git\u00e1rsas\u00e1g t\u00e1j\u00e9koztatni fogja \u00d6nt a sz\u00fcks\u00e9ges felt\u00e9telekr\u0151l \u00e9s form\u00e1lis k\u00f6vetelm\u00e9nyekr\u0151l (dokumentumok, d\u00edjak stb.).<\/p>\n<p><strong>Utaz\u00e1s gyerekekkel:<\/strong><\/p>\n<p>Nagyon fiatal gyerekekkel utazik? A Marosv\u00e1s\u00e1rhelyi Transylvania Rep\u00fcl\u0151t\u00e9ren van egy anya \u00e9s gyermekszoba a nemzetk\u00f6zi indul\u00e1si termin\u00e1lon bel\u00fcl. A helyis\u00e9g haszn\u00e1lhat\u00f3 a bab\u00e1k \u00e1pol\u00e1s\u00e1ra \u00e9s pelenk\u00e1k cser\u00e9l\u00e9s\u00e9re. Ez a szolg\u00e1ltat\u00e1s ingyenes.<\/p>\n<p>Ezt a szolg\u00e1ltat\u00e1st k\u00e9rheti a rep\u00fcl\u0151t\u00e9ri inform\u00e1ci\u00f3s irod\u00e1n\u00e1l vagy az utaz\u00e1si formas\u00e1gok\u00e9rt felel\u0151s \u00fcgyn\u00f6k\u00f6k\u00f6n kereszt\u00fcl.<\/p>\n<p>Sok \u00e1llam korl\u00e1tozza a k\u00fclf\u00f6ldre utaz\u00f3 kiskor\u00faakat, ha nem a sz\u00fcl\u0151kkel vagy t\u00f6rv\u00e9nyes gondvisel\u0151kkel egy\u00fctt utaznak, illetve ha sz\u00fclei vagy gondvisel\u0151i nem adt\u00e1k beleegyez\u00e9s\u00fcket.<br \/>\nRom\u00e1ni\u00e1ban az alkalmazand\u00f3 jogszab\u00e1ly a rom\u00e1n \u00e1llampolg\u00e1rok k\u00fclf\u00f6ld\u00f6n t\u00f6rt\u00e9n\u0151 szabad mozg\u00e1s\u00e1r\u00f3l sz\u00f3l\u00f3 2005-b\u0151l val\u00f3 248-as t\u00f6rv\u00e9ny alkalmazand\u00f3.<\/p>\n<p>A k\u00fclf\u00f6ldi kiskor\u00faak utaz\u00e1si felt\u00e9teleir\u0151l tov\u00e1bbi inform\u00e1ci\u00f3t a Rom\u00e1n Hat\u00e1r\u0151rs\u00e9g F\u0151fel\u00fcgyel\u0151s\u00e9g\u00e9t\u0151l tudhat meg a:<br \/>\n<strong>www.politiadefrontiera.ro<\/strong> a \u201eSz\u00e1ll\u00edt\u00e1si Felt\u00e9telek\u201d vagy a Marosv\u00e1s\u00e1rhelyi Transylvania Rep\u00fcl\u0151t\u00e9r Hat\u00e1r\u0151rs\u00e9g\u00e9t\u0151l.<\/p>\n<p><strong>Telefonsz\u00e1m:<\/strong> +40-265-328.255<\/p>\n<p><strong>Eg\u00e9szs\u00e9g\u00fcgy<\/strong><\/p>\n<p>Az eg\u00e9szs\u00e9g\u00fcgyi \u00e9s s\u00fcrg\u0151ss\u00e9gi eg\u00e9szs\u00e9g\u00fcgyi szakemberek azonnal reag\u00e1lnak minden seg\u00e9lyh\u00edv\u00e1sra. V\u00e9szhelyzet eset\u00e9n \u00e9rtes\u00edtse a rep\u00fcl\u0151t\u00e9r szem\u00e9lyzet\u00e9t. Az orvosi rendel\u0151 a nyilv\u00e1nos z\u00f3n\u00e1ban tal\u00e1lhat\u00f3.<\/p>\n<p><strong>Folyad\u00e9kok<\/strong><\/p>\n<p><a href=\"https:\/\/aeroportultransilvania.ro\/wp-content\/uploads\/2019\/02\/prepare-liquids-for-security-control.pdf\">K\u00e9sz\u00edtse el\u0151 a folyad\u00e9kokat a biztons\u00e1gi ellen\u0151rz\u00e9sre<\/a><\/p>\n<p><strong>Doh\u00e1nyosok<\/strong><\/p>\n<p>A Transylvania rep\u00fcl\u0151t\u00e9r egy doh\u00e1nyz\u00e1smentes rep\u00fcl\u0151t\u00e9r, amely \u00f6sszhangban \u00e1ll a Rom\u00e1n t\u00f6rv\u00e9nyekkel a z\u00e1rt nyilv\u00e1nos helyis\u00e9gekben val\u00f3 doh\u00e1nyz\u00e1sr\u00f3l. A doh\u00e1nyz\u00e1s csak a termin\u00e1l \u00e9p\u00fclet\u00e9n k\u00edv\u00fcl es\u0151 kijel\u00f6lt helyeken enged\u00e9lyezett. Az utasok <strong>nem<\/strong> haszn\u00e1lhatj\u00e1k az elektronikus cigarett\u00e1kat az \u00e9p\u00fcleten bel\u00fcl. K\u00e9rj\u00fck, tartsa tiszteletben a jeleket, ellenkez\u0151 esetben a jogs\u00e9rt\u0151k elviselik a t\u00f6rv\u00e9ny szigor\u00fa b\u00fcntet\u00e9seit.<\/p>\n<p><strong>Poggy\u00e1sz<\/strong><\/p>\n<p>K\u00e9rj\u00fck ellen\u0151rizze, hogy a csomgat\u00e9rb\u0151l \u00e9rkez\u0151 poggy\u00e1sz \u00d6nh\u00f6z tartozik-e. Minden probl\u00e9ma \u00e9s poggy\u00e1szprobl\u00e9ma eset\u00e9n forduljon a l\u00e9git\u00e1rsas\u00e1ghoz, amellyel utazott, valamint a Marosv\u00e1s\u00e1rhelyi Transylvania Rep\u00fcl\u0151t\u00e9ren lev\u0151 Sz\u00e1ll\u00edt\u00e1si Rend\u0151rs\u00e9ghez. Ha a poggy\u00e1sz s\u00e9r\u00fclt, k\u00e9sett, elveszett vagy megsemmis\u00fclt, az utasnak a lehet\u0151 leghamarabb kell \u00edrnia \u00e9s panaszt kell tennie a l\u00e9gi fuvaroz\u00f3n\u00e1l. A k\u00e9zipoggy\u00e1sz k\u00e1rosod\u00e1sa eset\u00e9n az utasnak h\u00e9t napon bel\u00fcl, k\u00e9sedelem eset\u00e9n 21 napon bel\u00fcl meg kell \u00edrnia \u00e9s panaszt kell tennie; mindk\u00e9t esetben a vonatkoz\u00f3 d\u00e1tum az a nap, amikor a csomagot az utas rendelkez\u00e9s\u00e9re bocs\u00e1tott\u00e1k.<\/p>\n<p><strong>Filmez\u00e9s \u00e9s fot\u00f3z\u00e1s<\/strong><\/p>\n<p>A rep\u00fcl\u0151t\u00e9r nyilv\u00e1nos helyis\u00e9geiben megengedett a filmez\u00e9s \u00e9s k\u00e9pek k\u00e9sz\u00edth\u00e9se, m\u00edg a biztons\u00e1gi ter\u00fcleteken el\u0151zetes enged\u00e9lyt kell k\u00e9rnie a rep\u00fcl\u0151t\u00e9r adminisztr\u00e1ci\u00f3j\u00e1t\u00f3l.<\/p>\n<p><strong>Inform\u00e1ci\u00f3s pult \u00e9s k\u00f6zlem\u00e9nyek<\/strong><\/p>\n<p>A k\u00f6zter\u00fcleten tal\u00e1lhat\u00f3 inform\u00e1ci\u00f3s pult a menetrend szerinti j\u00e1ratokr\u00f3l, a rep\u00fcl\u0151t\u00e9ri szolg\u00e1ltat\u00e1sokr\u00f3l \u00e9s m\u00e1s inform\u00e1ci\u00f3kat szolg\u00e1ltat. K\u00e9rj\u00fck, vegy\u00e9k figyelembe a bejelent\u00e9seket, mivel mind rom\u00e1n, mind angol nyelven elhangzanak.<\/p>\n<p><strong>Telefon\/Fax:<\/strong> +40-265-328.259<\/p>\n<p><strong>Inform\u00e1ci\u00f3s monitorok<\/strong><\/p>\n<p>A check-in z\u00f3n\u00e1ban \u00e9s a nemzetk\u00f6zi indul\u00e1si termin\u00e1lon a monitorok hasznos \u00e9s val\u00f3s idej\u0171 inform\u00e1ci\u00f3kat ny\u00fajtanak a j\u00e1ratr\u00f3l: j\u00e1ratsz\u00e1m, rendeltet\u00e9si hely, indul\u00e1s \/ \u00e9rkez\u00e9s id\u0151pontja, a j\u00e1ratot \u00fczemeltet\u0151 t\u00e1rsas\u00e1g, a j\u00e1rat \u00e1llapot\u00e1t.<\/p>\n<p><strong>HAT\u00c1RELLEN\u0150RZ\u00c9S<\/strong><\/p>\n<p><strong>Hat\u00e1rrend\u0151rs\u00e9g Marosv\u00e1s\u00e1rhelyi Transylvania Rep\u00fcl\u0151t\u00e9r <\/strong><\/p>\n<p><strong>Telefon\/Fax:<\/strong> +40-265-328.255<\/p>\n<p>Inform\u00e1ci\u00f3 az utaz\u00e1si felt\u00e9telekr\u0151l:<br \/>\n<strong>Web: <\/strong>www.politiadefrontiera.ro<br \/>\n<strong>Web: <\/strong>www.mae.ro<\/p>\n<p><strong>V\u00c1MKONTROLL<\/strong><\/p>\n<p>Marosv\u00e1s\u00e1rhelyi Rep\u00fcl\u0151t\u00e9ri v\u00e1mhivatal<br \/>\n<strong>Telefon\/Fax:<\/strong> +40-265-328.276<\/p>\n<p>Inform\u00e1ci\u00f3 az utaz\u00e1si felt\u00e9telekr\u0151l:<br \/>\n<strong>Web: <\/strong>www.customs.ro<\/p>\n<p><strong>L\u00c9GSZ\u00c1LL\u00cdT\u00c1SI REND\u0150RS\u00c9G<\/strong><br \/>\n<strong>Telefon\/Fax:<\/strong> +40-265-328.383<\/p>\n","protected":false},"excerpt":{"rendered":"<p>\u00c1llatok sz\u00e1ll\u00edt\u00e1sa A jegy foglal\u00e1sakor k\u00e9rj\u00fck, jelezze, hogy utazni szeretne a h\u00e1zi kedvenc\u00e9vel. A l\u00e9git\u00e1rsas\u00e1g t\u00e1j\u00e9koztatni fogja \u00d6nt a sz\u00fcks\u00e9ges felt\u00e9telekr\u0151l \u00e9s form\u00e1lis k\u00f6vetelm\u00e9nyekr\u0151l (dokumentumok, d\u00edjak stb.). Utaz\u00e1s gyerekekkel: Nagyon fiatal gyerekekkel utazik? A Marosv\u00e1s\u00e1rhelyi Transylvania Rep\u00fcl\u0151t\u00e9ren van egy anya \u00e9s gyermekszoba a nemzetk\u00f6zi indul\u00e1si termin\u00e1lon bel\u00fcl. A helyis\u00e9g haszn\u00e1lhat\u00f3 a bab\u00e1k \u00e1pol\u00e1s\u00e1ra \u00e9s pelenk\u00e1k [&hellip;]<\/p>\n","protected":false},"author":3,"featured_media":0,"parent":0,"menu_order":100,"comment_status":"closed","ping_status":"closed","template":"","meta":{"footnotes":""},"class_list":["post-9303","page","type-page","status-publish","hentry"],"_links":{"self":[{"href":"https:\/\/aeroportultransilvania.ro\/hu\/wp-json\/wp\/v2\/pages\/9303"}],"collection":[{"href":"https:\/\/aeroportultransilvania.ro\/hu\/wp-json\/wp\/v2\/pages"}],"about":[{"href":"https:\/\/aeroportultransilvania.ro\/hu\/wp-json\/wp\/v2\/types\/page"}],"author":[{"embeddable":true,"href":"https:\/\/aeroportultransilvania.ro\/hu\/wp-json\/wp\/v2\/users\/3"}],"replies":[{"embeddable":true,"href":"https:\/\/aeroportultransilvania.ro\/hu\/wp-json\/wp\/v2\/comments?post=9303"}],"version-history":[{"count":3,"href":"https:\/\/aeroportultransilvania.ro\/hu\/wp-json\/wp\/v2\/pages\/9303\/revisions"}],"predecessor-version":[{"id":13920,"href":"https:\/\/aeroportultransilvania.ro\/hu\/wp-json\/wp\/v2\/pages\/9303\/revisions\/13920"}],"wp:attachment":[{"href":"https:\/\/aeroportultransilvania.ro\/hu\/wp-json\/wp\/v2\/media?parent=9303"}],"curies":[{"name":"wp","href":"https:\/\/api.w.org\/{rel}","templated":true}]}}