{"id":9399,"date":"2014-05-08T09:33:53","date_gmt":"2014-05-08T07:33:53","guid":{"rendered":"https:\/\/aeroportultransilvania.ro\/datele-de-contact\/"},"modified":"2021-10-27T17:21:46","modified_gmt":"2021-10-27T14:21:46","slug":"datele-de-contact","status":"publish","type":"page","link":"https:\/\/aeroportultransilvania.ro\/hu\/datele-de-contact\/","title":{"rendered":"\u00c1ltal\u00e1nos kapcsolattart\u00e1s"},"content":{"rendered":"<div class=\"wpb-content-wrapper\"><p>[vc_row][vc_column][vc_column_text]<\/p>\n<h4><strong>El\u00e9rhet\u0151s\u00e9gek<\/strong><\/h4>\n<p><strong>MAROSV\u00c1S\u00c1RHELYI TRANSYLVANIA REP\u00dcL\u0150T\u00c9R<\/strong><br \/>\nVidr\u00e1tszeg, Marosv\u00e1s\u00e1rhely \u2013 Ludas \u00fat, 14,5 km<br \/>\nMaros megye, 547612, Rom\u00e1nia<\/p>\n<p><strong>HANDLING<\/strong><br \/>\n<strong>Telefon:<\/strong> 0265-328.258<br \/>\n<strong>Email:<\/strong> <a href=\"mailto:handling@transylvaniaairport.ro\">handling@transylvaniaairport.ro<\/a><\/p>\n<p><strong>INFORMATII AEROPORT<\/strong><br \/>\n<strong>Telefon: <\/strong>+40-265-328.259 \/ +40 758-222.537<br \/>\n<strong>Email: <\/strong><a href=\"mailto:informations@transylvaniaairport.ro\">informations@transylvaniaairport.ro<\/a><\/p>\n<p><strong>SECRETARIAT AEROPORT<\/strong><br \/>\n<strong>Telefon<\/strong>: +40-265-328.888<br \/>\n<strong>Fax<\/strong>: +40-265-328.257<br \/>\n<strong>Email<\/strong>: <a href=\"mailto:office@transylvaniaairport.ro\">office@transylvaniaairport.ro<\/a><\/p>\n<p><strong>SECURITATE AEROPORTUARA<\/strong><br \/>\n<strong>Telefon<\/strong>: 0265-232.738[\/vc_column_text][\/vc_column][\/vc_row][vc_row css=&#8221;.vc_custom_1413577130864{margin-top: -30px !important;}&#8221;][vc_column][vc_column_text]<\/p>\n<h4><strong>Kapcsolati \u0171rlap<\/strong><\/h4>\n<p>[\/vc_column_text]\n<div class=\"wpcf7 no-js\" id=\"wpcf7-f9557-o1\" lang=\"en-US\" dir=\"ltr\">\n<div class=\"screen-reader-response\"><p role=\"status\" aria-live=\"polite\" aria-atomic=\"true\"><\/p> <ul><\/ul><\/div>\n<form action=\"\/hu\/wp-json\/wp\/v2\/pages\/9399#wpcf7-f9557-o1\" method=\"post\" class=\"wpcf7-form init\" aria-label=\"Contact form\" novalidate=\"novalidate\" data-status=\"init\">\n<div style=\"display: none;\">\n<input type=\"hidden\" name=\"_wpcf7\" value=\"9557\" \/>\n<input type=\"hidden\" name=\"_wpcf7_version\" value=\"5.9.8\" \/>\n<input type=\"hidden\" name=\"_wpcf7_locale\" value=\"en_US\" \/>\n<input type=\"hidden\" name=\"_wpcf7_unit_tag\" value=\"wpcf7-f9557-o1\" \/>\n<input type=\"hidden\" name=\"_wpcf7_container_post\" value=\"0\" \/>\n<input type=\"hidden\" name=\"_wpcf7_posted_data_hash\" value=\"\" \/>\n<input type=\"hidden\" name=\"_wpcf7cf_hidden_group_fields\" value=\"[]\" \/>\n<input type=\"hidden\" name=\"_wpcf7cf_hidden_groups\" value=\"[]\" \/>\n<input type=\"hidden\" name=\"_wpcf7cf_visible_groups\" value=\"[]\" \/>\n<input type=\"hidden\" name=\"_wpcf7cf_repeaters\" value=\"[]\" \/>\n<input type=\"hidden\" name=\"_wpcf7cf_steps\" value=\"{}\" \/>\n<input type=\"hidden\" name=\"_wpcf7cf_options\" value=\"{&quot;form_id&quot;:9557,&quot;conditions&quot;:[],&quot;settings&quot;:{&quot;animation&quot;:&quot;yes&quot;,&quot;animation_intime&quot;:200,&quot;animation_outtime&quot;:200,&quot;conditions_ui&quot;:&quot;normal&quot;,&quot;notice_dismissed&quot;:true,&quot;notice_dismissed_update-cf7-5.5.3&quot;:true}}\" \/>\n<\/div>\n<p>N\u00e9v \u00e9s Vezet\u00e9kn\u00e9v\n<\/p>\n<p><span class=\"wpcf7-form-control-wrap\" data-name=\"your-name\"><input size=\"40\" maxlength=\"400\" class=\"wpcf7-form-control wpcf7-text wpcf7-validates-as-required\" aria-required=\"true\" aria-invalid=\"false\" value=\"\" type=\"text\" name=\"your-name\" \/><\/span>\n<\/p>\n<p>Telefon\n<\/p>\n<p><span class=\"wpcf7-form-control-wrap\" data-name=\"tel-554\"><input size=\"40\" maxlength=\"400\" class=\"wpcf7-form-control wpcf7-tel wpcf7-validates-as-required wpcf7-text wpcf7-validates-as-tel\" aria-required=\"true\" aria-invalid=\"false\" value=\"\" type=\"tel\" name=\"tel-554\" \/><\/span>\n<\/p>\n<p>Email c\u00edm\n<\/p>\n<p><span class=\"wpcf7-form-control-wrap\" data-name=\"your-email\"><input size=\"40\" maxlength=\"400\" class=\"wpcf7-form-control wpcf7-email wpcf7-validates-as-required wpcf7-text wpcf7-validates-as-email\" aria-required=\"true\" aria-invalid=\"false\" value=\"\" type=\"email\" name=\"your-email\" \/><\/span>\n<\/p>\n<p>T\u00e9ma\n<\/p>\n<p><span class=\"wpcf7-form-control-wrap\" data-name=\"your-subject\"><input size=\"40\" maxlength=\"400\" class=\"wpcf7-form-control wpcf7-text wpcf7-validates-as-required\" aria-required=\"true\" aria-invalid=\"false\" value=\"\" type=\"text\" name=\"your-subject\" \/><\/span>\n<\/p>\n<p>\u00dczenet\n<\/p>\n<p><span class=\"wpcf7-form-control-wrap\" data-name=\"your-message\"><textarea cols=\"40\" rows=\"10\" maxlength=\"2000\" class=\"wpcf7-form-control wpcf7-textarea wpcf7-validates-as-required\" aria-required=\"true\" aria-invalid=\"false\" name=\"your-message\"><\/textarea><\/span>\n<\/p>\n<p><input class=\"wpcf7-form-control wpcf7-submit has-spinner\" type=\"submit\" value=\"K\u00fcld\" \/>\n<\/p><div class=\"wpcf7-response-output\" aria-hidden=\"true\"><\/div>\n<\/form>\n<\/div>\n[vc_column_text]<\/p>\n<h4><strong>T\u00e9rk\u00e9pen<\/strong><\/h4>\n<p>[\/vc_column_text][vc_gmaps link=&#8221;#E-8_JTNDaWZyYW1lJTIwc3JjJTNEJTIyaHR0cHMlM0ElMkYlMkZ3d3cuZ29vZ2xlLmNvbSUyRm1hcHMlMkZlbWJlZCUzRnBiJTNEJTIxMW0xNCUyMTFtOCUyMTFtMyUyMTFkMjc0Ny45OTk2NDU3MjI3ODM1JTIxMmQyNC40MTk4NDc5OTk5OTk5OTglMjEzZDQ2LjQ2ODUxNSUyMTNtMiUyMTFpMTAyNCUyMTJpNzY4JTIxNGYxMy4xJTIxM20zJTIxMW0yJTIxMXMweDQ3NGJjNzI0OWU5YjY5NTclMjUzQTB4OTkyNTkyNTM3NTIxYTM0YSUyMTJzVCUyNUMzJTI1QTJyZ3UlMkJNdXJlJTI1QzglMjU5OSUyQlRyYW5zaWx2YW5pYSUyQkFpcnBvcnQlMjE1ZTAlMjEzbTIlMjExc2VuJTIxMnMlMjE0djE0MDAwOTY3MzM4NDIlMjIlMjB3aWR0aCUzRCUyMjYwMCUyMiUyMGhlaWdodCUzRCUyMjQ1MCUyMiUyMGZyYW1lYm9yZGVyJTNEJTIyMCUyMiUyMHN0eWxlJTNEJTIyYm9yZGVyJTNBMCUyMiUzRSUzQyUyRmlmcmFtZSUzRQ==&#8221;][\/vc_column][\/vc_row]<\/p>\n<\/div>","protected":false},"excerpt":{"rendered":"<p>[vc_row][vc_column][vc_column_text] El\u00e9rhet\u0151s\u00e9gek MAROSV\u00c1S\u00c1RHELYI TRANSYLVANIA REP\u00dcL\u0150T\u00c9R Vidr\u00e1tszeg, Marosv\u00e1s\u00e1rhely \u2013 Ludas \u00fat, 14,5 km Maros megye, 547612, Rom\u00e1nia HANDLING Telefon: 0265-328.258 Email: handling@transylvaniaairport.ro INFORMATII AEROPORT Telefon: +40-265-328.259 \/ +40 758-222.537 Email: informations@transylvaniaairport.ro SECRETARIAT AEROPORT Telefon: +40-265-328.888 Fax: +40-265-328.257 Email: office@transylvaniaairport.ro SECURITATE AEROPORTUARA Telefon: 0265-232.738[\/vc_column_text][\/vc_column][\/vc_row][vc_row css=&#8221;.vc_custom_1413577130864{margin-top: -30px !important;}&#8221;][vc_column][vc_column_text] Kapcsolati \u0171rlap [\/vc_column_text][vc_column_text] T\u00e9rk\u00e9pen [\/vc_column_text][vc_gmaps link=&#8221;#E-8_JTNDaWZyYW1lJTIwc3JjJTNEJTIyaHR0cHMlM0ElMkYlMkZ3d3cuZ29vZ2xlLmNvbSUyRm1hcHMlMkZlbWJlZCUzRnBiJTNEJTIxMW0xNCUyMTFtOCUyMTFtMyUyMTFkMjc0Ny45OTk2NDU3MjI3ODM1JTIxMmQyNC40MTk4NDc5OTk5OTk5OTglMjEzZDQ2LjQ2ODUxNSUyMTNtMiUyMTFpMTAyNCUyMTJpNzY4JTIxNGYxMy4xJTIxM20zJTIxMW0yJTIxMXMweDQ3NGJjNzI0OWU5YjY5NTclMjUzQTB4OTkyNTkyNTM3NTIxYTM0YSUyMTJzVCUyNUMzJTI1QTJyZ3UlMkJNdXJlJTI1QzglMjU5OSUyQlRyYW5zaWx2YW5pYSUyQkFpcnBvcnQlMjE1ZTAlMjEzbTIlMjExc2VuJTIxMnMlMjE0djE0MDAwOTY3MzM4NDIlMjIlMjB3aWR0aCUzRCUyMjYwMCUyMiUyMGhlaWdodCUzRCUyMjQ1MCUyMiUyMGZyYW1lYm9yZGVyJTNEJTIyMCUyMiUyMHN0eWxlJTNEJTIyYm9yZGVyJTNBMCUyMiUzRSUzQyUyRmlmcmFtZSUzRQ==&#8221;][\/vc_column][\/vc_row]<\/p>\n","protected":false},"author":3,"featured_media":0,"parent":0,"menu_order":370,"comment_status":"closed","ping_status":"closed","template":"","meta":{"footnotes":""},"class_list":["post-9399","page","type-page","status-publish","hentry"],"_links":{"self":[{"href":"https:\/\/aeroportultransilvania.ro\/hu\/wp-json\/wp\/v2\/pages\/9399"}],"collection":[{"href":"https:\/\/aeroportultransilvania.ro\/hu\/wp-json\/wp\/v2\/pages"}],"about":[{"href":"https:\/\/aeroportultransilvania.ro\/hu\/wp-json\/wp\/v2\/types\/page"}],"author":[{"embeddable":true,"href":"https:\/\/aeroportultransilvania.ro\/hu\/wp-json\/wp\/v2\/users\/3"}],"replies":[{"embeddable":true,"href":"https:\/\/aeroportultransilvania.ro\/hu\/wp-json\/wp\/v2\/comments?post=9399"}],"version-history":[{"count":15,"href":"https:\/\/aeroportultransilvania.ro\/hu\/wp-json\/wp\/v2\/pages\/9399\/revisions"}],"predecessor-version":[{"id":14849,"href":"https:\/\/aeroportultransilvania.ro\/hu\/wp-json\/wp\/v2\/pages\/9399\/revisions\/14849"}],"wp:attachment":[{"href":"https:\/\/aeroportultransilvania.ro\/hu\/wp-json\/wp\/v2\/media?parent=9399"}],"curies":[{"name":"wp","href":"https:\/\/api.w.org\/{rel}","templated":true}]}}