{"id":9401,"date":"2019-02-16T12:31:48","date_gmt":"2019-02-16T10:31:48","guid":{"rendered":"https:\/\/aeroportultransilvania.ro\/programul-de-functionare\/"},"modified":"2019-03-05T14:10:07","modified_gmt":"2019-03-05T12:10:07","slug":"programul-de-functionare","status":"publish","type":"page","link":"https:\/\/aeroportultransilvania.ro\/hu\/programul-de-functionare\/","title":{"rendered":"Nyitvatart\u00e1si id\u0151"},"content":{"rendered":"<h4><strong>Transylvania Rep\u00fcl\u0151t\u00e9r nyitvatart\u00e1si programja:<\/strong><\/h4>\n<p>H\u00e9tf\u0151 00.00 \u2013 20.00<br \/>\nKedd 08.00 \u2013 20.00<br \/>\nSzerda 08.00 \u2013 20.00<br \/>\nCs\u00fct\u00f6rt\u00f6k 08.00 \u2013 24.00<br \/>\nP\u00e9ntek 00.00 \u2013 20.00<br \/>\nSzombat 08.00 \u2013 20.00<br \/>\nVas\u00e1rnap 08.00 \u2013 24.00<\/p>\n<h4><strong>A rep\u00fcl\u0151t\u00e9r adminisztr\u00e1ci\u00f3j\u00e1nak programja:<\/strong><\/h4>\n<p>H\u00e9tf\u0151-P\u00e9ntek: 08:00 \u2013 16:00<\/p>\n","protected":false},"excerpt":{"rendered":"<p>Transylvania Rep\u00fcl\u0151t\u00e9r nyitvatart\u00e1si programja: H\u00e9tf\u0151 00.00 \u2013 20.00 Kedd 08.00 \u2013 20.00 Szerda 08.00 \u2013 20.00 Cs\u00fct\u00f6rt\u00f6k 08.00 \u2013 24.00 P\u00e9ntek 00.00 \u2013 20.00 Szombat 08.00 \u2013 20.00 Vas\u00e1rnap 08.00 \u2013 24.00 A rep\u00fcl\u0151t\u00e9r adminisztr\u00e1ci\u00f3j\u00e1nak programja: H\u00e9tf\u0151-P\u00e9ntek: 08:00 \u2013 16:00<\/p>\n","protected":false},"author":5,"featured_media":0,"parent":0,"menu_order":390,"comment_status":"closed","ping_status":"closed","template":"","meta":{"footnotes":""},"class_list":["post-9401","page","type-page","status-publish","hentry"],"_links":{"self":[{"href":"https:\/\/aeroportultransilvania.ro\/hu\/wp-json\/wp\/v2\/pages\/9401"}],"collection":[{"href":"https:\/\/aeroportultransilvania.ro\/hu\/wp-json\/wp\/v2\/pages"}],"about":[{"href":"https:\/\/aeroportultransilvania.ro\/hu\/wp-json\/wp\/v2\/types\/page"}],"author":[{"embeddable":true,"href":"https:\/\/aeroportultransilvania.ro\/hu\/wp-json\/wp\/v2\/users\/5"}],"replies":[{"embeddable":true,"href":"https:\/\/aeroportultransilvania.ro\/hu\/wp-json\/wp\/v2\/comments?post=9401"}],"version-history":[{"count":3,"href":"https:\/\/aeroportultransilvania.ro\/hu\/wp-json\/wp\/v2\/pages\/9401\/revisions"}],"predecessor-version":[{"id":10404,"href":"https:\/\/aeroportultransilvania.ro\/hu\/wp-json\/wp\/v2\/pages\/9401\/revisions\/10404"}],"wp:attachment":[{"href":"https:\/\/aeroportultransilvania.ro\/hu\/wp-json\/wp\/v2\/media?parent=9401"}],"curies":[{"name":"wp","href":"https:\/\/api.w.org\/{rel}","templated":true}]}}