{"id":9402,"date":"2019-02-16T12:35:05","date_gmt":"2019-02-16T10:35:05","guid":{"rendered":"https:\/\/aeroportultransilvania.ro\/program-de-audiente\/"},"modified":"2024-09-16T16:09:23","modified_gmt":"2024-09-16T13:09:23","slug":"program-de-audiente","status":"publish","type":"page","link":"https:\/\/aeroportultransilvania.ro\/hu\/program-de-audiente\/","title":{"rendered":"K\u00f6z\u00f6ns\u00e9gprogram"},"content":{"rendered":"<h4>Peti Andr\u00e1s \u2013 Az Igazgat\u00f3s\u00e1g eln\u00f6ke:<\/h4>\n<p>Kedd : \u00a0 15:00 \u2013 16:00<\/p>\n<p>16:00 \u2013 17:00<\/p>\n<h4>Hogyan lehet regisztr\u00e1lni a k\u00f6z\u00f6ns\u00e9g sz\u00e1m\u00e1ra:<\/h4>\n<p>K\u00e9rj\u00fck k\u00fcldj\u00f6n egy emailt a: <a href=\"mailto:office@transylvaniaairport.ro\">office@transylvaniaairport.ro<\/a> \u2013ra mely tartalmazza a k\u00f6vezkez\u0151ket:<\/p>\n<ol>\n<li>Keresztn\u00e9v \u00e9s Vezet\u00e9kn\u00e9v<\/li>\n<li>Email c\u00edm<\/li>\n<li>Telefonsz\u00e1m<\/li>\n<li>A szem\u00e9ly neve akivel besz\u00e9lni szeretne<\/li>\n<li>T\u00e9mak\u00f6r<\/li>\n<\/ol>\n","protected":false},"excerpt":{"rendered":"<p>Peti Andr\u00e1s \u2013 Az Igazgat\u00f3s\u00e1g eln\u00f6ke: Kedd : \u00a0 15:00 \u2013 16:00 16:00 \u2013 17:00 Hogyan lehet regisztr\u00e1lni a k\u00f6z\u00f6ns\u00e9g sz\u00e1m\u00e1ra: K\u00e9rj\u00fck k\u00fcldj\u00f6n egy emailt a: office@transylvaniaairport.ro \u2013ra mely tartalmazza a k\u00f6vezkez\u0151ket: Keresztn\u00e9v \u00e9s Vezet\u00e9kn\u00e9v Email c\u00edm Telefonsz\u00e1m A szem\u00e9ly neve akivel besz\u00e9lni szeretne T\u00e9mak\u00f6r<\/p>\n","protected":false},"author":5,"featured_media":0,"parent":0,"menu_order":400,"comment_status":"closed","ping_status":"closed","template":"","meta":{"footnotes":""},"class_list":["post-9402","page","type-page","status-publish","hentry"],"_links":{"self":[{"href":"https:\/\/aeroportultransilvania.ro\/hu\/wp-json\/wp\/v2\/pages\/9402"}],"collection":[{"href":"https:\/\/aeroportultransilvania.ro\/hu\/wp-json\/wp\/v2\/pages"}],"about":[{"href":"https:\/\/aeroportultransilvania.ro\/hu\/wp-json\/wp\/v2\/types\/page"}],"author":[{"embeddable":true,"href":"https:\/\/aeroportultransilvania.ro\/hu\/wp-json\/wp\/v2\/users\/5"}],"replies":[{"embeddable":true,"href":"https:\/\/aeroportultransilvania.ro\/hu\/wp-json\/wp\/v2\/comments?post=9402"}],"version-history":[{"count":2,"href":"https:\/\/aeroportultransilvania.ro\/hu\/wp-json\/wp\/v2\/pages\/9402\/revisions"}],"predecessor-version":[{"id":36811,"href":"https:\/\/aeroportultransilvania.ro\/hu\/wp-json\/wp\/v2\/pages\/9402\/revisions\/36811"}],"wp:attachment":[{"href":"https:\/\/aeroportultransilvania.ro\/hu\/wp-json\/wp\/v2\/media?parent=9402"}],"curies":[{"name":"wp","href":"https:\/\/api.w.org\/{rel}","templated":true}]}}