{"id":9907,"date":"2014-05-12T17:51:40","date_gmt":"2014-05-12T15:51:40","guid":{"rendered":"https:\/\/aeroportultransilvania.ro\/raportari-anuale-ca\/"},"modified":"2024-06-04T09:48:04","modified_gmt":"2024-06-04T06:48:04","slug":"raportari-anuale-ca","status":"publish","type":"page","link":"https:\/\/aeroportultransilvania.ro\/hu\/raportari-anuale-ca\/","title":{"rendered":"Az Igazgat\u00f3s\u00e1g \u00e9ves jelent\u00e9sei"},"content":{"rendered":"<div class=\"wpb-content-wrapper\"><p>[vc_row][vc_column][vc_tta_accordion][vc_tta_section title=&#8221;2023&#8243; tab_id=&#8221;1717483638503-05be1ec5-1d8e&#8221;][vc_column_text]<a href=\"https:\/\/aeroportultransilvania.ro\/wp-content\/uploads\/2024\/06\/Bilant-2023.pdf\">Bilant 2023<\/a><br \/>\n<a href=\"https:\/\/aeroportultransilvania.ro\/wp-content\/uploads\/2024\/06\/Raportul-administratorilor-2023.pdf\">Raportul administratorilor 2023<\/a><br \/>\n<a href=\"https:\/\/aeroportultransilvania.ro\/wp-content\/uploads\/2024\/06\/Raportul-auditorului-independent-2023.pdf\">Raportul auditorului independent 2023<\/a>[\/vc_column_text][\/vc_tta_section][vc_tta_section title=&#8221;2022&#8243; tab_id=&#8221;1717483666746-1fcc037c-bea7&#8243;][vc_column_text]<a href=\"https:\/\/aeroportultransilvania.ro\/wp-content\/uploads\/2023\/06\/Raportul-administratorilor-trimestrial-la-31-12-2022.pdf\">Raportul administratorilor trimestrial la 31 12 2022<\/a><br \/>\n<a href=\"https:\/\/aeroportultransilvania.ro\/wp-content\/uploads\/2023\/06\/Raportul-auditorului-independent-2022.pdf\">Raportul auditorului independent 2022<\/a><br \/>\n<a href=\"https:\/\/aeroportultransilvania.ro\/wp-content\/uploads\/2023\/06\/Bilant-2022.pdf\">Bilant 2022<\/a>[\/vc_column_text][\/vc_tta_section][vc_tta_section title=&#8221;2021&#8243; tab_id=&#8221;1652182367984-d1d64a44-6789&#8243;][vc_column_text]<a href=\"https:\/\/aeroportultransilvania.ro\/wp-content\/uploads\/2022\/05\/Bilant-2021.pdf\">Bilant 2021<\/a><br \/>\n<a href=\"https:\/\/aeroportultransilvania.ro\/wp-content\/uploads\/2022\/05\/Raportul-administratorilor-la-bilant-31-12-2021.pdf\">Raportul administratorilor la bilant 31 12 2021<\/a><br \/>\n<a href=\"https:\/\/aeroportultransilvania.ro\/wp-content\/uploads\/2022\/05\/Raportul-auditorului-independent-alb-negru.pdf\">Raportul auditorului<\/a>[\/vc_column_text][\/vc_tta_section][vc_tta_section title=&#8221;2020&#8243; tab_id=&#8221;1621860857912-e7e88715-1bc8&#8243;][vc_column_text]<a href=\"https:\/\/aeroportultransilvania.ro\/wp-content\/uploads\/2021\/05\/Raportul-administratorilor-la-31-12-2020.pdf\" target=\"_blank\" rel=\"noopener noreferrer\">Raportul administratorilor<\/a><br \/>\n<a href=\"https:\/\/aeroportultransilvania.ro\/wp-content\/uploads\/2021\/05\/Bilant-2020.pdf\" target=\"_blank\" rel=\"noopener noreferrer\">Bilant 2020<\/a><br \/>\n<a href=\"https:\/\/aeroportultransilvania.ro\/wp-content\/uploads\/2021\/05\/Raportul-auditorului-independent-2020.pdf\" target=\"_blank\" rel=\"noopener noreferrer\">Raportul auditorului independent<\/a>[\/vc_column_text][\/vc_tta_section][vc_tta_section title=&#8221;2019&#8243; tab_id=&#8221;1550671296038-3791f367-c37b&#8221;][vc_column_text]<a href=\"https:\/\/aeroportultransilvania.ro\/wp-content\/uploads\/2020\/09\/Bilant-2019.pdf\">Bilant 2019<\/a><br \/>\n<a href=\"https:\/\/aeroportultransilvania.ro\/wp-content\/uploads\/2020\/09\/Raportul-administratorilor.pdf\">Raportul administratorilor<\/a><br \/>\n<a href=\"https:\/\/aeroportultransilvania.ro\/wp-content\/uploads\/2020\/09\/Raportul-auditorului-independent.pdf\">Raportul auditorului independent<\/a>[\/vc_column_text][\/vc_tta_section][vc_tta_section title=&#8221;2018&#8243; tab_id=&#8221;1598993322845-7965a76c-d482&#8243;][vc_column_text]<a href=\"https:\/\/aeroportultransilvania.ro\/wp-content\/uploads\/2018\/06\/Raportul-anual-al-administratorilor.pdf\">Raportul anual al administratorilor la R.A. Aeroportul Transilvania TTrgu Mures cu privire la Bilantul incheiat la data de 31.12.2017<\/a><br \/>\n<a href=\"https:\/\/aeroportultransilvania.ro\/wp-content\/uploads\/2018\/06\/Anexa-hot-17-Raportul-anual-de-activitate.pdf\">Consiliul de Administratie &#8211; Raport de activitate pentru perioada 01.01 &#8211; 31.12.2017<\/a><br \/>\n<a href=\"https:\/\/aeroportultransilvania.ro\/wp-content\/uploads\/2020\/03\/Bilant-2018.pdf\" target=\"_blank\" rel=\"noopener noreferrer\">Bilant 2018<\/a><br \/>\n<a href=\"https:\/\/aeroportultransilvania.ro\/wp-content\/uploads\/2020\/03\/Raportul-auditorului-situatii-fin-la-31-12-2018.pdf\" target=\"_blank\" rel=\"noopener noreferrer\">Raportul auditorului situatii fin la 31 12 2018<\/a>[\/vc_column_text][\/vc_tta_section][vc_tta_section title=&#8221;2017&#8243; tab_id=&#8221;1550671296068-0437d046-8423&#8243;][vc_column_text]<\/p>\n<ul>\n<li><a href=\"https:\/\/aeroportultransilvania.ro\/wp-content\/uploads\/2014\/05\/Raportul-administratorilor-la-bilant-Anexa-la-Hot-17-din-2017.pdf\">RAPORTUL ADMINISTRATORILOR<\/a><\/li>\n<li><a href=\"https:\/\/aeroportultransilvania.ro\/wp-content\/uploads\/2014\/05\/Declaratii-Anexa-la-hot-17-din-2017.pdf\">Declaratii Anexa la hot 17 din 2017<\/a><\/li>\n<li><a href=\"https:\/\/aeroportultransilvania.ro\/wp-content\/uploads\/2014\/05\/Raportul-auditorului-la-30-05-2017.pdf\">Raportul auditorului la 30 05 2017<\/a><\/li>\n<li><a href=\"https:\/\/aeroportultransilvania.ro\/wp-content\/uploads\/2014\/05\/Raportul-anual-al-administratorilor-cu-privire-la-bilantul-31-12-2016.pdf\">Raportul anual al administratorilor cu privire la bilantul 31 12 2016<\/a><\/li>\n<li><a href=\"https:\/\/aeroportultransilvania.ro\/wp-content\/uploads\/2014\/05\/Bilant-2016.pdf\">Bilant 2016<\/a><\/li>\n<li><a href=\"https:\/\/aeroportultransilvania.ro\/wp-content\/uploads\/2014\/05\/Anexe-la-bilant.pdf\">Anexe la bilant<\/a><\/li>\n<li><a href=\"https:\/\/aeroportultransilvania.ro\/wp-content\/uploads\/2014\/05\/Declaratia-in-conf-cu-prevederile-L-contabilitatii.pdf\">Declaratia in conf cu prevederile L contabilitatii<\/a><\/li>\n<li><a href=\"https:\/\/aeroportultransilvania.ro\/wp-content\/uploads\/2014\/05\/Declaratia-de-conformitate.pdf\">Declaratia de conformitate<\/a><\/li>\n<\/ul>\n<p>[\/vc_column_text][\/vc_tta_section][vc_tta_section title=&#8221;2016&#8243; tab_id=&#8221;1550671339327-a292139f-0de0&#8243;][vc_column_text]<a href=\"https:\/\/aeroportultransilvania.ro\/wp-content\/uploads\/2014\/05\/Bilant-2016-Anexa-Hot-17-din-2017.pdf\">BILANT 2016<\/a><br \/>\n<a href=\"https:\/\/aeroportultransilvania.ro\/wp-content\/uploads\/2020\/09\/Raportul-adm-la-bilant-Anexa-la-Hot-17-din-2017.pdf\">Raportul adm la bilant<\/a><br \/>\n<a href=\"https:\/\/aeroportultransilvania.ro\/wp-content\/uploads\/2020\/09\/Raportul-auditorului-2016.pdf\">Raportul-auditorului 2016<\/a>[\/vc_column_text][\/vc_tta_section][vc_tta_section title=&#8221;2015&#8243; tab_id=&#8221;1550671416820-c46d3627-f1e6&#8243;][vc_column_text]<\/p>\n<ul>\n<li><a href=\"https:\/\/aeroportultransilvania.ro\/wp-content\/uploads\/2014\/05\/BILANT-2015.pdf\">BILANT 2015<\/a><\/li>\n<li><a href=\"https:\/\/aeroportultransilvania.ro\/wp-content\/uploads\/2014\/05\/RAPORTUL-ADMINISTRATORILOR.pdf\">RAPORTUL ADMINISTRATORILOR<\/a><\/li>\n<li><a href=\"https:\/\/aeroportultransilvania.ro\/wp-content\/uploads\/2014\/05\/RAPORTUL-AUDITORULUI-INDEPENDENT.pdf\">RAPORTUL AUDITORULUI INDEPENDENT<\/a><\/li>\n<\/ul>\n<p>[\/vc_column_text][\/vc_tta_section][vc_tta_section title=&#8221;2014&#8243; tab_id=&#8221;1550671441775-2162747b-bacc&#8221;][vc_column_text]<\/p>\n<ul>\n<li><a href=\"https:\/\/aeroportultransilvania.ro\/wp-content\/uploads\/2014\/05\/bilant-semestru-2014.pdf\">Bilant semestru 2014<\/a><\/li>\n<li><a href=\"https:\/\/aeroportultransilvania.ro\/wp-content\/uploads\/2014\/05\/situatie-financiara-anuala-2014.pdf\">Situatie financiara anuala 2014<\/a><\/li>\n<\/ul>\n<p>[\/vc_column_text][\/vc_tta_section][vc_tta_section title=&#8221;2013&#8243; tab_id=&#8221;1550671466558-a2ab3c79-b495&#8243;][vc_column_text]<\/p>\n<ul>\n<li><a href=\"https:\/\/aeroportultransilvania.ro\/wp-content\/uploads\/2014\/05\/bilant-2013.pdf\">Bilant 2013<\/a><\/li>\n<li><a href=\"https:\/\/aeroportultransilvania.ro\/wp-content\/uploads\/2014\/05\/raport-audit-2013.pdf\">Raport audit 2013<\/a><\/li>\n<\/ul>\n<p>[\/vc_column_text][\/vc_tta_section][vc_tta_section title=&#8221;2012&#8243; tab_id=&#8221;1550673678353-cbf39dfd-5460&#8243;][vc_column_text]<\/p>\n<ul>\n<li><a href=\"https:\/\/aeroportultransilvania.ro\/wp-content\/uploads\/2014\/05\/bilant-31-12-2012.rar\">Bilant la 31.12.2012<\/a><\/li>\n<li><a href=\"https:\/\/aeroportultransilvania.ro\/wp-content\/uploads\/2014\/05\/Publicatie-raport-adm-2012.pdf\">Publicatie raport adm-2012<\/a><\/li>\n<\/ul>\n<p>[\/vc_column_text][\/vc_tta_section][\/vc_tta_accordion][\/vc_column][\/vc_row]<\/p>\n<\/div>","protected":false},"excerpt":{"rendered":"<p>[vc_row][vc_column][vc_tta_accordion][vc_tta_section title=&#8221;2023&#8243; tab_id=&#8221;1717483638503-05be1ec5-1d8e&#8221;][vc_column_text]Bilant 2023 Raportul administratorilor 2023 Raportul auditorului independent 2023[\/vc_column_text][\/vc_tta_section][vc_tta_section title=&#8221;2022&#8243; tab_id=&#8221;1717483666746-1fcc037c-bea7&#8243;][vc_column_text]Raportul administratorilor trimestrial la 31 12 2022 Raportul auditorului independent 2022 Bilant 2022[\/vc_column_text][\/vc_tta_section][vc_tta_section title=&#8221;2021&#8243; tab_id=&#8221;1652182367984-d1d64a44-6789&#8243;][vc_column_text]Bilant 2021 Raportul administratorilor la bilant 31 12 2021 Raportul auditorului[\/vc_column_text][\/vc_tta_section][vc_tta_section title=&#8221;2020&#8243; tab_id=&#8221;1621860857912-e7e88715-1bc8&#8243;][vc_column_text]Raportul administratorilor Bilant 2020 Raportul auditorului independent[\/vc_column_text][\/vc_tta_section][vc_tta_section title=&#8221;2019&#8243; tab_id=&#8221;1550671296038-3791f367-c37b&#8221;][vc_column_text]Bilant 2019 Raportul administratorilor Raportul auditorului independent[\/vc_column_text][\/vc_tta_section][vc_tta_section title=&#8221;2018&#8243; tab_id=&#8221;1598993322845-7965a76c-d482&#8243;][vc_column_text]Raportul [&hellip;]<\/p>\n","protected":false},"author":3,"featured_media":0,"parent":0,"menu_order":360,"comment_status":"closed","ping_status":"closed","template":"","meta":{"footnotes":""},"class_list":["post-9907","page","type-page","status-publish","hentry"],"_links":{"self":[{"href":"https:\/\/aeroportultransilvania.ro\/hu\/wp-json\/wp\/v2\/pages\/9907"}],"collection":[{"href":"https:\/\/aeroportultransilvania.ro\/hu\/wp-json\/wp\/v2\/pages"}],"about":[{"href":"https:\/\/aeroportultransilvania.ro\/hu\/wp-json\/wp\/v2\/types\/page"}],"author":[{"embeddable":true,"href":"https:\/\/aeroportultransilvania.ro\/hu\/wp-json\/wp\/v2\/users\/3"}],"replies":[{"embeddable":true,"href":"https:\/\/aeroportultransilvania.ro\/hu\/wp-json\/wp\/v2\/comments?post=9907"}],"version-history":[{"count":10,"href":"https:\/\/aeroportultransilvania.ro\/hu\/wp-json\/wp\/v2\/pages\/9907\/revisions"}],"predecessor-version":[{"id":35100,"href":"https:\/\/aeroportultransilvania.ro\/hu\/wp-json\/wp\/v2\/pages\/9907\/revisions\/35100"}],"wp:attachment":[{"href":"https:\/\/aeroportultransilvania.ro\/hu\/wp-json\/wp\/v2\/media?parent=9907"}],"curies":[{"name":"wp","href":"https:\/\/api.w.org\/{rel}","templated":true}]}}